{"id":31021,"date":"2026-01-09T14:45:55","date_gmt":"2026-01-09T14:45:55","guid":{"rendered":"https:\/\/topprixsarl.ch\/product\/papier-dessuyage-industriel-2-plis-blanc-2-bobines\/"},"modified":"2026-04-11T01:25:38","modified_gmt":"2026-04-11T01:25:38","slug":"papier-dessuyage-industriel-2-plis-blanc-2-bobines","status":"publish","type":"product","link":"https:\/\/topprixsarl.ch\/de\/product\/papier-dessuyage-industriel-2-plis-blanc-2-bobines\/","title":{"rendered":"Papier d&rsquo;essuyage industriel- 2 plis- blanc- 2 bobines"},"content":{"rendered":"<p>Une offre digne d&rsquo;attention<\/p>\n<p>Manquez-vous de rouleaux industriels? Avez-vous besoin d&rsquo;un remplacement rapide et efficace? Pr\u00e9f\u00e9rez-vous un approvisionnement de qualit\u00e9 \u00e0 un approvisionnement irr\u00e9gulier et de courte dur\u00e9e? C\u2019est parfaitement compr\u00e9hensible. Une grande installation ne craint pas les changements et cherche toujours \u00e0 essayer de nouvelles fournitures pour trouver la meilleure!<\/p>\n<p>Jetez un coup d&rsquo;\u0153il \u00e0 ces rouleaux industriels et choisissez-les pour votre activit\u00e9. Ils sauront gagner votre c\u0153ur, celui de vos employ\u00e9s ou de vos visiteurs en un rien de temps!<\/p>\n<p>+ Paquet compact contenant deux rouleaux de 250 m chacun.<br \/> + Bonne affaire et parfaite fa\u00e7on de se familiariser avec la nouvelle offre.<br \/> + Fabriqu\u00e9 \u00e0 partir de fibres \u00e9cologiques vierges \u00e0 100 % (certifi\u00e9es par l&rsquo;\u00e9colabel europ\u00e9en).<br \/> + Chaque feuille est tr\u00e8s r\u00e9sistante et absorbante.<br \/> + Id\u00e9al pour nettoyer des salet\u00e9s courantes, comme une boisson renvers\u00e9e, des taches, la peau ou des t\u00e2ches industrielles plus complexes- essuyer des d\u00e9tails huil\u00e9s, les pr\u00e9server, etc.<br \/> + Ne se d\u00e9chire pas, ne se d\u00e9trempe pas et ne laisse pas de traces.<br \/> + Manipulations rapides et efficaces et environnement sain- le tout en un seul produit.<\/p>\n<p>Faites la diff\u00e9rence et le bon choix!<\/p>","protected":false},"excerpt":{"rendered":"<p>Une offre digne d&rsquo;attention Manquez-vous de rouleaux industriels? Avez-vous besoin d&rsquo;un remplacement rapide et efficace? Pr\u00e9f\u00e9rez-vous un approvisionnement de qualit\u00e9 \u00e0 un approvisionnement irr\u00e9gulier et de courte dur\u00e9e? C\u2019est parfaitement compr\u00e9hens<\/p>","protected":false},"featured_media":31020,"comment_status":"open","ping_status":"closed","template":"","meta":[],"product_brand":[],"product_cat":[143],"product_tag":[],"class_list":{"0":"post-31021","1":"product","2":"type-product","3":"status-publish","4":"has-post-thumbnail","6":"product_cat-nettoyage","8":"first","9":"instock","10":"shipping-taxable","11":"purchasable","12":"product-type-simple"},"_links":{"self":[{"href":"https:\/\/topprixsarl.ch\/de\/wp-json\/wp\/v2\/product\/31021","targetHints":{"allow":["GET"]}}],"collection":[{"href":"https:\/\/topprixsarl.ch\/de\/wp-json\/wp\/v2\/product"}],"about":[{"href":"https:\/\/topprixsarl.ch\/de\/wp-json\/wp\/v2\/types\/product"}],"replies":[{"embeddable":true,"href":"https:\/\/topprixsarl.ch\/de\/wp-json\/wp\/v2\/comments?post=31021"}],"version-history":[{"count":3,"href":"https:\/\/topprixsarl.ch\/de\/wp-json\/wp\/v2\/product\/31021\/revisions"}],"predecessor-version":[{"id":33271,"href":"https:\/\/topprixsarl.ch\/de\/wp-json\/wp\/v2\/product\/31021\/revisions\/33271"}],"wp:featuredmedia":[{"embeddable":true,"href":"https:\/\/topprixsarl.ch\/de\/wp-json\/wp\/v2\/media\/31020"}],"wp:attachment":[{"href":"https:\/\/topprixsarl.ch\/de\/wp-json\/wp\/v2\/media?parent=31021"}],"wp:term":[{"taxonomy":"product_brand","embeddable":true,"href":"https:\/\/topprixsarl.ch\/de\/wp-json\/wp\/v2\/product_brand?post=31021"},{"taxonomy":"product_cat","embeddable":true,"href":"https:\/\/topprixsarl.ch\/de\/wp-json\/wp\/v2\/product_cat?post=31021"},{"taxonomy":"product_tag","embeddable":true,"href":"https:\/\/topprixsarl.ch\/de\/wp-json\/wp\/v2\/product_tag?post=31021"}],"curies":[{"name":"wp","href":"https:\/\/api.w.org\/{rel}","templated":true}]}}