{"id":31019,"date":"2026-01-09T14:45:41","date_gmt":"2026-01-09T14:45:41","guid":{"rendered":"https:\/\/topprixsarl.ch\/product\/mouchoir-en-papier-boite-distributrice-rectangulaire-de-100\/"},"modified":"2026-01-14T14:19:21","modified_gmt":"2026-01-14T14:19:21","slug":"mouchoir-en-papier-boite-distributrice-rectangulaire-de-100","status":"publish","type":"product","link":"https:\/\/topprixsarl.ch\/de\/product\/mouchoir-en-papier-boite-distributrice-rectangulaire-de-100\/","title":{"rendered":"Mouchoir en papier- bo\u00eete distributrice rectangulaire de 100"},"content":{"rendered":"<p>Bo\u00eete de mouchoirs en papier pour les situations d\u00e9sagr\u00e9ables<\/p>\n<p>L&rsquo;hygi\u00e8ne et la propret\u00e9 rendent notre vie confortable et saine. Presque tous les \u00e9tablissements ont tendance \u00e0 dire qu&rsquo;ils se soucient de leurs invit\u00e9s et employ\u00e9s. C\u2019est le moment de le montrer. <\/p>\n<p>Avec cette bo\u00eete de mouchoirs en papier, toute installation peut rendre l&rsquo;ambiance plus confortable et amicale pour quiconque. <\/p>\n<p>+ Format de la bo\u00eete : 23 x 4.5 x 11.5 cm<br \/> + Pratique, contenant 100 mouchoirs<br \/> + Parfaite pour la cuisine ou la r\u00e9ception, sur les tables de d\u00e9jeuner ou les comptoirs <\/p>\n<p>Ainsi, chaque fois qu&rsquo;il y a ne serait-ce qu&rsquo;un petit inconv\u00e9nient- une boisson renvers\u00e9e, des miettes de nourriture, des mains sales- les gens auront tout ce qu&rsquo;il faut pour nettoyer les d\u00e9g\u00e2ts sans se sentir mal \u00e0 l&rsquo;aise ou demander maladroitement de l&rsquo;aide. <\/p>\n<p>+ Fabriqu\u00e9s en fibres vierges pures, ces mouchoirs sont extr\u00eamement doux et agr\u00e9ables au toucher<br \/> + Certifi\u00e9 \u00e9cologique, ce produit est totalement sain et respectueux de l&rsquo;environnement <\/p>\n<p>Le fait de placer ce distributeur dans un bureau ou un espace commun rend votre vie confortable en quelques secondes! <\/p>\n<p>Commencez \u00e0 en faire plus pour ceux qui vous font confiance!<\/p>","protected":false},"excerpt":{"rendered":"<p>Bo\u00eete de mouchoirs en papier pour les situations d\u00e9sagr\u00e9ables L&rsquo;hygi\u00e8ne et la propret\u00e9 rendent notre vie confortable et saine.Presque tous les \u00e9tablissements ont tendance \u00e0 dire qu&rsquo;ils se soucient de leurs invit\u00e9s et employ\u00e9s. C\u2019est le moment de le m<\/p>","protected":false},"featured_media":31018,"comment_status":"open","ping_status":"closed","template":"","meta":[],"product_brand":[],"product_cat":[137],"product_tag":[],"class_list":{"0":"post-31019","1":"product","2":"type-product","3":"status-publish","4":"has-post-thumbnail","6":"product_cat-article-offic","8":"first","9":"instock","10":"shipping-taxable","11":"purchasable","12":"product-type-simple"},"_links":{"self":[{"href":"https:\/\/topprixsarl.ch\/de\/wp-json\/wp\/v2\/product\/31019","targetHints":{"allow":["GET"]}}],"collection":[{"href":"https:\/\/topprixsarl.ch\/de\/wp-json\/wp\/v2\/product"}],"about":[{"href":"https:\/\/topprixsarl.ch\/de\/wp-json\/wp\/v2\/types\/product"}],"replies":[{"embeddable":true,"href":"https:\/\/topprixsarl.ch\/de\/wp-json\/wp\/v2\/comments?post=31019"}],"version-history":[{"count":3,"href":"https:\/\/topprixsarl.ch\/de\/wp-json\/wp\/v2\/product\/31019\/revisions"}],"predecessor-version":[{"id":33272,"href":"https:\/\/topprixsarl.ch\/de\/wp-json\/wp\/v2\/product\/31019\/revisions\/33272"}],"wp:featuredmedia":[{"embeddable":true,"href":"https:\/\/topprixsarl.ch\/de\/wp-json\/wp\/v2\/media\/31018"}],"wp:attachment":[{"href":"https:\/\/topprixsarl.ch\/de\/wp-json\/wp\/v2\/media?parent=31019"}],"wp:term":[{"taxonomy":"product_brand","embeddable":true,"href":"https:\/\/topprixsarl.ch\/de\/wp-json\/wp\/v2\/product_brand?post=31019"},{"taxonomy":"product_cat","embeddable":true,"href":"https:\/\/topprixsarl.ch\/de\/wp-json\/wp\/v2\/product_cat?post=31019"},{"taxonomy":"product_tag","embeddable":true,"href":"https:\/\/topprixsarl.ch\/de\/wp-json\/wp\/v2\/product_tag?post=31019"}],"curies":[{"name":"wp","href":"https:\/\/api.w.org\/{rel}","templated":true}]}}