{"id":31017,"date":"2026-01-09T14:45:26","date_gmt":"2026-01-09T14:45:26","guid":{"rendered":"https:\/\/topprixsarl.ch\/product\/papier-toilette-maxi-jumbo-2-plis-6-rouleaux\/"},"modified":"2026-04-11T13:48:13","modified_gmt":"2026-04-11T13:48:13","slug":"papier-toilette-maxi-jumbo-2-plis-6-rouleaux","status":"publish","type":"product","link":"https:\/\/topprixsarl.ch\/de\/product\/papier-toilette-maxi-jumbo-2-plis-6-rouleaux\/","title":{"rendered":"Papier toilette Maxi Jumbo- 2 plis- 6 rouleaux"},"content":{"rendered":"<p>Utilisation pratique sans obstruction, d\u00e9chirure ou agglutination. <\/p>\n<p>Les gammes de rouleaux de papier hygi\u00e9nique sont innombrables. Certaines se disent super douces, les autres super fortes, les troisi\u00e8mes sont fabriqu\u00e9es \u00e0 partir des mat\u00e9riaux les plus sains et les plus \u00e9cologiques. Pouvez-vous tout avoir en un seul rouleau de papier? La r\u00e9ponse est oui!<\/p>\n<p>propose ce pack de six rouleaux de papier qui ont toutes les caract\u00e9ristiques \u00e9num\u00e9r\u00e9es, rendant l&rsquo;utilisation et le recyclage extr\u00eamement faciles :<\/p>\n<p>+ Fabriqu\u00e9s \u00e0 partir de fibres en cellulose pures \u00e0 100 %<br \/> + Certifi\u00e9s \u00e9cologiques et respectueux de la sant\u00e9 par le label \u00e9cologique europ\u00e9en<br \/> + Parfaits pour le contact avec la peau humaine- pas besoin de s&rsquo;inqui\u00e9ter d&rsquo;une r\u00e9action cutan\u00e9e !<br \/> + Chaque feuille 2 plis est extr\u00eamement douce, mais toujours r\u00e9sistante, pour une exp\u00e9rience agr\u00e9able et fiable.<br \/> + Adieu aux d\u00e9chirures, grumeaux ou peluches !<br \/> + Feuilles robustes qui se dissolvent instantan\u00e9ment dans l&rsquo;eau, \u00e9vitant de boucher les tuyaux. <\/p>\n<p>Soyez fiable et hygi\u00e9nique!<\/p>","protected":false},"excerpt":{"rendered":"<p>Utilisation pratique sans obstruction, d\u00e9chirure ou agglutination Les gammes de rouleaux de papier hygi\u00e9nique sont innombrables. Certaines se disent super douces, les autres super fortes, les troisi\u00e8mes sont fabriqu\u00e9es \u00e0 partir des mat\u00e9riaux les plus<\/p>","protected":false},"featured_media":31016,"comment_status":"open","ping_status":"closed","template":"","meta":[],"product_brand":[],"product_cat":[143],"product_tag":[],"class_list":{"0":"post-31017","1":"product","2":"type-product","3":"status-publish","4":"has-post-thumbnail","6":"product_cat-nettoyage","8":"first","9":"instock","10":"shipping-taxable","11":"purchasable","12":"product-type-simple"},"_links":{"self":[{"href":"https:\/\/topprixsarl.ch\/de\/wp-json\/wp\/v2\/product\/31017","targetHints":{"allow":["GET"]}}],"collection":[{"href":"https:\/\/topprixsarl.ch\/de\/wp-json\/wp\/v2\/product"}],"about":[{"href":"https:\/\/topprixsarl.ch\/de\/wp-json\/wp\/v2\/types\/product"}],"replies":[{"embeddable":true,"href":"https:\/\/topprixsarl.ch\/de\/wp-json\/wp\/v2\/comments?post=31017"}],"version-history":[{"count":3,"href":"https:\/\/topprixsarl.ch\/de\/wp-json\/wp\/v2\/product\/31017\/revisions"}],"predecessor-version":[{"id":33273,"href":"https:\/\/topprixsarl.ch\/de\/wp-json\/wp\/v2\/product\/31017\/revisions\/33273"}],"wp:featuredmedia":[{"embeddable":true,"href":"https:\/\/topprixsarl.ch\/de\/wp-json\/wp\/v2\/media\/31016"}],"wp:attachment":[{"href":"https:\/\/topprixsarl.ch\/de\/wp-json\/wp\/v2\/media?parent=31017"}],"wp:term":[{"taxonomy":"product_brand","embeddable":true,"href":"https:\/\/topprixsarl.ch\/de\/wp-json\/wp\/v2\/product_brand?post=31017"},{"taxonomy":"product_cat","embeddable":true,"href":"https:\/\/topprixsarl.ch\/de\/wp-json\/wp\/v2\/product_cat?post=31017"},{"taxonomy":"product_tag","embeddable":true,"href":"https:\/\/topprixsarl.ch\/de\/wp-json\/wp\/v2\/product_tag?post=31017"}],"curies":[{"name":"wp","href":"https:\/\/api.w.org\/{rel}","templated":true}]}}