{"id":31015,"date":"2026-01-09T14:45:11","date_gmt":"2026-01-09T14:45:11","guid":{"rendered":"https:\/\/topprixsarl.ch\/product\/papier-toilette-mini-jumbo-pour-2-plis-12-rouleaux\/"},"modified":"2026-04-11T13:46:43","modified_gmt":"2026-04-11T13:46:43","slug":"papier-toilette-mini-jumbo-pour-2-plis-12-rouleaux","status":"publish","type":"product","link":"https:\/\/topprixsarl.ch\/de\/product\/papier-toilette-mini-jumbo-pour-2-plis-12-rouleaux\/","title":{"rendered":"Papier toilette Mini Jumbo pour- 2 plis- 12 rouleaux"},"content":{"rendered":"<p>Transformer les toilettes en endroits les plus fiables<\/p>\n<p>Choisir des rouleaux de papier toilette peut \u00eatre essentiel non seulement en termes d&rsquo;hygi\u00e8ne, de propret\u00e9 et d&rsquo;utilisation, mais aussi pour rendre les toilettes plus confortables. Alors que nos journ\u00e9es peuvent \u00eatre fatigantes, pourquoi ne pas s&rsquo;assurer que les endroits que l\u2019on fr\u00e9quente ont une bonne ambiance et tout le mat\u00e9riel n\u00e9cessaire?<\/p>\n<p>Pour offrir \u00e0 vos invit\u00e9s et employ\u00e9s la meilleure option possible, jetez un coup d&rsquo;\u0153il \u00e0 ce papier hygi\u00e9nique Mini Jumbo. <\/p>\n<p>+ Rouleaux en cellulose extr\u00eamement doux, offrant une sensation de confort<br \/> + Structure \u00e0 2 plis pour une r\u00e9sistance et une fiabilit\u00e9 accrues<br \/> + Pas d&rsquo;inqui\u00e9tude concernant la d\u00e9chirure ou la dissolution trop rapide des feuilles<br \/> + Feuilles recyclables de mani\u00e8re pratique<br \/> + Fabriqu\u00e9s \u00e0 partir de mat\u00e9riaux recycl\u00e9s \u00e9cologiques, parfaits pour le contact avec la peau<br \/> + Ne provoquent pas d&rsquo;\u00e9ruptions cutan\u00e9es ou d&rsquo;autres r\u00e9actions d\u00e9sagr\u00e9ables <\/p>\n<p>Choisissez le meilleur pour ceux qui vous choisissent!<\/p>","protected":false},"excerpt":{"rendered":"<p>Transformer les toilettes en endroits les plus fiables Choisir des rouleaux de papier toilette peut \u00eatre essentiel non seulement en termes d&rsquo;hygi\u00e8ne, de propret\u00e9 et d&rsquo;utilisation, mais aussi pour rendre les toilettes plus confortables. Alors que nos <\/p>","protected":false},"featured_media":31014,"comment_status":"open","ping_status":"closed","template":"","meta":[],"product_brand":[],"product_cat":[143],"product_tag":[],"class_list":{"0":"post-31015","1":"product","2":"type-product","3":"status-publish","4":"has-post-thumbnail","6":"product_cat-nettoyage","8":"first","9":"instock","10":"shipping-taxable","11":"purchasable","12":"product-type-simple"},"_links":{"self":[{"href":"https:\/\/topprixsarl.ch\/de\/wp-json\/wp\/v2\/product\/31015","targetHints":{"allow":["GET"]}}],"collection":[{"href":"https:\/\/topprixsarl.ch\/de\/wp-json\/wp\/v2\/product"}],"about":[{"href":"https:\/\/topprixsarl.ch\/de\/wp-json\/wp\/v2\/types\/product"}],"replies":[{"embeddable":true,"href":"https:\/\/topprixsarl.ch\/de\/wp-json\/wp\/v2\/comments?post=31015"}],"version-history":[{"count":3,"href":"https:\/\/topprixsarl.ch\/de\/wp-json\/wp\/v2\/product\/31015\/revisions"}],"predecessor-version":[{"id":33274,"href":"https:\/\/topprixsarl.ch\/de\/wp-json\/wp\/v2\/product\/31015\/revisions\/33274"}],"wp:featuredmedia":[{"embeddable":true,"href":"https:\/\/topprixsarl.ch\/de\/wp-json\/wp\/v2\/media\/31014"}],"wp:attachment":[{"href":"https:\/\/topprixsarl.ch\/de\/wp-json\/wp\/v2\/media?parent=31015"}],"wp:term":[{"taxonomy":"product_brand","embeddable":true,"href":"https:\/\/topprixsarl.ch\/de\/wp-json\/wp\/v2\/product_brand?post=31015"},{"taxonomy":"product_cat","embeddable":true,"href":"https:\/\/topprixsarl.ch\/de\/wp-json\/wp\/v2\/product_cat?post=31015"},{"taxonomy":"product_tag","embeddable":true,"href":"https:\/\/topprixsarl.ch\/de\/wp-json\/wp\/v2\/product_tag?post=31015"}],"curies":[{"name":"wp","href":"https:\/\/api.w.org\/{rel}","templated":true}]}}