{"id":31013,"date":"2026-01-09T14:44:56","date_gmt":"2026-01-09T14:44:56","guid":{"rendered":"https:\/\/topprixsarl.ch\/product\/papier-toilette-3-plis-18-rouleaux\/"},"modified":"2026-04-11T13:46:36","modified_gmt":"2026-04-11T13:46:36","slug":"papier-toilette-3-plis-18-rouleaux","status":"publish","type":"product","link":"https:\/\/topprixsarl.ch\/de\/product\/papier-toilette-3-plis-18-rouleaux\/","title":{"rendered":"Papier toilette- 3 plis- 18 rouleaux"},"content":{"rendered":"<p>Confort, r\u00e9sistance, durabilit\u00e9<\/p>\n<p>Les nouvelles toilettes de votre bureau sont magnifiques : amples, lumineuses et \u00e9l\u00e9gantes. Chaque d\u00e9tail a \u00e9t\u00e9 pens\u00e9 avec le plus grand soin. M\u00eame le choix du papier hygi\u00e9nique !<\/p>\n<p>Avec le papier toilette, vous \u00eates s\u00fbr d\u2019offrir le confort maximal \u00e0 vos coll\u00e8gues et clients.<\/p>\n<p>+ R\u00e9alis\u00e9 en pure ouate de cellulose, le papier hygi\u00e9nique est extr\u00eamement doux, pour \u00e9viter toute irritation cutan\u00e9e.<\/p>\n<p>+ Une triple \u00e9paisseur lui donne une grande r\u00e9sistance, de sorte qu\u2019il ne se d\u00e9chire pas avec quelques gouttes d\u2019eau.<\/p>\n<p>+ De plus, gr\u00e2ce \u00e0 sa qualit\u00e9 sup\u00e9rieure, il dure longtemps sans perdre sa couleur.<\/p>\n<p>Bref, il s\u2019agit d\u2019un produit parfait pour votre bureau, qui accueillera de mani\u00e8re excellente vos invit\u00e9s.<\/p>\n<p>Choisissez la qualit\u00e9 : prenez soin de vos coll\u00e8gues et clients.<\/p>","protected":false},"excerpt":{"rendered":"<p>Confort, r\u00e9sistance, durabilit\u00e9 Les nouvelles toilettes de votre bureau sont magnifiques: amples, lumineuses et \u00e9l\u00e9gantes. Chaque d\u00e9tail a \u00e9t\u00e9 pens\u00e9 avec le plus grand soin. M\u00eame le choix du papier hygi\u00e9nique! Avec le papier toilette, vous \u00eate<\/p>","protected":false},"featured_media":31012,"comment_status":"open","ping_status":"closed","template":"","meta":[],"product_brand":[],"product_cat":[143],"product_tag":[],"class_list":{"0":"post-31013","1":"product","2":"type-product","3":"status-publish","4":"has-post-thumbnail","6":"product_cat-nettoyage","8":"first","9":"instock","10":"shipping-taxable","11":"purchasable","12":"product-type-simple"},"_links":{"self":[{"href":"https:\/\/topprixsarl.ch\/de\/wp-json\/wp\/v2\/product\/31013","targetHints":{"allow":["GET"]}}],"collection":[{"href":"https:\/\/topprixsarl.ch\/de\/wp-json\/wp\/v2\/product"}],"about":[{"href":"https:\/\/topprixsarl.ch\/de\/wp-json\/wp\/v2\/types\/product"}],"replies":[{"embeddable":true,"href":"https:\/\/topprixsarl.ch\/de\/wp-json\/wp\/v2\/comments?post=31013"}],"version-history":[{"count":3,"href":"https:\/\/topprixsarl.ch\/de\/wp-json\/wp\/v2\/product\/31013\/revisions"}],"predecessor-version":[{"id":33275,"href":"https:\/\/topprixsarl.ch\/de\/wp-json\/wp\/v2\/product\/31013\/revisions\/33275"}],"wp:featuredmedia":[{"embeddable":true,"href":"https:\/\/topprixsarl.ch\/de\/wp-json\/wp\/v2\/media\/31012"}],"wp:attachment":[{"href":"https:\/\/topprixsarl.ch\/de\/wp-json\/wp\/v2\/media?parent=31013"}],"wp:term":[{"taxonomy":"product_brand","embeddable":true,"href":"https:\/\/topprixsarl.ch\/de\/wp-json\/wp\/v2\/product_brand?post=31013"},{"taxonomy":"product_cat","embeddable":true,"href":"https:\/\/topprixsarl.ch\/de\/wp-json\/wp\/v2\/product_cat?post=31013"},{"taxonomy":"product_tag","embeddable":true,"href":"https:\/\/topprixsarl.ch\/de\/wp-json\/wp\/v2\/product_tag?post=31013"}],"curies":[{"name":"wp","href":"https:\/\/api.w.org\/{rel}","templated":true}]}}