{"id":31007,"date":"2026-01-09T14:44:03","date_gmt":"2026-01-09T14:44:03","guid":{"rendered":"https:\/\/topprixsarl.ch\/product\/module-de-classement-exacompta-format-paysage-6-tiroirs-assortis\/"},"modified":"2026-01-14T14:19:21","modified_gmt":"2026-01-14T14:19:21","slug":"module-de-classement-exacompta-format-paysage-6-tiroirs-assortis","status":"publish","type":"product","link":"https:\/\/topprixsarl.ch\/de\/product\/module-de-classement-exacompta-format-paysage-6-tiroirs-assortis\/","title":{"rendered":"Module de classement Exacompta &#8211; format paysage &#8211; 6 tiroirs &#8211; assortis"},"content":{"rendered":"<p>Un rangement pratique et color\u00e9<\/p>\n<p>Le style joue un r\u00f4le important dans le succ\u00e8s de toute marque. Les entreprises qui cr\u00e9ent des b\u00e2timents uniques, int\u00e9ressants et \u00e0 la mode, passent beaucoup de temps \u00e0 am\u00e9nager leur int\u00e9rieur, \u00e0 choisir leurs appareils, leurs logiciels, etc. La combinaison de toutes ces caract\u00e9ristiques permet aux employ\u00e9s de rester productifs, et cet article \u00e9galement.<\/p>\n<p>Biella est une marque r\u00e9put\u00e9e dans le domaine des fournitures et \u00e9quipements de bureau. Une grande qualit\u00e9 et un grand sens pratique sont les principaux objectifs de ses produits. <\/p>\n<p>Ce bloc-tiroirs Iderema Biella est un excellent choix avec ses trois tiroirs pouvant contenir des documents A4+ et trois autres pour les stylos, les trombones et bien plus. C&rsquo;est une solution deux-en-un, aussi bien pour les documents importants que pour les petits ustensiles, qu&rsquo;il s&rsquo;agisse de grands ou de petits mat\u00e9riels de bureau.<\/p>\n<p>+ Design moderne avec des tiroirs de couleurs vives, apportant une note de fra\u00eecheur \u00e0 votre int\u00e9rieur.<\/p>\n<p>+ Peut \u00eatre empil\u00e9 au format paysage pour un gain de place optimal.<\/p>\n<p>+ Ouverture et arr\u00eat des tiroirs en douceur pour \u00e9viter leur chute.<\/p>\n<p>Ne gardez que du mat\u00e9riel utile au bureau! <\/p>\n<p>> Garantie 25 ans*<\/p>","protected":false},"excerpt":{"rendered":"<p>Un rangement pratique et color\u00e9 Le style joue un r\u00f4le important dans le succ\u00e8s de toute marque. Les entreprises qui cr\u00e9ent des b\u00e2timents uniques, int\u00e9ressants et \u00e0 la mode, passent beaucoup de temps \u00e0 am\u00e9nager leur int\u00e9rieur, \u00e0 choisir leurs appareil<\/p>","protected":false},"featured_media":31006,"comment_status":"open","ping_status":"closed","template":"","meta":[],"product_brand":[],"product_cat":[137],"product_tag":[],"class_list":{"0":"post-31007","1":"product","2":"type-product","3":"status-publish","4":"has-post-thumbnail","6":"product_cat-papier","8":"first","9":"instock","10":"shipping-taxable","11":"purchasable","12":"product-type-simple"},"_links":{"self":[{"href":"https:\/\/topprixsarl.ch\/de\/wp-json\/wp\/v2\/product\/31007","targetHints":{"allow":["GET"]}}],"collection":[{"href":"https:\/\/topprixsarl.ch\/de\/wp-json\/wp\/v2\/product"}],"about":[{"href":"https:\/\/topprixsarl.ch\/de\/wp-json\/wp\/v2\/types\/product"}],"replies":[{"embeddable":true,"href":"https:\/\/topprixsarl.ch\/de\/wp-json\/wp\/v2\/comments?post=31007"}],"version-history":[{"count":2,"href":"https:\/\/topprixsarl.ch\/de\/wp-json\/wp\/v2\/product\/31007\/revisions"}],"predecessor-version":[{"id":32852,"href":"https:\/\/topprixsarl.ch\/de\/wp-json\/wp\/v2\/product\/31007\/revisions\/32852"}],"wp:featuredmedia":[{"embeddable":true,"href":"https:\/\/topprixsarl.ch\/de\/wp-json\/wp\/v2\/media\/31006"}],"wp:attachment":[{"href":"https:\/\/topprixsarl.ch\/de\/wp-json\/wp\/v2\/media?parent=31007"}],"wp:term":[{"taxonomy":"product_brand","embeddable":true,"href":"https:\/\/topprixsarl.ch\/de\/wp-json\/wp\/v2\/product_brand?post=31007"},{"taxonomy":"product_cat","embeddable":true,"href":"https:\/\/topprixsarl.ch\/de\/wp-json\/wp\/v2\/product_cat?post=31007"},{"taxonomy":"product_tag","embeddable":true,"href":"https:\/\/topprixsarl.ch\/de\/wp-json\/wp\/v2\/product_tag?post=31007"}],"curies":[{"name":"wp","href":"https:\/\/api.w.org\/{rel}","templated":true}]}}