{"id":31003,"date":"2026-01-09T14:43:32","date_gmt":"2026-01-09T14:43:32","guid":{"rendered":"https:\/\/topprixsarl.ch\/product\/sac-a-conteneur-hd-pe-lld-pe-800-litres-pack-de-50-pieces\/"},"modified":"2026-01-14T14:19:22","modified_gmt":"2026-01-14T14:19:22","slug":"containersack-hd-pe-lld-pe-800-liter-packung-mit-50-stuck","status":"publish","type":"product","link":"https:\/\/topprixsarl.ch\/de\/product\/containersack-hd-pe-lld-pe-800-liter-packung-mit-50-stuck\/","title":{"rendered":"HD\/PE LLD\/PE Containersack, 800 Liter, Packung mit 50 St\u00fcck"},"content":{"rendered":"<p>**Extra robuste M\u00fcllbeutel****<\/p>\n<p>M\u00fclls\u00e4cke mit gro\u00dfem Fassungsverm\u00f6gen sind etwas, das man in einer gro\u00dfen Einrichtung haben sollte. Ob Sie in einer gro\u00dfen Wohnanlage oder in einem B\u00fcro, in einem Restaurant oder in einem Einkaufszentrum arbeiten, es f\u00e4llt sicherlich eine Menge Abfall an.<\/p>\n<p>Easy bietet eine gro\u00dfe Auswahl an M\u00fclls\u00e4cken in verschiedenen Gr\u00f6\u00dfen, darunter auch 800 Liter! Mit einer Rolle von 50 Beuteln handelt es sich um eine praktische und nachhaltige Versorgung f\u00fcr gro\u00dfe Orte. Mit einem dieser Beutel m\u00fcssen Sie die M\u00fclltonnen nicht mehr st\u00fcndlich rausstellen. Sie k\u00f6nnen sie aufstellen und den ganzen Tag, wenn nicht l\u00e4nger, warten, bis sie voll sind!<\/p>\n<p>Jede Tasche wird aus einem hochwertigen Polyethylen hoher Dichte hergestellt. Dieses Material ist nicht nur stark, sondern auch dehnbar. Es ist temperaturbest\u00e4ndig und kann nicht durch gew\u00f6hnliche Fl\u00fcssigkeiten oder Abf\u00e4lle besch\u00e4digt werden. Dank dieser Eigenschaften wird der Beutel den M\u00fclleimer immer vor Schmutz sch\u00fctzen.<\/p>\n<p>Er eignet sich perfekt f\u00fcr gro\u00dfe Beh\u00e4lter im Freien und f\u00fcr alle m\u00f6glichen Abf\u00e4lle: Papier, Essensreste und Verpackungen, Sanit\u00e4rartikel und vieles mehr. Lassen Sie sich von diesen Taschen jeden Tag leichter machen!<\/p>\n<p>+ 50 Beutel \/ Karton<br \/>\n+ 104 Kartons \/ Palette (= 5200 Beutel \/ Palette)<\/p>","protected":false},"excerpt":{"rendered":"<p>Sacs poubelles extra robustes Les sacs poubelles grande capacit\u00e9 sont quelque chose qu&rsquo;il faut avoir dans une grande installation. Que vous travailliez dans une grande r\u00e9sidence ou dans un bureau, dans un restaurant ou dans un centre commercial, il y<\/p>","protected":false},"featured_media":31002,"comment_status":"open","ping_status":"closed","template":"","meta":[],"product_brand":[],"product_cat":[138],"product_tag":[],"class_list":{"0":"post-31003","1":"product","2":"type-product","3":"status-publish","4":"has-post-thumbnail","6":"product_cat-sac-a-dechet","8":"first","9":"instock","10":"shipping-taxable","11":"purchasable","12":"product-type-simple"},"_links":{"self":[{"href":"https:\/\/topprixsarl.ch\/de\/wp-json\/wp\/v2\/product\/31003","targetHints":{"allow":["GET"]}}],"collection":[{"href":"https:\/\/topprixsarl.ch\/de\/wp-json\/wp\/v2\/product"}],"about":[{"href":"https:\/\/topprixsarl.ch\/de\/wp-json\/wp\/v2\/types\/product"}],"replies":[{"embeddable":true,"href":"https:\/\/topprixsarl.ch\/de\/wp-json\/wp\/v2\/comments?post=31003"}],"version-history":[{"count":2,"href":"https:\/\/topprixsarl.ch\/de\/wp-json\/wp\/v2\/product\/31003\/revisions"}],"predecessor-version":[{"id":32850,"href":"https:\/\/topprixsarl.ch\/de\/wp-json\/wp\/v2\/product\/31003\/revisions\/32850"}],"wp:featuredmedia":[{"embeddable":true,"href":"https:\/\/topprixsarl.ch\/de\/wp-json\/wp\/v2\/media\/31002"}],"wp:attachment":[{"href":"https:\/\/topprixsarl.ch\/de\/wp-json\/wp\/v2\/media?parent=31003"}],"wp:term":[{"taxonomy":"product_brand","embeddable":true,"href":"https:\/\/topprixsarl.ch\/de\/wp-json\/wp\/v2\/product_brand?post=31003"},{"taxonomy":"product_cat","embeddable":true,"href":"https:\/\/topprixsarl.ch\/de\/wp-json\/wp\/v2\/product_cat?post=31003"},{"taxonomy":"product_tag","embeddable":true,"href":"https:\/\/topprixsarl.ch\/de\/wp-json\/wp\/v2\/product_tag?post=31003"}],"curies":[{"name":"wp","href":"https:\/\/api.w.org\/{rel}","templated":true}]}}