{"id":30995,"date":"2026-01-09T14:41:24","date_gmt":"2026-01-09T14:41:24","guid":{"rendered":"https:\/\/topprixsarl.ch\/product\/recharge-roller-pilot-frixion-clicker-ball-zone-noire-lot-de-6\/"},"modified":"2026-01-14T14:19:22","modified_gmt":"2026-01-14T14:19:22","slug":"recharge-roller-pilot-frixion-clicker-ball-zone-noire-lot-de-6","status":"publish","type":"product","link":"https:\/\/topprixsarl.ch\/de\/product\/recharge-roller-pilot-frixion-clicker-ball-zone-noire-lot-de-6\/","title":{"rendered":"Recharge roller Pilot Frixion Clicker \/ Ball \/ Zone &#8211; noire &#8211; lot de 6"},"content":{"rendered":"<p>Pour conf\u00e9rer une certaine classe \u00e0 votre \u00e9criture manuscrite, organisez votre bureau de mani\u00e8re plus durable gr\u00e2ce \u00e0 la cartouche de rechange roller de la marque Pilot. Cet outil discret permet de garder votre instrument d&rsquo;\u00e9criture pr\u00eat \u00e0 l&#8217;emploi et peut \u00eatre facilement ins\u00e9r\u00e9. Sa composition vous permet de travailler de mani\u00e8re durable et vous ne serez pas interrompu inutilement en plein travail. Le mieux est donc d&rsquo;en avoir toujours une en r\u00e9serve.<\/p>\n<p>+ Encre gel pour une bonne saturation du papier<br \/>\n+ Encre dense qui s\u00e8che plus vite que l&rsquo;encre classique<br \/>\n+ Pointe conique pour dessiner m\u00eame les lignes les plus fines<br \/>\n+ Couleur noire, sobre et classique  <\/p>\n<p>Optez pour un accessoire permettant d&rsquo;avoir une grande rentabilit\u00e9 tout en faisant peu d&rsquo;efforts! La cartouche de rechange roller de la marque Pilot permet un r\u00e9approvisionnement efficace qui garantit des flux de travail optimis\u00e9s. En outre, elle peut \u00eatre ins\u00e9r\u00e9e rapidement et est au moins aussi productive que l&rsquo;original. <\/p>\n<p>+ Soulage l&rsquo;environnement en \u00e9vitant les nouveaux achats superflus<br \/>\n+ \u00c9vite de grever inutilement votre budget  <\/p>\n<p>Commandez une r\u00e9serve en laquelle vous pouvez avoir confiance!<\/p>","protected":false},"excerpt":{"rendered":"<p>Pour conf\u00e9rer une certaine classe \u00e0 votre \u00e9criture manuscriteOrganisez votre bureau de mani\u00e8re plus durable gr\u00e2ce \u00e0 la cartouche de rechange roller de la marque Pilot. Cet outil discret permet de garder votre instrument d&rsquo;\u00e9criture pr\u00eat \u00e0 l&#8217;emploi et <\/p>","protected":false},"featured_media":30994,"comment_status":"open","ping_status":"closed","template":"","meta":[],"product_brand":[],"product_cat":[137],"product_tag":[],"class_list":{"0":"post-30995","1":"product","2":"type-product","3":"status-publish","4":"has-post-thumbnail","6":"product_cat-papier","8":"first","9":"instock","10":"shipping-taxable","11":"purchasable","12":"product-type-simple"},"_links":{"self":[{"href":"https:\/\/topprixsarl.ch\/de\/wp-json\/wp\/v2\/product\/30995","targetHints":{"allow":["GET"]}}],"collection":[{"href":"https:\/\/topprixsarl.ch\/de\/wp-json\/wp\/v2\/product"}],"about":[{"href":"https:\/\/topprixsarl.ch\/de\/wp-json\/wp\/v2\/types\/product"}],"replies":[{"embeddable":true,"href":"https:\/\/topprixsarl.ch\/de\/wp-json\/wp\/v2\/comments?post=30995"}],"version-history":[{"count":2,"href":"https:\/\/topprixsarl.ch\/de\/wp-json\/wp\/v2\/product\/30995\/revisions"}],"predecessor-version":[{"id":32838,"href":"https:\/\/topprixsarl.ch\/de\/wp-json\/wp\/v2\/product\/30995\/revisions\/32838"}],"wp:featuredmedia":[{"embeddable":true,"href":"https:\/\/topprixsarl.ch\/de\/wp-json\/wp\/v2\/media\/30994"}],"wp:attachment":[{"href":"https:\/\/topprixsarl.ch\/de\/wp-json\/wp\/v2\/media?parent=30995"}],"wp:term":[{"taxonomy":"product_brand","embeddable":true,"href":"https:\/\/topprixsarl.ch\/de\/wp-json\/wp\/v2\/product_brand?post=30995"},{"taxonomy":"product_cat","embeddable":true,"href":"https:\/\/topprixsarl.ch\/de\/wp-json\/wp\/v2\/product_cat?post=30995"},{"taxonomy":"product_tag","embeddable":true,"href":"https:\/\/topprixsarl.ch\/de\/wp-json\/wp\/v2\/product_tag?post=30995"}],"curies":[{"name":"wp","href":"https:\/\/api.w.org\/{rel}","templated":true}]}}