{"id":30993,"date":"2026-01-09T14:41:09","date_gmt":"2026-01-09T14:41:09","guid":{"rendered":"https:\/\/topprixsarl.ch\/product\/recharge-roller-pilot-frixion-clicker-ball-zone-bleue-lot-de-6\/"},"modified":"2026-01-14T14:19:22","modified_gmt":"2026-01-14T14:19:22","slug":"recharge-roller-pilot-frixion-clicker-ball-zone-bleue-lot-de-6","status":"publish","type":"product","link":"https:\/\/topprixsarl.ch\/de\/product\/recharge-roller-pilot-frixion-clicker-ball-zone-bleue-lot-de-6\/","title":{"rendered":"Recharge roller Pilot Frixion Clicker \/ Ball \/ Zone &#8211; bleue &#8211; lot de 6"},"content":{"rendered":"<p>Le style sur le papier<\/p>\n<p>Les notes illisibles \u00e0 cause d&rsquo;un instrument d&rsquo;\u00e9criture trop us\u00e9 peuvent \u00eatre une v\u00e9ritable source de stress. Avec la cartouche de rechange roller de la marque Pilot, vous faites en sorte que votre instrument d&rsquo;\u00e9criture soit toujours pr\u00eat \u00e0 l&#8217;emploi. <\/p>\n<p>Gr\u00e2ce \u00e0 ses composants de haute qualit\u00e9, vous profiterez de vos notes et de vos id\u00e9es pendant longtemps. Ainsi, vous n&rsquo;aurez pas \u00e0 acheter inutilement de nouveaux outils et rendrez votre consommation durable. <\/p>\n<p>+ Encre gel s\u00e9chant rapidement pour une \u00e9criture fluide et sans bavure. <\/p>\n<p>+ Pointe conique permettant de dessiner des lignes de diff\u00e9rentes tailles. <\/p>\n<p>La couleur bleue est sobre et classique. Votre instrument d&rsquo;\u00e9criture est d\u00e9j\u00e0 us\u00e9? Avec la cartouche de rechange roller de la marque Pilot, assurez-vous un r\u00e9approvisionnement de la mani\u00e8re la plus simple qui soit. <\/p>\n<p>+ Installation rapide pour un instrument d&rsquo;\u00e9criture imm\u00e9diatement pr\u00eat \u00e0 l&#8217;emploi. <\/p>\n<p>Elle marque \u00e9galement des points gr\u00e2ce \u00e0 sa palette de couleurs pleines d&rsquo;intensit\u00e9, ce \u00e0 quoi s&rsquo;ajoute un excellent rendement. <\/p>\n<p>+ Efficacit\u00e9 et ma\u00eetrise des d\u00e9penses en constituant un stock. <\/p>\n<p>Vous faites les choses bien!<\/p>","protected":false},"excerpt":{"rendered":"<p>Le style sur le papier Les notes illisibles \u00e0 cause d&rsquo;un instrument d&rsquo;\u00e9criture trop us\u00e9 peuvent \u00eatre une v\u00e9ritable source de stress. Avec la cartouche de rechange roller de la marque Pilot, vous faites en sorte que votre instrument d&rsquo;\u00e9criture soit to<\/p>","protected":false},"featured_media":30992,"comment_status":"open","ping_status":"closed","template":"","meta":[],"product_brand":[],"product_cat":[137],"product_tag":[],"class_list":{"0":"post-30993","1":"product","2":"type-product","3":"status-publish","4":"has-post-thumbnail","6":"product_cat-papier","8":"first","9":"instock","10":"shipping-taxable","11":"purchasable","12":"product-type-simple"},"_links":{"self":[{"href":"https:\/\/topprixsarl.ch\/de\/wp-json\/wp\/v2\/product\/30993","targetHints":{"allow":["GET"]}}],"collection":[{"href":"https:\/\/topprixsarl.ch\/de\/wp-json\/wp\/v2\/product"}],"about":[{"href":"https:\/\/topprixsarl.ch\/de\/wp-json\/wp\/v2\/types\/product"}],"replies":[{"embeddable":true,"href":"https:\/\/topprixsarl.ch\/de\/wp-json\/wp\/v2\/comments?post=30993"}],"version-history":[{"count":2,"href":"https:\/\/topprixsarl.ch\/de\/wp-json\/wp\/v2\/product\/30993\/revisions"}],"predecessor-version":[{"id":32837,"href":"https:\/\/topprixsarl.ch\/de\/wp-json\/wp\/v2\/product\/30993\/revisions\/32837"}],"wp:featuredmedia":[{"embeddable":true,"href":"https:\/\/topprixsarl.ch\/de\/wp-json\/wp\/v2\/media\/30992"}],"wp:attachment":[{"href":"https:\/\/topprixsarl.ch\/de\/wp-json\/wp\/v2\/media?parent=30993"}],"wp:term":[{"taxonomy":"product_brand","embeddable":true,"href":"https:\/\/topprixsarl.ch\/de\/wp-json\/wp\/v2\/product_brand?post=30993"},{"taxonomy":"product_cat","embeddable":true,"href":"https:\/\/topprixsarl.ch\/de\/wp-json\/wp\/v2\/product_cat?post=30993"},{"taxonomy":"product_tag","embeddable":true,"href":"https:\/\/topprixsarl.ch\/de\/wp-json\/wp\/v2\/product_tag?post=30993"}],"curies":[{"name":"wp","href":"https:\/\/api.w.org\/{rel}","templated":true}]}}