{"id":30987,"date":"2026-01-09T14:40:16","date_gmt":"2026-01-09T14:40:16","guid":{"rendered":"https:\/\/topprixsarl.ch\/product\/notes-repositionnables-post-it-super-sticky-2028-76x76mm-400-feuilles-ass\/"},"modified":"2026-01-14T14:20:02","modified_gmt":"2026-01-14T14:20:02","slug":"notes-repositionnables-post-it-super-sticky-2028-76x76mm-400-feuilles-ass","status":"publish","type":"product","link":"https:\/\/topprixsarl.ch\/de\/product\/notes-repositionnables-post-it-super-sticky-2028-76x76mm-400-feuilles-ass\/","title":{"rendered":"Notes repositionnables Post-it Super Sticky 2028, 76x76mm, 400 feuilles, ass."},"content":{"rendered":"<p>Outil de bureau moderne pour un marquage facile<\/p>\n<p>\u00cates-vous constamment confus par des dossiers d&rsquo;apparence similaire avec des documents importants? Il est temps de changer la situation. Les notes Post-it autocollantes en couleur vous aident \u00e0 identifier les espaces de rangement de votre bureau.<\/p>\n<p>+ Post-it est une marque de la soci\u00e9t\u00e9 3M connue dans le monde entier, qui allie la qualit\u00e9 et le respect de l&rsquo;environnement dans ses propres produits.<\/p>\n<p>Avec les notes autocollantes Post-it, vous pouvez marquer des documents ou dossiers afin de mieux les distinguer. Gr\u00e2ce \u00e0 leurs couleurs vives, il est facile d&rsquo;attirer l&rsquo;attention sur les messages ou les notes que vous laissez \u00e0 vos employ\u00e9s ou \u00e0 vous-m\u00eame.<\/p>\n<p>+ Fabriqu\u00e9 en papier \u00e9pais de haute qualit\u00e9, la surface lisse de chaque autocollant offre un confort d&rsquo;\u00e9criture.<\/p>\n<p>+ La collection Post-it contient des notes plus fortes et plus longues pour que vos notes soient lues.<\/p>\n<p>+ Gr\u00e2ce \u00e0 leurs propri\u00e9t\u00e9s adh\u00e9sives, elles se collent sur toute surface lisse.<\/p>\n<p>+ Le papier certifi\u00e9 PEFC est enti\u00e8rement recyclable. Sa production est sans danger pour l&rsquo;environnement.<\/p>\n<p>Dot\u00e9 d&rsquo;un grand nombre de notes, ce produit permet de marquer et de laisser des notes sur des id\u00e9es qui vous viennent \u00e0 l&rsquo;esprit pendant votre travail.<\/p>\n<p>Identifiez les dossiers avec des autocollants de couleur!<\/p>","protected":false},"excerpt":{"rendered":"<p>Outil de bureau moderne pour un marquage facile \u00cates-vous constamment confus par des dossiers d&rsquo;apparence similaire avec des documents importants? Il est temps de changer la situation. Les notes Post-it autocollantes en couleur vous aident \u00e0 identifi<\/p>","protected":false},"featured_media":30986,"comment_status":"open","ping_status":"closed","template":"","meta":[],"product_brand":[],"product_cat":[137],"product_tag":[],"class_list":{"0":"post-30987","1":"product","2":"type-product","3":"status-publish","4":"has-post-thumbnail","6":"product_cat-article-offic","8":"first","9":"instock","10":"shipping-taxable","11":"purchasable","12":"product-type-simple"},"_links":{"self":[{"href":"https:\/\/topprixsarl.ch\/de\/wp-json\/wp\/v2\/product\/30987","targetHints":{"allow":["GET"]}}],"collection":[{"href":"https:\/\/topprixsarl.ch\/de\/wp-json\/wp\/v2\/product"}],"about":[{"href":"https:\/\/topprixsarl.ch\/de\/wp-json\/wp\/v2\/types\/product"}],"replies":[{"embeddable":true,"href":"https:\/\/topprixsarl.ch\/de\/wp-json\/wp\/v2\/comments?post=30987"}],"version-history":[{"count":2,"href":"https:\/\/topprixsarl.ch\/de\/wp-json\/wp\/v2\/product\/30987\/revisions"}],"predecessor-version":[{"id":32833,"href":"https:\/\/topprixsarl.ch\/de\/wp-json\/wp\/v2\/product\/30987\/revisions\/32833"}],"wp:featuredmedia":[{"embeddable":true,"href":"https:\/\/topprixsarl.ch\/de\/wp-json\/wp\/v2\/media\/30986"}],"wp:attachment":[{"href":"https:\/\/topprixsarl.ch\/de\/wp-json\/wp\/v2\/media?parent=30987"}],"wp:term":[{"taxonomy":"product_brand","embeddable":true,"href":"https:\/\/topprixsarl.ch\/de\/wp-json\/wp\/v2\/product_brand?post=30987"},{"taxonomy":"product_cat","embeddable":true,"href":"https:\/\/topprixsarl.ch\/de\/wp-json\/wp\/v2\/product_cat?post=30987"},{"taxonomy":"product_tag","embeddable":true,"href":"https:\/\/topprixsarl.ch\/de\/wp-json\/wp\/v2\/product_tag?post=30987"}],"curies":[{"name":"wp","href":"https:\/\/api.w.org\/{rel}","templated":true}]}}