{"id":30981,"date":"2026-01-09T14:39:33","date_gmt":"2026-01-09T14:39:33","guid":{"rendered":"https:\/\/topprixsarl.ch\/product\/lessive-tous-textiles-clax-thermo-35c1-20kg-parfume\/"},"modified":"2026-01-14T14:20:02","modified_gmt":"2026-01-14T14:20:02","slug":"lessive-tous-textiles-clax-thermo-35c1-20kg-parfume","status":"publish","type":"product","link":"https:\/\/topprixsarl.ch\/de\/product\/lessive-tous-textiles-clax-thermo-35c1-20kg-parfume\/","title":{"rendered":"Vollwaschmittel Clax Thermo 35C1, 20kg, parf\u00fcmiert"},"content":{"rendered":"<p>D\u00e9tergent tr\u00e8s puissant pour des charges de grande capacit\u00e9! <\/p>\n<p>La propret\u00e9 est essentielle dans tout ce qui nous entoure. Les lieux publics, foyers, h\u00f4pitaux et autres espaces doivent particuli\u00e8rement prendre soin de chaque espace et de chaque objet, les faire nettoyer souvent et maintenir l&rsquo;hygi\u00e8ne \u00e0 un niveau \u00e9lev\u00e9. Les visiteurs de ces installations m\u00e9ritent l\u2019hygi\u00e8ne \u00e0 tout prix!<\/p>\n<p>Diversey propose ce d\u00e9tergent Clax Thermo pour toutes les installations qui fournissent des articles textiles tels que du linge et des nappes ou qui offrent des services de nettoyage. <\/p>\n<p>+ Produit concentr\u00e9 \u00e9liminant rapidement les taches sur les surfaces textiles. <\/p>\n<p>+ Efficacit\u00e9 optimale lors du lavage dans une eau \u00e0 80\u00b0- 95\u00b0C. <\/p>\n<p>Il est bien connu que la qualit\u00e9 de l&rsquo;eau peut aussi affecter la puissance du d\u00e9tergent face \u00e0 la salet\u00e9, mais avec ce produit, vous pouvez mettre vos soucis de c\u00f4t\u00e9! <\/p>\n<p>+ Adapt\u00e9 quelle que soit la duret\u00e9 de l&rsquo;eau. <\/p>\n<p>Ne craignez pas d\u2019ab\u00eemer votre machine \u00e0 laver, car ce d\u00e9tergent prend soin de tous les types de machines. <\/p>\n<p>+ D\u00e9tergent avec javel qui donnera \u00e0 tout article l\u2019\u00e9clat du soleil. <\/p>\n<p>Il vous est livr\u00e9 dans un paquet pratique de 20 kg. \u00c0 essayer et \u00e0 stocker! <\/p>\n<p>Choisissez la propret\u00e9 et l\u2019hygi\u00e8ne pour tous les articles! <\/p>\n<p>Produit dangereux. Respecter les pr\u00e9cautions d\u2019emploi indiqu\u00e9es sur la fiche de donn\u00e9es de s\u00e9curit\u00e9*.<\/p>","protected":false},"excerpt":{"rendered":"<p>D\u00e9tergent tr\u00e8s puissant pour des charges de grande capacit\u00e9! La propret\u00e9 est essentielle dans tout ce qui nous entoure. Les lieux publics, foyers, h\u00f4pitaux et autres espaces doivent particuli\u00e8rement prendre soin de chaque espace et de chaque objet, l<\/p>","protected":false},"featured_media":30980,"comment_status":"open","ping_status":"closed","template":"","meta":[],"product_brand":[],"product_cat":[144],"product_tag":[],"class_list":{"0":"post-30981","1":"product","2":"type-product","3":"status-publish","4":"has-post-thumbnail","6":"product_cat-lessive-textile","8":"first","9":"instock","10":"shipping-taxable","11":"purchasable","12":"product-type-simple"},"_links":{"self":[{"href":"https:\/\/topprixsarl.ch\/de\/wp-json\/wp\/v2\/product\/30981","targetHints":{"allow":["GET"]}}],"collection":[{"href":"https:\/\/topprixsarl.ch\/de\/wp-json\/wp\/v2\/product"}],"about":[{"href":"https:\/\/topprixsarl.ch\/de\/wp-json\/wp\/v2\/types\/product"}],"replies":[{"embeddable":true,"href":"https:\/\/topprixsarl.ch\/de\/wp-json\/wp\/v2\/comments?post=30981"}],"version-history":[{"count":2,"href":"https:\/\/topprixsarl.ch\/de\/wp-json\/wp\/v2\/product\/30981\/revisions"}],"predecessor-version":[{"id":32830,"href":"https:\/\/topprixsarl.ch\/de\/wp-json\/wp\/v2\/product\/30981\/revisions\/32830"}],"wp:featuredmedia":[{"embeddable":true,"href":"https:\/\/topprixsarl.ch\/de\/wp-json\/wp\/v2\/media\/30980"}],"wp:attachment":[{"href":"https:\/\/topprixsarl.ch\/de\/wp-json\/wp\/v2\/media?parent=30981"}],"wp:term":[{"taxonomy":"product_brand","embeddable":true,"href":"https:\/\/topprixsarl.ch\/de\/wp-json\/wp\/v2\/product_brand?post=30981"},{"taxonomy":"product_cat","embeddable":true,"href":"https:\/\/topprixsarl.ch\/de\/wp-json\/wp\/v2\/product_cat?post=30981"},{"taxonomy":"product_tag","embeddable":true,"href":"https:\/\/topprixsarl.ch\/de\/wp-json\/wp\/v2\/product_tag?post=30981"}],"curies":[{"name":"wp","href":"https:\/\/api.w.org\/{rel}","templated":true}]}}