{"id":30979,"date":"2026-01-09T14:39:19","date_gmt":"2026-01-09T14:39:19","guid":{"rendered":"https:\/\/topprixsarl.ch\/product\/poudre-de-lavage-linge-desinfectante-clax-ds-desotherm-37b2-20kg-parfume\/"},"modified":"2026-01-14T14:20:02","modified_gmt":"2026-01-14T14:20:02","slug":"poudre-de-lavage-linge-desinfectante-clax-ds-desotherm-37b2-20kg-parfume","status":"publish","type":"product","link":"https:\/\/topprixsarl.ch\/de\/product\/poudre-de-lavage-linge-desinfectante-clax-ds-desotherm-37b2-20kg-parfume\/","title":{"rendered":"Desinfizierendes W\u00e4schewaschpulver Clax DS Desotherm 37B2, 20kg, parf\u00fcmiert"},"content":{"rendered":"<p>Plus d&rsquo;hygi\u00e8ne pour votre linge<\/p>\n<p>Normalement, le linge ne doit pas seulement \u00eatre 100 % exempt de taches, mais aussi 100 % hygi\u00e9nique. Cela vaut pour votre m\u00e9nage, mais surtout pour les h\u00f4pitaux et les restaurants, c&rsquo;est-\u00e0-dire les lieux publics o\u00f9 de nombreuses personnes se retrouvent chaque jour. <\/p>\n<p>Ici, vous devriez essayer la lessive d\u00e9sinfectante hautement efficace Clax DS Desotherm de Diversey. Gr\u00e2ce \u00e0 ce produit, votre linge et vos v\u00eatements ne seront pas seulement exempts de taches, mais \u00e9galement d\u00e9sinfect\u00e9s. <\/p>\n<p>+ La lessive enzymatique agit \u00e0 une temp\u00e9rature d&rsquo;eau de 40 \u00e0 95\u00b0C, de sorte qu&rsquo;elle peut \u00e9galement \u00eatre utilis\u00e9e pour le linge d\u00e9licat et le linge \u00e0 bouillir. <\/p>\n<p>+ Ce ne sont pas seulement les taches qui peuvent \u00eatre insalubres, mais aussi les odeurs. Gr\u00e2ce \u00e0 sa combinaison de substances actives, cette lessive \u00e9limine efficacement les mauvaises odeurs &#8211; pour un linge absolument frais. <\/p>\n<p>+ En outre, la lessive est adapt\u00e9e \u00e0 la d\u00e9sinfection chimicothermique \u00e0 60\u00b0C et est certifi\u00e9e VAH. <\/p>\n<p>Nettoyez et d\u00e9sinfectez votre linge ! <\/p>\n<p>Produit dangereux. Respecter les pr\u00e9cautions d\u2019emploi indiqu\u00e9es sur la fiche de donn\u00e9es de s\u00e9curit\u00e9.<\/p>","protected":false},"excerpt":{"rendered":"<p>Plus d&rsquo;hygi\u00e8ne pour votre linge Normalement, le linge ne doit pas seulement \u00eatre 100 % exempt de taches, mais aussi 100 % hygi\u00e9nique. Cela vaut pour votre m\u00e9nage, mais surtout pour les h\u00f4pitaux et les restaurants, c&rsquo;est-\u00e0-dire les lieux publics o\u00f9 de<\/p>","protected":false},"featured_media":30978,"comment_status":"open","ping_status":"closed","template":"","meta":[],"product_brand":[],"product_cat":[144],"product_tag":[],"class_list":{"0":"post-30979","1":"product","2":"type-product","3":"status-publish","4":"has-post-thumbnail","6":"product_cat-lessive-textile","8":"first","9":"instock","10":"shipping-taxable","11":"purchasable","12":"product-type-simple"},"_links":{"self":[{"href":"https:\/\/topprixsarl.ch\/de\/wp-json\/wp\/v2\/product\/30979","targetHints":{"allow":["GET"]}}],"collection":[{"href":"https:\/\/topprixsarl.ch\/de\/wp-json\/wp\/v2\/product"}],"about":[{"href":"https:\/\/topprixsarl.ch\/de\/wp-json\/wp\/v2\/types\/product"}],"replies":[{"embeddable":true,"href":"https:\/\/topprixsarl.ch\/de\/wp-json\/wp\/v2\/comments?post=30979"}],"version-history":[{"count":2,"href":"https:\/\/topprixsarl.ch\/de\/wp-json\/wp\/v2\/product\/30979\/revisions"}],"predecessor-version":[{"id":32829,"href":"https:\/\/topprixsarl.ch\/de\/wp-json\/wp\/v2\/product\/30979\/revisions\/32829"}],"wp:featuredmedia":[{"embeddable":true,"href":"https:\/\/topprixsarl.ch\/de\/wp-json\/wp\/v2\/media\/30978"}],"wp:attachment":[{"href":"https:\/\/topprixsarl.ch\/de\/wp-json\/wp\/v2\/media?parent=30979"}],"wp:term":[{"taxonomy":"product_brand","embeddable":true,"href":"https:\/\/topprixsarl.ch\/de\/wp-json\/wp\/v2\/product_brand?post=30979"},{"taxonomy":"product_cat","embeddable":true,"href":"https:\/\/topprixsarl.ch\/de\/wp-json\/wp\/v2\/product_cat?post=30979"},{"taxonomy":"product_tag","embeddable":true,"href":"https:\/\/topprixsarl.ch\/de\/wp-json\/wp\/v2\/product_tag?post=30979"}],"curies":[{"name":"wp","href":"https:\/\/api.w.org\/{rel}","templated":true}]}}