{"id":30977,"date":"2026-01-09T14:39:05","date_gmt":"2026-01-09T14:39:05","guid":{"rendered":"https:\/\/topprixsarl.ch\/product\/lessive-prelavage-et-multi-usage-clax-ultima-33g1-20-kg-parfumee\/"},"modified":"2026-01-14T14:20:02","modified_gmt":"2026-01-14T14:20:02","slug":"lessive-prelavage-et-multi-usage-clax-ultima-33g1-20-kg-parfumee","status":"publish","type":"product","link":"https:\/\/topprixsarl.ch\/de\/product\/lessive-prelavage-et-multi-usage-clax-ultima-33g1-20-kg-parfumee\/","title":{"rendered":"Clax Ultima 33G1 Vorwasch- und Mehrzweckwaschmittel, 20 kg, parf\u00fcmiert"},"content":{"rendered":"<p>**Blanchiment parfait**<\/p>\n<p>Le lavage du linge exige une grande exp\u00e9rience. Bien s\u00fbr, les connaissances sont indispensables, mais sans le produit ad\u00e9quat, le linge ne sera pas d&rsquo;une propret\u00e9 \u00e9clatante, sans traces de rouille et comme neuf. <\/p>\n<p>Pour faciliter le lavage, Diversey propose ce pack de lessive Clax Ultima de 20 kg. Il s&rsquo;agit d&rsquo;un produit concentr\u00e9 qui devrait \u00eatre pr\u00e9sent dans chaque foyer, entreprise de nettoyage ou buanderie. <\/p>\n<p>Les d\u00e9tergents peuvent \u00eatre de diff\u00e9rents types et ne peuvent parfois \u00eatre utilis\u00e9s qu&rsquo;avec certains v\u00eatements et certains degr\u00e9s de duret\u00e9 de l&rsquo;eau. <\/p>\n<p>Les propri\u00e9t\u00e9s de ce d\u00e9tergent sont tr\u00e8s vari\u00e9es et permettent d&rsquo;utiliser le produit pour le pr\u00e9lavage et les tissus color\u00e9s \u00e0 une temp\u00e9rature comprise entre 30 et 95 \u00b0C. <\/p>\n<p>Le d\u00e9tergent peut \u00eatre dos\u00e9 manuellement, ce qui vous permet d&rsquo;utiliser la quantit\u00e9 appropri\u00e9e pour certains articles. De plus, il ne contient pas d&rsquo;azurants optiques. <\/p>\n<p>Ce produit n&rsquo;endommage pas le linge pendant le lavage. La qualit\u00e9 de l&rsquo;eau est un autre probl\u00e8me qui peut rendre un d\u00e9tergent inefficace. Cependant, ce n&rsquo;est pas le cas de celui-ci. <\/p>\n<p>Ce produit fonctionne parfaitement avec tous les degr\u00e9s de duret\u00e9 de l&rsquo;eau et toutes les machines \u00e0 laver.<\/p>\n<p>+ Lavez efficacement ! <\/p>\n<p>Produit dangereux. <\/p>\n<p>Respecter les pr\u00e9cautions d\u2019emploi indiqu\u00e9es sur la fiche de donn\u00e9es de s\u00e9curit\u00e9.<\/p>","protected":false},"excerpt":{"rendered":"<p>Blanchiment parfaitLe lavage du linge exige une grande exp\u00e9rience. Bien s\u00fbr, les connaissances sont indispensables, mais sans le produit ad\u00e9quat, le linge ne sera pas d&rsquo;une propret\u00e9 \u00e9clatante, sans traces de rouille et comme neuf. Pour faciliter le l<\/p>","protected":false},"featured_media":30976,"comment_status":"open","ping_status":"closed","template":"","meta":[],"product_brand":[],"product_cat":[144],"product_tag":[],"class_list":{"0":"post-30977","1":"product","2":"type-product","3":"status-publish","4":"has-post-thumbnail","6":"product_cat-lessive-textile","8":"first","9":"instock","10":"shipping-taxable","11":"purchasable","12":"product-type-simple"},"_links":{"self":[{"href":"https:\/\/topprixsarl.ch\/de\/wp-json\/wp\/v2\/product\/30977","targetHints":{"allow":["GET"]}}],"collection":[{"href":"https:\/\/topprixsarl.ch\/de\/wp-json\/wp\/v2\/product"}],"about":[{"href":"https:\/\/topprixsarl.ch\/de\/wp-json\/wp\/v2\/types\/product"}],"replies":[{"embeddable":true,"href":"https:\/\/topprixsarl.ch\/de\/wp-json\/wp\/v2\/comments?post=30977"}],"version-history":[{"count":2,"href":"https:\/\/topprixsarl.ch\/de\/wp-json\/wp\/v2\/product\/30977\/revisions"}],"predecessor-version":[{"id":32828,"href":"https:\/\/topprixsarl.ch\/de\/wp-json\/wp\/v2\/product\/30977\/revisions\/32828"}],"wp:featuredmedia":[{"embeddable":true,"href":"https:\/\/topprixsarl.ch\/de\/wp-json\/wp\/v2\/media\/30976"}],"wp:attachment":[{"href":"https:\/\/topprixsarl.ch\/de\/wp-json\/wp\/v2\/media?parent=30977"}],"wp:term":[{"taxonomy":"product_brand","embeddable":true,"href":"https:\/\/topprixsarl.ch\/de\/wp-json\/wp\/v2\/product_brand?post=30977"},{"taxonomy":"product_cat","embeddable":true,"href":"https:\/\/topprixsarl.ch\/de\/wp-json\/wp\/v2\/product_cat?post=30977"},{"taxonomy":"product_tag","embeddable":true,"href":"https:\/\/topprixsarl.ch\/de\/wp-json\/wp\/v2\/product_tag?post=30977"}],"curies":[{"name":"wp","href":"https:\/\/api.w.org\/{rel}","templated":true}]}}