{"id":30953,"date":"2026-01-09T14:35:46","date_gmt":"2026-01-09T14:35:46","guid":{"rendered":"https:\/\/topprixsarl.ch\/product\/nettoyant-multi-usage-taski-sprint-200-1-litre-parfum-frais\/"},"modified":"2026-01-14T14:20:03","modified_gmt":"2026-01-14T14:20:03","slug":"nettoyant-multi-usage-taski-sprint-200-1-litre-parfum-frais","status":"publish","type":"product","link":"https:\/\/topprixsarl.ch\/de\/product\/nettoyant-multi-usage-taski-sprint-200-1-litre-parfum-frais\/","title":{"rendered":"Nettoyant multi-usage Taski Sprint 200, 1\u00a0litre, parfum frais"},"content":{"rendered":"<p>Nettoyant universel pour un nettoyage sans traces des surfaces r\u00e9sistantes \u00e0 l&rsquo;eau avec une technique de neutralisation des odeurs brevet\u00e9e. <\/p>\n<p>+ Action et s\u00e9chage rapides. <\/p>\n<p>+ pH neutre. <\/p>\n<p>+ Bouteille de 1 l. <\/p>\n<p>+ Prix par bouteille. <\/p>\n<p>+ 6 bouteilles \/ carton <\/p>\n<p>+ 120 cartons \/ palette (= 720 bouteilles \/ palette) <\/p>\n<p>*Fu\u00dfnoten.<\/p>","protected":false},"excerpt":{"rendered":"<p>Nettoyant universel pour un nettoyage sans traces des surfaces r\u00e9sistantes \u00e0 l&rsquo;eau avec une technique de neutralisation des odeurs brevet\u00e9e. Action et s\u00e9chage rapides. pH neutre. Bouteille de 1 l. Prix par bouteille.6 bouteilles \/ carton120 cartons \/<\/p>","protected":false},"featured_media":30952,"comment_status":"open","ping_status":"closed","template":"","meta":[],"product_brand":[],"product_cat":[143],"product_tag":[],"class_list":{"0":"post-30953","1":"product","2":"type-product","3":"status-publish","4":"has-post-thumbnail","6":"product_cat-nettoyage","8":"first","9":"instock","10":"shipping-taxable","11":"purchasable","12":"product-type-simple"},"_links":{"self":[{"href":"https:\/\/topprixsarl.ch\/de\/wp-json\/wp\/v2\/product\/30953","targetHints":{"allow":["GET"]}}],"collection":[{"href":"https:\/\/topprixsarl.ch\/de\/wp-json\/wp\/v2\/product"}],"about":[{"href":"https:\/\/topprixsarl.ch\/de\/wp-json\/wp\/v2\/types\/product"}],"replies":[{"embeddable":true,"href":"https:\/\/topprixsarl.ch\/de\/wp-json\/wp\/v2\/comments?post=30953"}],"version-history":[{"count":2,"href":"https:\/\/topprixsarl.ch\/de\/wp-json\/wp\/v2\/product\/30953\/revisions"}],"predecessor-version":[{"id":32814,"href":"https:\/\/topprixsarl.ch\/de\/wp-json\/wp\/v2\/product\/30953\/revisions\/32814"}],"wp:featuredmedia":[{"embeddable":true,"href":"https:\/\/topprixsarl.ch\/de\/wp-json\/wp\/v2\/media\/30952"}],"wp:attachment":[{"href":"https:\/\/topprixsarl.ch\/de\/wp-json\/wp\/v2\/media?parent=30953"}],"wp:term":[{"taxonomy":"product_brand","embeddable":true,"href":"https:\/\/topprixsarl.ch\/de\/wp-json\/wp\/v2\/product_brand?post=30953"},{"taxonomy":"product_cat","embeddable":true,"href":"https:\/\/topprixsarl.ch\/de\/wp-json\/wp\/v2\/product_cat?post=30953"},{"taxonomy":"product_tag","embeddable":true,"href":"https:\/\/topprixsarl.ch\/de\/wp-json\/wp\/v2\/product_tag?post=30953"}],"curies":[{"name":"wp","href":"https:\/\/api.w.org\/{rel}","templated":true}]}}