{"id":30941,"date":"2026-01-09T14:34:01","date_gmt":"2026-01-09T14:34:01","guid":{"rendered":"https:\/\/topprixsarl.ch\/product\/porte-desinfectant-bode-euro-donateur-1-plus-levier-a-bras-court-pour-500-ml\/"},"modified":"2026-01-14T14:20:04","modified_gmt":"2026-01-14T14:20:04","slug":"porte-desinfectant-bode-euro-donateur-1-plus-levier-a-bras-court-pour-500-ml","status":"publish","type":"product","link":"https:\/\/topprixsarl.ch\/de\/product\/porte-desinfectant-bode-euro-donateur-1-plus-levier-a-bras-court-pour-500-ml\/","title":{"rendered":"Porte-d\u00e9sinfectant Bode Euro donateur 1 plus, levier \u00e0 bras court, pour 500 ml"},"content":{"rendered":"<p>L&rsquo;ing\u00e9niosit\u00e9 dans la simplicit\u00e9<\/p>\n<p>Aller dans des toilettes inconnues peut \u00eatre intimidant. Des cabines miteuses, pas de papier toilette&#8230; et du savon bon march\u00e9. Sans parler des risques de contamination de tous les \u00e9trangers qui vous ont pr\u00e9c\u00e9d\u00e9. <\/p>\n<p>Mais heureusement, il existe une bonne solution d\u00e9sinfectante pour les mains: le distributeur Bode Euro Dispenser 1 plus.<\/p>\n<p>+ Construction l\u00e9g\u00e8re et facile \u00e0 fixer au mur \u00e0 n&rsquo;importe quel endroit pratique en quelques minutes seulement. <\/p>\n<p>+ Syst\u00e8me de montage simple et dimensions r\u00e9duites, ce produit ne prend pas beaucoup de place. <\/p>\n<p>+ M\u00e9canisme fiable avec un bras m\u00e9tallique robuste : il suffit d&rsquo;une pression pour que l&rsquo;utilisateur se lave les mains avec la quantit\u00e9 parfaite de d\u00e9sinfectant. <\/p>\n<p>+ Des mains propres, une consommation r\u00e9duite et la satisfaction de la client\u00e8le d&rsquo;une simple pression sur un bouton !<\/p>\n<p>+ Assurez une excellente hygi\u00e8ne et un contact minimal avec le distributeur !<\/p>\n<p>> Garantie 2 ans*<\/p>","protected":false},"excerpt":{"rendered":"<p>L&rsquo;ing\u00e9niosit\u00e9 dans la simplicit\u00e9 Aller dans des toilettes inconnues peut \u00eatre intimidant. Des cabines miteuses, pas de papier toilette&#8230; et du savon bon march\u00e9. Sans parler des risques de contamination de tous les \u00e9trangers qui vous ont pr\u00e9c\u00e9d\u00e9. Mai<\/p>","protected":false},"featured_media":30940,"comment_status":"open","ping_status":"closed","template":"","meta":[],"product_brand":[],"product_cat":[143],"product_tag":[],"class_list":{"0":"post-30941","1":"product","2":"type-product","3":"status-publish","4":"has-post-thumbnail","6":"product_cat-nettoyage","8":"first","9":"instock","10":"shipping-taxable","11":"purchasable","12":"product-type-simple"},"_links":{"self":[{"href":"https:\/\/topprixsarl.ch\/de\/wp-json\/wp\/v2\/product\/30941","targetHints":{"allow":["GET"]}}],"collection":[{"href":"https:\/\/topprixsarl.ch\/de\/wp-json\/wp\/v2\/product"}],"about":[{"href":"https:\/\/topprixsarl.ch\/de\/wp-json\/wp\/v2\/types\/product"}],"replies":[{"embeddable":true,"href":"https:\/\/topprixsarl.ch\/de\/wp-json\/wp\/v2\/comments?post=30941"}],"version-history":[{"count":2,"href":"https:\/\/topprixsarl.ch\/de\/wp-json\/wp\/v2\/product\/30941\/revisions"}],"predecessor-version":[{"id":32806,"href":"https:\/\/topprixsarl.ch\/de\/wp-json\/wp\/v2\/product\/30941\/revisions\/32806"}],"wp:featuredmedia":[{"embeddable":true,"href":"https:\/\/topprixsarl.ch\/de\/wp-json\/wp\/v2\/media\/30940"}],"wp:attachment":[{"href":"https:\/\/topprixsarl.ch\/de\/wp-json\/wp\/v2\/media?parent=30941"}],"wp:term":[{"taxonomy":"product_brand","embeddable":true,"href":"https:\/\/topprixsarl.ch\/de\/wp-json\/wp\/v2\/product_brand?post=30941"},{"taxonomy":"product_cat","embeddable":true,"href":"https:\/\/topprixsarl.ch\/de\/wp-json\/wp\/v2\/product_cat?post=30941"},{"taxonomy":"product_tag","embeddable":true,"href":"https:\/\/topprixsarl.ch\/de\/wp-json\/wp\/v2\/product_tag?post=30941"}],"curies":[{"name":"wp","href":"https:\/\/api.w.org\/{rel}","templated":true}]}}