{"id":30931,"date":"2026-01-09T14:32:50","date_gmt":"2026-01-09T14:32:50","guid":{"rendered":"https:\/\/topprixsarl.ch\/product\/desodorisant-aerosol-premium-fleurs-de-cerisier-dasie-air-wick-pure-250-ml\/"},"modified":"2026-01-14T14:20:04","modified_gmt":"2026-01-14T14:20:04","slug":"desodorisant-aerosol-premium-fleurs-de-cerisier-dasie-air-wick-pure-250-ml","status":"publish","type":"product","link":"https:\/\/topprixsarl.ch\/de\/product\/desodorisant-aerosol-premium-fleurs-de-cerisier-dasie-air-wick-pure-250-ml\/","title":{"rendered":"D\u00e9sodorisant a\u00e9rosol premium Fleurs de cerisier d&rsquo;Asie, Air Wick Pure, 250 ml"},"content":{"rendered":"<p>La vraie magie est plus proche que vous ne le pensez.<\/p>\n<p>Vos toilettes d\u00e9gagent-elles de mauvaises odeurs? Ne vous inqui\u00e9tez pas, il y a une solution: <\/p>\n<p>+ **D\u00e9sodorisant Premium Pure Cherry Blossom Magic d\u2019Air Wick** diffuse un parfum fleuri. <\/p>\n<p>Il suffit d&rsquo;un clic sur le diffuseur pratique pour que vous vous sentiez immerg\u00e9 dans une for\u00eat de cerisiers en fleurs. <\/p>\n<p>+ **Fragrance durable** : La fragrance reste longtemps dans l&rsquo;air, offrant la m\u00eame belle exp\u00e9rience \u00e0 tous les visiteurs allant aux toilettes. <\/p>\n<p>+ **Efficace pour les grands espaces** : Il convient m\u00eame aux grandes toilettes publiques tr\u00e8s fr\u00e9quent\u00e9es. <\/p>\n<p>Cet assainisseur ne masque pas seulement les mauvaises odeurs, il les \u00e9limine compl\u00e8tement.<\/p>\n<p>+ **Flacon compact** : Le flacon compact du parfum est facile \u00e0 garder \u00e0 port\u00e9e de main et sera toujours l\u00e0 en cas de besoin. <\/p>\n<p>+ **Dissolution rapide** : Le liquide se dissout compl\u00e8tement dans l&rsquo;air, emp\u00eachant les gouttes g\u00eanantes de se d\u00e9poser sur vos v\u00eatements. <\/p>\n<p>M\u00eame au quotidien, un flacon de 250 ml \u00e9limine les odeurs d\u00e9sagr\u00e9ables jusqu&rsquo;\u00e0 deux mois. <\/p>\n<p>Fermez les yeux et respirez &#8211; sentez la propret\u00e9!<\/p>\n<p>*Produit biocide*<\/p>\n<p>Les produits biocides doivent \u00eatre utilis\u00e9s avec pr\u00e9caution. Veuillez lire l\u2019\u00e9tiquette et la notice d\u2019emballage avant toute utilisation. <\/p>\n<p>*Produit dangereux.* <\/p>\n<p>Respecter les pr\u00e9cautions d\u2019emploi indiqu\u00e9es sur la fiche de donn\u00e9es de s\u00e9curit\u00e9.<\/p>","protected":false},"excerpt":{"rendered":"<p>La vraie magie est plus proche que vous ne le pensezVos toilettes d\u00e9gagent-elles de mauvaises odeurs? Ne vous inqui\u00e9tez pas, il y a une solution: Le d\u00e9sodorisant Premium Pure Cherry Blossom Magic d\u2019Air Wick diffuse un parfum fleuri. Il suffit d&rsquo;un cl<\/p>","protected":false},"featured_media":30930,"comment_status":"open","ping_status":"closed","template":"","meta":[],"product_brand":[],"product_cat":[142],"product_tag":[],"class_list":{"0":"post-30931","1":"product","2":"type-product","3":"status-publish","4":"has-post-thumbnail","6":"product_cat-entretien","8":"first","9":"instock","10":"shipping-taxable","11":"purchasable","12":"product-type-simple"},"_links":{"self":[{"href":"https:\/\/topprixsarl.ch\/de\/wp-json\/wp\/v2\/product\/30931","targetHints":{"allow":["GET"]}}],"collection":[{"href":"https:\/\/topprixsarl.ch\/de\/wp-json\/wp\/v2\/product"}],"about":[{"href":"https:\/\/topprixsarl.ch\/de\/wp-json\/wp\/v2\/types\/product"}],"replies":[{"embeddable":true,"href":"https:\/\/topprixsarl.ch\/de\/wp-json\/wp\/v2\/comments?post=30931"}],"version-history":[{"count":2,"href":"https:\/\/topprixsarl.ch\/de\/wp-json\/wp\/v2\/product\/30931\/revisions"}],"predecessor-version":[{"id":32801,"href":"https:\/\/topprixsarl.ch\/de\/wp-json\/wp\/v2\/product\/30931\/revisions\/32801"}],"wp:featuredmedia":[{"embeddable":true,"href":"https:\/\/topprixsarl.ch\/de\/wp-json\/wp\/v2\/media\/30930"}],"wp:attachment":[{"href":"https:\/\/topprixsarl.ch\/de\/wp-json\/wp\/v2\/media?parent=30931"}],"wp:term":[{"taxonomy":"product_brand","embeddable":true,"href":"https:\/\/topprixsarl.ch\/de\/wp-json\/wp\/v2\/product_brand?post=30931"},{"taxonomy":"product_cat","embeddable":true,"href":"https:\/\/topprixsarl.ch\/de\/wp-json\/wp\/v2\/product_cat?post=30931"},{"taxonomy":"product_tag","embeddable":true,"href":"https:\/\/topprixsarl.ch\/de\/wp-json\/wp\/v2\/product_tag?post=30931"}],"curies":[{"name":"wp","href":"https:\/\/api.w.org\/{rel}","templated":true}]}}