{"id":30927,"date":"2026-01-09T14:32:19","date_gmt":"2026-01-09T14:32:19","guid":{"rendered":"https:\/\/topprixsarl.ch\/product\/ruban-dymo-d1-durable-12-mm-noir-sur-blanc\/"},"modified":"2026-01-14T14:20:04","modified_gmt":"2026-01-14T14:20:04","slug":"ruban-dymo-d1-durable-12-mm-noir-sur-blanc","status":"publish","type":"product","link":"https:\/\/topprixsarl.ch\/de\/product\/ruban-dymo-d1-durable-12-mm-noir-sur-blanc\/","title":{"rendered":"Ruban Dymo D1 durable &#8211; 12 mm &#8211; noir sur blanc"},"content":{"rendered":"<p>+ Adapt\u00e9e au lave-vaisselle<\/p>\n<p>+ Adh\u00e9sif industriel; plus puissant que les \u00e9tiquettes D1 traditionnelles<\/p>\n<p>+ Con\u00e7ue pour l&rsquo;\u00e9tiquetage \u00e0 l&rsquo;int\u00e9rieur comme \u00e0 l&rsquo;ext\u00e9rieur, ces \u00e9tiquettes supportent les rayons UV, la chaleur, l&rsquo;humidit\u00e9 et les conditions proches du gel<\/p>\n<p>+ R\u00e9siste aux produits chimiques, aux solvants et aux lubrifiants<\/p>\n<p>+ \u00c9tiquette en vinyle de taille standard r\u00e9sistante aux \u00e9raflures<\/p>\n<p>+ Conception \u00e9tanche \/ r\u00e9sistante \u00e0 l&rsquo;eau<\/p>\n<p>+ Adh\u00e8re parfaitement sur les surfaces difficiles \u2013 planes ou courbes<\/p>\n<p>Prix par pi\u00e8ce.<\/p>","protected":false},"excerpt":{"rendered":"<p>1. Adapt\u00e9e au lave-vaisselle2. Adh\u00e9sif industriel; plus puissant que les \u00e9tiquettes D1 traditionnelles3. Con\u00e7ue pour l&rsquo;\u00e9tiquetage \u00e0 l&rsquo;int\u00e9rieur comme \u00e0 l&rsquo;ext\u00e9rieur, ces \u00e9tiquettes supportent les rayons UV, la chaleur, l&rsquo;humidit\u00e9 et les conditions pro<\/p>","protected":false},"featured_media":30926,"comment_status":"open","ping_status":"closed","template":"","meta":[],"product_brand":[],"product_cat":[143],"product_tag":[],"class_list":{"0":"post-30927","1":"product","2":"type-product","3":"status-publish","4":"has-post-thumbnail","6":"product_cat-nettoyage","8":"first","9":"instock","10":"shipping-taxable","11":"purchasable","12":"product-type-simple"},"_links":{"self":[{"href":"https:\/\/topprixsarl.ch\/de\/wp-json\/wp\/v2\/product\/30927","targetHints":{"allow":["GET"]}}],"collection":[{"href":"https:\/\/topprixsarl.ch\/de\/wp-json\/wp\/v2\/product"}],"about":[{"href":"https:\/\/topprixsarl.ch\/de\/wp-json\/wp\/v2\/types\/product"}],"replies":[{"embeddable":true,"href":"https:\/\/topprixsarl.ch\/de\/wp-json\/wp\/v2\/comments?post=30927"}],"version-history":[{"count":2,"href":"https:\/\/topprixsarl.ch\/de\/wp-json\/wp\/v2\/product\/30927\/revisions"}],"predecessor-version":[{"id":32799,"href":"https:\/\/topprixsarl.ch\/de\/wp-json\/wp\/v2\/product\/30927\/revisions\/32799"}],"wp:featuredmedia":[{"embeddable":true,"href":"https:\/\/topprixsarl.ch\/de\/wp-json\/wp\/v2\/media\/30926"}],"wp:attachment":[{"href":"https:\/\/topprixsarl.ch\/de\/wp-json\/wp\/v2\/media?parent=30927"}],"wp:term":[{"taxonomy":"product_brand","embeddable":true,"href":"https:\/\/topprixsarl.ch\/de\/wp-json\/wp\/v2\/product_brand?post=30927"},{"taxonomy":"product_cat","embeddable":true,"href":"https:\/\/topprixsarl.ch\/de\/wp-json\/wp\/v2\/product_cat?post=30927"},{"taxonomy":"product_tag","embeddable":true,"href":"https:\/\/topprixsarl.ch\/de\/wp-json\/wp\/v2\/product_tag?post=30927"}],"curies":[{"name":"wp","href":"https:\/\/api.w.org\/{rel}","templated":true}]}}