{"id":30917,"date":"2026-01-09T14:31:07","date_gmt":"2026-01-09T14:31:07","guid":{"rendered":"https:\/\/topprixsarl.ch\/product\/poches-kolma-lineaverde-copyresistant-a4-90-my-emb-de-100-pces\/"},"modified":"2026-01-14T14:20:05","modified_gmt":"2026-01-14T14:20:05","slug":"poches-kolma-lineaverde-copyresistant-a4-90-my-emb-de-100-pces","status":"publish","type":"product","link":"https:\/\/topprixsarl.ch\/de\/product\/poches-kolma-lineaverde-copyresistant-a4-90-my-emb-de-100-pces\/","title":{"rendered":"Poches Kolma LineaVerde CopyResistant, A4, 90 my, emb. de 100 pces."},"content":{"rendered":"<p>Tout d&rsquo;un seul regard<\/p>\n<p>Rendez vos coll\u00e8gues fiers de vous! Car qui n&rsquo;aime pas montrer le large \u00e9ventail de services et de produits offerts par sa propre entreprise? <\/p>\n<p>Les pochettes de pr\u00e9sentation de la marque Kolma sont id\u00e9ales \u00e0 cet effet. Gr\u00e2ce \u00e0 elles, vos prospectus sont pr\u00e9sent\u00e9s de mani\u00e8re \u00e9l\u00e9gante et incitent ainsi tout le monde \u00e0 y jeter un \u0153il et \u00e0 les parcourir. <\/p>\n<p>+ Utilisation de feuilles jusqu&rsquo;au format A4<\/p>\n<p>Son apparence classique est soulign\u00e9e par la finition mate. Une source d&rsquo;information, une invitation au r\u00eave ou un accessoire servant de base \u00e0 des d\u00e9cisions ult\u00e9rieures: les pochettes de pr\u00e9sentation comme celles de la marque Kolma peuvent remplir de nombreuses fonctions. <\/p>\n<p>+ Cadre id\u00e9al pour vos documents<\/p>\n<p>Et elles cr\u00e9ent le cadre id\u00e9al pour tout cela. Parfaitement polyvalentes gr\u00e2ce \u00e0 leur design bien pens\u00e9, elles permettent de mettre particuli\u00e8rement en valeur les prestations de services et les produits que vous offrez. <\/p>\n<p>+ Design bien pens\u00e9 et polyvalent<\/p>\n<p>N&rsquo;h\u00e9sitez pas \u00e0 acheter cet argument de vente!*<\/p>","protected":false},"excerpt":{"rendered":"<p>Tout d&rsquo;un seul regard Rendez vos coll\u00e8gues fiers de vous! Car qui n&rsquo;aime pas montrer le large \u00e9ventail de services et de produits offerts par sa propre entreprise? Les pochettes de pr\u00e9sentation de la marque Kolma sont id\u00e9ales \u00e0 cet effet. Gr\u00e2ce \u00e0 ell<\/p>","protected":false},"featured_media":30916,"comment_status":"open","ping_status":"closed","template":"","meta":[],"product_brand":[],"product_cat":[137],"product_tag":[],"class_list":{"0":"post-30917","1":"product","2":"type-product","3":"status-publish","4":"has-post-thumbnail","6":"product_cat-article-offic","8":"first","9":"instock","10":"shipping-taxable","11":"purchasable","12":"product-type-simple"},"_links":{"self":[{"href":"https:\/\/topprixsarl.ch\/de\/wp-json\/wp\/v2\/product\/30917","targetHints":{"allow":["GET"]}}],"collection":[{"href":"https:\/\/topprixsarl.ch\/de\/wp-json\/wp\/v2\/product"}],"about":[{"href":"https:\/\/topprixsarl.ch\/de\/wp-json\/wp\/v2\/types\/product"}],"replies":[{"embeddable":true,"href":"https:\/\/topprixsarl.ch\/de\/wp-json\/wp\/v2\/comments?post=30917"}],"version-history":[{"count":2,"href":"https:\/\/topprixsarl.ch\/de\/wp-json\/wp\/v2\/product\/30917\/revisions"}],"predecessor-version":[{"id":32794,"href":"https:\/\/topprixsarl.ch\/de\/wp-json\/wp\/v2\/product\/30917\/revisions\/32794"}],"wp:featuredmedia":[{"embeddable":true,"href":"https:\/\/topprixsarl.ch\/de\/wp-json\/wp\/v2\/media\/30916"}],"wp:attachment":[{"href":"https:\/\/topprixsarl.ch\/de\/wp-json\/wp\/v2\/media?parent=30917"}],"wp:term":[{"taxonomy":"product_brand","embeddable":true,"href":"https:\/\/topprixsarl.ch\/de\/wp-json\/wp\/v2\/product_brand?post=30917"},{"taxonomy":"product_cat","embeddable":true,"href":"https:\/\/topprixsarl.ch\/de\/wp-json\/wp\/v2\/product_cat?post=30917"},{"taxonomy":"product_tag","embeddable":true,"href":"https:\/\/topprixsarl.ch\/de\/wp-json\/wp\/v2\/product_tag?post=30917"}],"curies":[{"name":"wp","href":"https:\/\/api.w.org\/{rel}","templated":true}]}}