{"id":30915,"date":"2026-01-09T14:30:51","date_gmt":"2026-01-09T14:30:51","guid":{"rendered":"https:\/\/topprixsarl.ch\/product\/nettoyant-dacier-inoxydable-diversey-suma-inox-d7-1-0-7-l-pret-a-utiliser\/"},"modified":"2026-01-14T14:20:05","modified_gmt":"2026-01-14T14:20:05","slug":"nettoyant-dacier-inoxydable-diversey-suma-inox-d7-1-0-7-l-pret-a-utiliser","status":"publish","type":"product","link":"https:\/\/topprixsarl.ch\/de\/product\/nettoyant-dacier-inoxydable-diversey-suma-inox-d7-1-0-7-l-pret-a-utiliser\/","title":{"rendered":"Nettoyant d\u2019acier inoxydable Diversey Suma Inox D7.1, 0.7 l, pr\u00eat \u00e0 utiliser"},"content":{"rendered":"<p>Un entretien noble pour une brillance \u00e9clatante<\/p>\n<p>L&rsquo;acier inoxydable a besoin d&rsquo;un entretien tr\u00e8s particulier pour conserver son \u00e9clat typique et sa propret\u00e9 hygi\u00e9nique. Des produits ou mat\u00e9riaux de nettoyage inappropri\u00e9s peuvent endommager les surfaces et m\u00eame favoriser la prolif\u00e9ration des germes. Veillez donc \u00e0 utiliser les bons produits pour conserver longtemps votre \u00e9quipement en pleine forme.<\/p>\n<p>+ Suma Inox D7.1 est un polish sp\u00e9cialement con\u00e7u pour les surfaces en acier inoxydable dans les locaux soumis \u00e0 des exigences d&rsquo;hygi\u00e8ne particuli\u00e8res.<\/p>\n<p>+ Id\u00e9al pour le nettoyage des r\u00e9frig\u00e9rateurs, des portes de cong\u00e9lateurs, des chariots de restauration et des lave-vaisselle qui ne sont normalement pas en contact direct avec les aliments.<\/p>\n<p>+ La formule pr\u00eate \u00e0 l&#8217;emploi \u00e9limine les taches et les salissures l\u00e9g\u00e8res en un seul coup d&rsquo;\u00e9ponge, tout en pr\u00e9servant les surfaces gr\u00e2ce \u00e0 des huiles d&rsquo;entretien s\u00e9lectionn\u00e9es qui laissent un film protecteur.<\/p>\n<p>+ Celui-ci a un effet r\u00e9pulsif contre les traces de doigts ou les taches d&rsquo;eau et aide \u00e0 conserver le plus longtemps possible l&rsquo;aspect brillant de vos surfaces en acier inoxydable.<\/p>\n<p>Brillez avec des surfaces \u00e9clatantes de propret\u00e9!<\/p>\n<p>6 bouteilles \/ carton<\/p>\n<p>95 cartons \/ palette (=570 bouteilles \/ palette)<\/p>","protected":false},"excerpt":{"rendered":"<p>Un entretien noble pour une brillance \u00e9clatante L&rsquo;acier inoxydable a besoin d&rsquo;un entretien tr\u00e8s particulier pour conserver son \u00e9clat typique et sa propret\u00e9 hygi\u00e9nique. Des produits ou mat\u00e9riaux de nettoyage inappropri\u00e9s peuvent endommager les surface<\/p>","protected":false},"featured_media":30914,"comment_status":"open","ping_status":"closed","template":"","meta":[],"product_brand":[],"product_cat":[143],"product_tag":[],"class_list":{"0":"post-30915","1":"product","2":"type-product","3":"status-publish","4":"has-post-thumbnail","6":"product_cat-nettoyage","8":"first","9":"instock","10":"shipping-taxable","11":"purchasable","12":"product-type-simple"},"_links":{"self":[{"href":"https:\/\/topprixsarl.ch\/de\/wp-json\/wp\/v2\/product\/30915","targetHints":{"allow":["GET"]}}],"collection":[{"href":"https:\/\/topprixsarl.ch\/de\/wp-json\/wp\/v2\/product"}],"about":[{"href":"https:\/\/topprixsarl.ch\/de\/wp-json\/wp\/v2\/types\/product"}],"replies":[{"embeddable":true,"href":"https:\/\/topprixsarl.ch\/de\/wp-json\/wp\/v2\/comments?post=30915"}],"version-history":[{"count":2,"href":"https:\/\/topprixsarl.ch\/de\/wp-json\/wp\/v2\/product\/30915\/revisions"}],"predecessor-version":[{"id":32793,"href":"https:\/\/topprixsarl.ch\/de\/wp-json\/wp\/v2\/product\/30915\/revisions\/32793"}],"wp:featuredmedia":[{"embeddable":true,"href":"https:\/\/topprixsarl.ch\/de\/wp-json\/wp\/v2\/media\/30914"}],"wp:attachment":[{"href":"https:\/\/topprixsarl.ch\/de\/wp-json\/wp\/v2\/media?parent=30915"}],"wp:term":[{"taxonomy":"product_brand","embeddable":true,"href":"https:\/\/topprixsarl.ch\/de\/wp-json\/wp\/v2\/product_brand?post=30915"},{"taxonomy":"product_cat","embeddable":true,"href":"https:\/\/topprixsarl.ch\/de\/wp-json\/wp\/v2\/product_cat?post=30915"},{"taxonomy":"product_tag","embeddable":true,"href":"https:\/\/topprixsarl.ch\/de\/wp-json\/wp\/v2\/product_tag?post=30915"}],"curies":[{"name":"wp","href":"https:\/\/api.w.org\/{rel}","templated":true}]}}