{"id":30913,"date":"2026-01-09T14:30:35","date_gmt":"2026-01-09T14:30:35","guid":{"rendered":"https:\/\/topprixsarl.ch\/product\/cartouche-de-toner-brother-tn3520-noire\/"},"modified":"2026-01-14T14:20:05","modified_gmt":"2026-01-14T14:20:05","slug":"cartouche-de-toner-brother-tn3520-noire","status":"publish","type":"product","link":"https:\/\/topprixsarl.ch\/de\/product\/cartouche-de-toner-brother-tn3520-noire\/","title":{"rendered":"Cartouche de toner Brother TN3520 &#8211; noire"},"content":{"rendered":"<p>Commandez d\u00e8s maintenant des couleurs nettes pour des documents expressifs !<\/p>\n<p>Il n&rsquo;y a rien de plus d\u00e9sagr\u00e9able au quotidien que d&rsquo;avoir des cartouches de toner vides et aucun remplacement sous la main. Assurez-vous un d\u00e9roulement sans heurts de votre travail et \u00e9vitez les interruptions inutiles dues \u00e0 des cartouches de toner vides.<\/p>\n<p>+ TONER NOIR BROTHER TN3520P : l&rsquo;accessoire qu&rsquo;il faut toujours avoir en r\u00e9serve, car son contenu de haute qualit\u00e9 garantit des contours nets, sans ombres ni voiles.<\/p>\n<p>+ Performance : en achetant ce produit, vous optez pour un produit v\u00e9ritablement performant : il vous permettra d&rsquo;imprimer jusqu&rsquo;\u00e0 20 000 pages A4.<\/p>\n<p>+ Id\u00e9al pour une utilisation quotidienne : l&rsquo;imprimante laser est parfaite pour le travail.<\/p>\n<p>+ Couverture optimale : cet article offre une couverture optimale des couleurs en noir.<\/p>\n<p>+ Produit de marque authentique : en tant que produit \u00e0 l&rsquo;\u00e9tat neuf, il vous s\u00e9duira par sa grande qualit\u00e9.<\/p>\n<p>Un achat vous donne droit \u00e0 un article. Offrez-vous une exp\u00e9rience d&rsquo;impression impeccable ! Assurez-vous de respecter vos normes gr\u00e2ce \u00e0 cet accessoire !<\/p>\n<p>> Garantie 2 ans*<\/p>","protected":false},"excerpt":{"rendered":"<p>Commandez d\u00e8s maintenant des couleurs nettes pour des documents expressifs ! Il n&rsquo;y a rien de plus d\u00e9sagr\u00e9able au quotidien que d&rsquo;avoir des cartouches de toner vides et aucun remplacement sous la main. Assurez-vous un d\u00e9roulement sans heurts de votre<\/p>","protected":false},"featured_media":30912,"comment_status":"open","ping_status":"closed","template":"","meta":[],"product_brand":[],"product_cat":[137],"product_tag":[],"class_list":{"0":"post-30913","1":"product","2":"type-product","3":"status-publish","4":"has-post-thumbnail","6":"product_cat-article-offic","8":"first","9":"instock","10":"shipping-taxable","11":"purchasable","12":"product-type-simple"},"_links":{"self":[{"href":"https:\/\/topprixsarl.ch\/de\/wp-json\/wp\/v2\/product\/30913","targetHints":{"allow":["GET"]}}],"collection":[{"href":"https:\/\/topprixsarl.ch\/de\/wp-json\/wp\/v2\/product"}],"about":[{"href":"https:\/\/topprixsarl.ch\/de\/wp-json\/wp\/v2\/types\/product"}],"replies":[{"embeddable":true,"href":"https:\/\/topprixsarl.ch\/de\/wp-json\/wp\/v2\/comments?post=30913"}],"version-history":[{"count":2,"href":"https:\/\/topprixsarl.ch\/de\/wp-json\/wp\/v2\/product\/30913\/revisions"}],"predecessor-version":[{"id":32792,"href":"https:\/\/topprixsarl.ch\/de\/wp-json\/wp\/v2\/product\/30913\/revisions\/32792"}],"wp:featuredmedia":[{"embeddable":true,"href":"https:\/\/topprixsarl.ch\/de\/wp-json\/wp\/v2\/media\/30912"}],"wp:attachment":[{"href":"https:\/\/topprixsarl.ch\/de\/wp-json\/wp\/v2\/media?parent=30913"}],"wp:term":[{"taxonomy":"product_brand","embeddable":true,"href":"https:\/\/topprixsarl.ch\/de\/wp-json\/wp\/v2\/product_brand?post=30913"},{"taxonomy":"product_cat","embeddable":true,"href":"https:\/\/topprixsarl.ch\/de\/wp-json\/wp\/v2\/product_cat?post=30913"},{"taxonomy":"product_tag","embeddable":true,"href":"https:\/\/topprixsarl.ch\/de\/wp-json\/wp\/v2\/product_tag?post=30913"}],"curies":[{"name":"wp","href":"https:\/\/api.w.org\/{rel}","templated":true}]}}