{"id":30903,"date":"2026-01-09T14:29:25","date_gmt":"2026-01-09T14:29:25","guid":{"rendered":"https:\/\/topprixsarl.ch\/product\/cartouche-dencre-hp-903-t6l87ae-cyan\/"},"modified":"2026-01-14T14:20:05","modified_gmt":"2026-01-14T14:20:05","slug":"cartouche-dencre-hp-903-t6l87ae-cyan","status":"publish","type":"product","link":"https:\/\/topprixsarl.ch\/de\/product\/cartouche-dencre-hp-903-t6l87ae-cyan\/","title":{"rendered":"Cartouche d&rsquo;encre HP 903 &#8211; T6L87AE &#8211; cyan"},"content":{"rendered":"<p>R\u00e9pondez \u00e0 vos besoins en impression avec HP. <\/p>\n<p>Si vous voulez une technologie d&rsquo;impression innovante, les cartouches d&rsquo;encre HP sont faites pour vous. Vous obtiendrez des documents pr\u00e9cis avec des bords nets. <\/p>\n<p>Cette cartouche de couleur cyan est parfaite pour toutes vos impressions en couleur. <\/p>\n<p>Il s&rsquo;agit d&rsquo;un produit de marque authentique, neuf, qui vous s\u00e9duira par sa grande qualit\u00e9. <\/p>\n<p>+ Code fabricant : T6L87AE<br \/>\n+ Nombre d&rsquo;unit\u00e9s emball\u00e9es : 1<br \/>\n+ Couleur : cyan<br \/>\n+ Contenance : 4 ml  <\/p>\n<p>Notre service de r\u00e9approvisionnement automatique de vos consommables vous permettra de mieux g\u00e9rer votre budget et de vous assurer une plus grande tranquillit\u00e9 d&rsquo;esprit. <\/p>\n<p>Nous r\u00e9cup\u00e9rons et revalorisons les cartouches usag\u00e9es gr\u00e2ce \u00e0 notre container de r\u00e9cup\u00e9ration (r\u00e9f\u00e9rence : 2.157.879). <\/p>\n<p>Commandez d\u00e8s \u00e0 pr\u00e9sent ! <\/p>\n<p>> Garantie 2 ans<\/p>","protected":false},"excerpt":{"rendered":"<p>R\u00e9pondez \u00e0 vos besoins en impression avec HP Si vous voulez une technologie d&rsquo;impression innovante, les cartouches d&rsquo;encre HP sont faites pour vous. Vous obtiendrez des documents pr\u00e9cis avec des bords nets. Cette cartouche de couleur cyan est parfait<\/p>","protected":false},"featured_media":30902,"comment_status":"open","ping_status":"closed","template":"","meta":[],"product_brand":[],"product_cat":[137],"product_tag":[],"class_list":{"0":"post-30903","1":"product","2":"type-product","3":"status-publish","4":"has-post-thumbnail","6":"product_cat-article-offic","8":"first","9":"instock","10":"shipping-taxable","11":"purchasable","12":"product-type-simple"},"_links":{"self":[{"href":"https:\/\/topprixsarl.ch\/de\/wp-json\/wp\/v2\/product\/30903","targetHints":{"allow":["GET"]}}],"collection":[{"href":"https:\/\/topprixsarl.ch\/de\/wp-json\/wp\/v2\/product"}],"about":[{"href":"https:\/\/topprixsarl.ch\/de\/wp-json\/wp\/v2\/types\/product"}],"replies":[{"embeddable":true,"href":"https:\/\/topprixsarl.ch\/de\/wp-json\/wp\/v2\/comments?post=30903"}],"version-history":[{"count":2,"href":"https:\/\/topprixsarl.ch\/de\/wp-json\/wp\/v2\/product\/30903\/revisions"}],"predecessor-version":[{"id":32789,"href":"https:\/\/topprixsarl.ch\/de\/wp-json\/wp\/v2\/product\/30903\/revisions\/32789"}],"wp:featuredmedia":[{"embeddable":true,"href":"https:\/\/topprixsarl.ch\/de\/wp-json\/wp\/v2\/media\/30902"}],"wp:attachment":[{"href":"https:\/\/topprixsarl.ch\/de\/wp-json\/wp\/v2\/media?parent=30903"}],"wp:term":[{"taxonomy":"product_brand","embeddable":true,"href":"https:\/\/topprixsarl.ch\/de\/wp-json\/wp\/v2\/product_brand?post=30903"},{"taxonomy":"product_cat","embeddable":true,"href":"https:\/\/topprixsarl.ch\/de\/wp-json\/wp\/v2\/product_cat?post=30903"},{"taxonomy":"product_tag","embeddable":true,"href":"https:\/\/topprixsarl.ch\/de\/wp-json\/wp\/v2\/product_tag?post=30903"}],"curies":[{"name":"wp","href":"https:\/\/api.w.org\/{rel}","templated":true}]}}