{"id":30901,"date":"2026-01-09T14:29:11","date_gmt":"2026-01-09T14:29:11","guid":{"rendered":"https:\/\/topprixsarl.ch\/product\/cartouche-dencre-hp-903-t6l95ae-jaune\/"},"modified":"2026-01-14T14:20:05","modified_gmt":"2026-01-14T14:20:05","slug":"cartouche-dencre-hp-903-t6l95ae-jaune","status":"publish","type":"product","link":"https:\/\/topprixsarl.ch\/de\/product\/cartouche-dencre-hp-903-t6l95ae-jaune\/","title":{"rendered":"Cartouche d&rsquo;encre HP 903- T6L95AE- jaune"},"content":{"rendered":"<p>**Cartouche d&rsquo;encre HP : des couleurs vives et \u00e9clatantes**<\/p>\n<p>En vous offrant une technologie d&rsquo;impression de pointe, vous faites le choix de la qualit\u00e9. Les cartouches d&rsquo;encre HP sont les consommables id\u00e9aux pour votre imprimante. <\/p>\n<p>+ **Qualit\u00e9 d&rsquo;impression in\u00e9gal\u00e9e**<br \/> + **Couleurs intenses**<br \/> + **Documents pr\u00e9cis aux bords nets** <\/p>\n<p>Vous b\u00e9n\u00e9ficiez d&rsquo;une qualit\u00e9 d&rsquo;impression in\u00e9gal\u00e9e et de couleurs intenses gr\u00e2ce \u00e0 cette cartouche de couleur jaune. Il s&rsquo;agit d&rsquo;un produit de marque authentique, neuf, qui vous conviendra par sa grande qualit\u00e9. <\/p>\n<p>**Caract\u00e9ristiques :**<br \/>&#8211; **Code fabricant :** T6L95AE<br \/>&#8211; **Nombre d&rsquo;unit\u00e9s emball\u00e9es :** 1<br \/>&#8211; **Couleur :** jaune<br \/>&#8211; **Contenance :** 4 ml <\/p>\n<p>Notre service de r\u00e9approvisionnement automatique est la solution parfaite pour mieux g\u00e9rer votre budget et vous assurer une tranquillit\u00e9 d&rsquo;esprit. <\/p>\n<p>Vos cartouches usag\u00e9es ne sont pas des d\u00e9chets ! D\u00e9posez-les dans le container (r\u00e9f\u00e9rence : 2.157.879). <\/p>\n<p>Ce produit va vous impressionner, commandez d\u00e8s maintenant ! <\/p>\n<p>> **Garantie 2 ans**<\/p>","protected":false},"excerpt":{"rendered":"<p>Cartouche d&rsquo;encre HP : des couleurs vives et \u00e9clatantes En vous offrant une technologie d&rsquo;impression de pointe, vous faites le choix de la qualit\u00e9. Les cartouches d&rsquo;encre HP sont les consommables id\u00e9aux pour votre imprimante. Ils vous permettent d&rsquo;ob<\/p>","protected":false},"featured_media":30900,"comment_status":"open","ping_status":"closed","template":"","meta":[],"product_brand":[],"product_cat":[137],"product_tag":[],"class_list":{"0":"post-30901","1":"product","2":"type-product","3":"status-publish","4":"has-post-thumbnail","6":"product_cat-article-offic","8":"first","9":"instock","10":"shipping-taxable","11":"purchasable","12":"product-type-simple"},"_links":{"self":[{"href":"https:\/\/topprixsarl.ch\/de\/wp-json\/wp\/v2\/product\/30901","targetHints":{"allow":["GET"]}}],"collection":[{"href":"https:\/\/topprixsarl.ch\/de\/wp-json\/wp\/v2\/product"}],"about":[{"href":"https:\/\/topprixsarl.ch\/de\/wp-json\/wp\/v2\/types\/product"}],"replies":[{"embeddable":true,"href":"https:\/\/topprixsarl.ch\/de\/wp-json\/wp\/v2\/comments?post=30901"}],"version-history":[{"count":3,"href":"https:\/\/topprixsarl.ch\/de\/wp-json\/wp\/v2\/product\/30901\/revisions"}],"predecessor-version":[{"id":33278,"href":"https:\/\/topprixsarl.ch\/de\/wp-json\/wp\/v2\/product\/30901\/revisions\/33278"}],"wp:featuredmedia":[{"embeddable":true,"href":"https:\/\/topprixsarl.ch\/de\/wp-json\/wp\/v2\/media\/30900"}],"wp:attachment":[{"href":"https:\/\/topprixsarl.ch\/de\/wp-json\/wp\/v2\/media?parent=30901"}],"wp:term":[{"taxonomy":"product_brand","embeddable":true,"href":"https:\/\/topprixsarl.ch\/de\/wp-json\/wp\/v2\/product_brand?post=30901"},{"taxonomy":"product_cat","embeddable":true,"href":"https:\/\/topprixsarl.ch\/de\/wp-json\/wp\/v2\/product_cat?post=30901"},{"taxonomy":"product_tag","embeddable":true,"href":"https:\/\/topprixsarl.ch\/de\/wp-json\/wp\/v2\/product_tag?post=30901"}],"curies":[{"name":"wp","href":"https:\/\/api.w.org\/{rel}","templated":true}]}}