{"id":30885,"date":"2026-01-09T14:27:17","date_gmt":"2026-01-09T14:27:17","guid":{"rendered":"https:\/\/topprixsarl.ch\/product\/cartouche-dencre-brother-lc3219xl-m-magenta\/"},"modified":"2026-01-14T14:20:06","modified_gmt":"2026-01-14T14:20:06","slug":"cartouche-dencre-brother-lc3219xl-m-magenta","status":"publish","type":"product","link":"https:\/\/topprixsarl.ch\/de\/product\/cartouche-dencre-brother-lc3219xl-m-magenta\/","title":{"rendered":"Cartouche d&rsquo;encre Brother LC3219XL M- magenta"},"content":{"rendered":"<p>Des r\u00e9sultats pr\u00e9cis et des couleurs riches : cette cartouche d&rsquo;encre Brother va vous inspirer ! En vous offrant une technologie d&rsquo;impression de pointe, vous faites le choix de la qualit\u00e9. <\/p>\n<p>+ Technologie d&rsquo;impression de pointe pour des r\u00e9sultats pr\u00e9cis<br \/> + Id\u00e9ale pour obtenir des documents aux bords nets <\/p>\n<p>Les cartouches d&rsquo;encre Brother sont les consommables id\u00e9aux pour votre imprimante. La cartouche de couleur magenta est la solution id\u00e9ale pour une qualit\u00e9 d&rsquo;impression irr\u00e9prochable et des couleurs vives et \u00e9clatantes. <\/p>\n<p>+ Couleur : magenta<br \/> + Contenance : 16.5 ml<br \/> + Code fabricant : LC-3219XL<br \/> + Nombre d&rsquo;unit\u00e9s emball\u00e9es : 1 <\/p>\n<p>En choisissant ce produit de marque authentique et neuf, vous optez pour la qualit\u00e9 et la fiabilit\u00e9. En vous abonnant \u00e0 notre service de r\u00e9approvisionnement automatique de vos consommables, vous b\u00e9n\u00e9ficierez d&rsquo;un meilleur contr\u00f4le de votre budget et d&rsquo;une plus grande tranquillit\u00e9 d&rsquo;esprit. <\/p>\n<p>En fin de vie, vos cartouches ont encore une utilit\u00e9 : d\u00e9posez-les dans le container (r\u00e9f\u00e9rence : 2.157.879). <\/p>\n<p>Ajoutez ce produit \u00e0 votre panier, et commandez d\u00e8s maintenant ! <\/p>\n<p>> Garantie 2 ans*<\/p>","protected":false},"excerpt":{"rendered":"<p>Des r\u00e9sultats pr\u00e9cis et des couleurs riches : cette cartouche d&rsquo;encre Brother va vous inspirer ! En vous offrant une technologie d&rsquo;impression de pointe, vous faites le choix de la qualit\u00e9. Les cartouches d&rsquo;encre Brother sont les consommables id\u00e9aux p<\/p>","protected":false},"featured_media":30884,"comment_status":"open","ping_status":"closed","template":"","meta":[],"product_brand":[],"product_cat":[137],"product_tag":[],"class_list":{"0":"post-30885","1":"product","2":"type-product","3":"status-publish","4":"has-post-thumbnail","6":"product_cat-papier","8":"first","9":"instock","10":"shipping-taxable","11":"purchasable","12":"product-type-simple"},"_links":{"self":[{"href":"https:\/\/topprixsarl.ch\/de\/wp-json\/wp\/v2\/product\/30885","targetHints":{"allow":["GET"]}}],"collection":[{"href":"https:\/\/topprixsarl.ch\/de\/wp-json\/wp\/v2\/product"}],"about":[{"href":"https:\/\/topprixsarl.ch\/de\/wp-json\/wp\/v2\/types\/product"}],"replies":[{"embeddable":true,"href":"https:\/\/topprixsarl.ch\/de\/wp-json\/wp\/v2\/comments?post=30885"}],"version-history":[{"count":3,"href":"https:\/\/topprixsarl.ch\/de\/wp-json\/wp\/v2\/product\/30885\/revisions"}],"predecessor-version":[{"id":33285,"href":"https:\/\/topprixsarl.ch\/de\/wp-json\/wp\/v2\/product\/30885\/revisions\/33285"}],"wp:featuredmedia":[{"embeddable":true,"href":"https:\/\/topprixsarl.ch\/de\/wp-json\/wp\/v2\/media\/30884"}],"wp:attachment":[{"href":"https:\/\/topprixsarl.ch\/de\/wp-json\/wp\/v2\/media?parent=30885"}],"wp:term":[{"taxonomy":"product_brand","embeddable":true,"href":"https:\/\/topprixsarl.ch\/de\/wp-json\/wp\/v2\/product_brand?post=30885"},{"taxonomy":"product_cat","embeddable":true,"href":"https:\/\/topprixsarl.ch\/de\/wp-json\/wp\/v2\/product_cat?post=30885"},{"taxonomy":"product_tag","embeddable":true,"href":"https:\/\/topprixsarl.ch\/de\/wp-json\/wp\/v2\/product_tag?post=30885"}],"curies":[{"name":"wp","href":"https:\/\/api.w.org\/{rel}","templated":true}]}}