{"id":30883,"date":"2026-01-09T14:27:03","date_gmt":"2026-01-09T14:27:03","guid":{"rendered":"https:\/\/topprixsarl.ch\/product\/cartouche-dencre-brother-lc3219xl-y-jaune\/"},"modified":"2026-01-14T14:20:06","modified_gmt":"2026-01-14T14:20:06","slug":"cartouche-dencre-brother-lc3219xl-y-jaune","status":"publish","type":"product","link":"https:\/\/topprixsarl.ch\/de\/product\/cartouche-dencre-brother-lc3219xl-y-jaune\/","title":{"rendered":"Cartouche d&rsquo;encre Brother LC3219XL Y &#8211; jaune"},"content":{"rendered":"<p>Des r\u00e9sultats pr\u00e9cis et des couleurs riches : cette cartouche d&rsquo;encre Brother va vous inspirer !<\/p>\n<p>Si vous voulez une technologie d&rsquo;impression innovante, les cartouches d&rsquo;encre Brother sont faites pour vous. Vous obtiendrez des documents pr\u00e9cis avec des bords nets. <\/p>\n<p>Vous b\u00e9n\u00e9ficiez d&rsquo;une qualit\u00e9 d&rsquo;impression in\u00e9gal\u00e9e et de couleurs intenses gr\u00e2ce \u00e0 cette cartouche de couleur jaune. Il s&rsquo;agit d&rsquo;un produit de marque authentique, neuf, qui vous conviendra par sa grande qualit\u00e9. <\/p>\n<p>+ Code fabricant : LC-3219XL<br \/>\n+ Nombre d&rsquo;unit\u00e9s emball\u00e9es : 1<br \/>\n+ Couleur : jaune<br \/>\n+ Contenance : 16.5 ml  <\/p>\n<p>Profitez de notre service de r\u00e9approvisionnement automatique de vos consommables, pour un budget ma\u00eetris\u00e9 et une tranquillit\u00e9 assur\u00e9e ! <\/p>\n<p>Nous r\u00e9cup\u00e9rons et revalorisons les cartouches usag\u00e9es gr\u00e2ce \u00e0 notre container de r\u00e9cup\u00e9ration (r\u00e9f\u00e9rence : 2.157.879). <\/p>\n<p>Soyez fier de partager vos impressions ! <\/p>\n<p>> Garantie 2 ans*<\/p>","protected":false},"excerpt":{"rendered":"<p>Des r\u00e9sultats pr\u00e9cis et des couleurs riches : cette cartouche d&rsquo;encre Brother va vous inspirer ! Si vous voulez une technologie d&rsquo;impression innovante, les cartouches d&rsquo;encre Brother sont faites pour vous. Vous obtiendrez des documents pr\u00e9cis avec de<\/p>","protected":false},"featured_media":30882,"comment_status":"open","ping_status":"closed","template":"","meta":[],"product_brand":[],"product_cat":[137],"product_tag":[],"class_list":{"0":"post-30883","1":"product","2":"type-product","3":"status-publish","4":"has-post-thumbnail","6":"product_cat-papier","8":"first","9":"instock","10":"shipping-taxable","11":"purchasable","12":"product-type-simple"},"_links":{"self":[{"href":"https:\/\/topprixsarl.ch\/de\/wp-json\/wp\/v2\/product\/30883","targetHints":{"allow":["GET"]}}],"collection":[{"href":"https:\/\/topprixsarl.ch\/de\/wp-json\/wp\/v2\/product"}],"about":[{"href":"https:\/\/topprixsarl.ch\/de\/wp-json\/wp\/v2\/types\/product"}],"replies":[{"embeddable":true,"href":"https:\/\/topprixsarl.ch\/de\/wp-json\/wp\/v2\/comments?post=30883"}],"version-history":[{"count":2,"href":"https:\/\/topprixsarl.ch\/de\/wp-json\/wp\/v2\/product\/30883\/revisions"}],"predecessor-version":[{"id":32779,"href":"https:\/\/topprixsarl.ch\/de\/wp-json\/wp\/v2\/product\/30883\/revisions\/32779"}],"wp:featuredmedia":[{"embeddable":true,"href":"https:\/\/topprixsarl.ch\/de\/wp-json\/wp\/v2\/media\/30882"}],"wp:attachment":[{"href":"https:\/\/topprixsarl.ch\/de\/wp-json\/wp\/v2\/media?parent=30883"}],"wp:term":[{"taxonomy":"product_brand","embeddable":true,"href":"https:\/\/topprixsarl.ch\/de\/wp-json\/wp\/v2\/product_brand?post=30883"},{"taxonomy":"product_cat","embeddable":true,"href":"https:\/\/topprixsarl.ch\/de\/wp-json\/wp\/v2\/product_cat?post=30883"},{"taxonomy":"product_tag","embeddable":true,"href":"https:\/\/topprixsarl.ch\/de\/wp-json\/wp\/v2\/product_tag?post=30883"}],"curies":[{"name":"wp","href":"https:\/\/api.w.org\/{rel}","templated":true}]}}