{"id":30859,"date":"2026-01-09T14:24:11","date_gmt":"2026-01-09T14:24:11","guid":{"rendered":"https:\/\/topprixsarl.ch\/product\/cartouche-dencre-hp-973x-l0s07ae-noire\/"},"modified":"2026-01-14T14:20:07","modified_gmt":"2026-01-14T14:20:07","slug":"cartouche-dencre-hp-973x-l0s07ae-noire","status":"publish","type":"product","link":"https:\/\/topprixsarl.ch\/de\/product\/cartouche-dencre-hp-973x-l0s07ae-noire\/","title":{"rendered":"Cartouche d&rsquo;encre HP 973X- L0S07AE- noire"},"content":{"rendered":"<p>**Cartouche d&rsquo;encre HP : la solution id\u00e9ale pour votre imprimante**<\/p>\n<p>Les cartouches d&rsquo;encre sont un \u00e9l\u00e9ment incontournable de l&rsquo;environnement bureautique d&rsquo;aujourd&rsquo;hui, on ne peut tout simplement pas s&rsquo;en passer. <\/p>\n<p>Optez pour HP, et vous profiterez d&rsquo;une qualit\u00e9 et d&rsquo;une pr\u00e9cision optimales pour r\u00e9pondre \u00e0 vos besoins quotidiens. Gr\u00e2ce \u00e0 l&rsquo;encre noire de qualit\u00e9 sup\u00e9rieure et \u00e0 la technologie avanc\u00e9e d&rsquo;HP, vos tirages artistiques et vos photographies en noir et blanc seront parfaits. <\/p>\n<p>En choisissant ce produit de marque authentique et neuf, vous optez pour la qualit\u00e9 et la fiabilit\u00e9. <\/p>\n<p>**Caract\u00e9ristiques du produit :**<\/p>\n<p>+ **Code fabricant :** L0S07AE<br \/> + **Nombre d&rsquo;unit\u00e9s emball\u00e9es :** 1<br \/> + **Couleur :** noir<br \/> + **Contenance :** 182.5 ml <\/p>\n<p>Notre service de r\u00e9approvisionnement automatique est la solution parfaite pour mieux g\u00e9rer votre budget et vous assurer une tranquillit\u00e9 d&rsquo;esprit. <\/p>\n<p>En fin de vie, vos cartouches ont encore une utilit\u00e9 : d\u00e9posez-les dans le container (r\u00e9f\u00e9rence : 2.157.879). Une vraie solution professionnelle dans votre quotidien. <\/p>\n<p>> **Garantie 2 ans**<\/p>","protected":false},"excerpt":{"rendered":"<p>Cartouche d&rsquo;encre HP : la solution id\u00e9ale pour votre imprimante Les cartouches d&rsquo;encre sont un \u00e9l\u00e9ment incontournable de l&rsquo;environnement bureautique d&rsquo;aujourd&rsquo;hui, on ne peut tout simplement pas s&rsquo;en passer. Optez pour HP, et vous profiterez d&rsquo;une qu<\/p>","protected":false},"featured_media":30858,"comment_status":"open","ping_status":"closed","template":"","meta":[],"product_brand":[],"product_cat":[137],"product_tag":[],"class_list":{"0":"post-30859","1":"product","2":"type-product","3":"status-publish","4":"has-post-thumbnail","6":"product_cat-article-offic","8":"first","9":"instock","10":"shipping-taxable","11":"purchasable","12":"product-type-simple"},"_links":{"self":[{"href":"https:\/\/topprixsarl.ch\/de\/wp-json\/wp\/v2\/product\/30859","targetHints":{"allow":["GET"]}}],"collection":[{"href":"https:\/\/topprixsarl.ch\/de\/wp-json\/wp\/v2\/product"}],"about":[{"href":"https:\/\/topprixsarl.ch\/de\/wp-json\/wp\/v2\/types\/product"}],"replies":[{"embeddable":true,"href":"https:\/\/topprixsarl.ch\/de\/wp-json\/wp\/v2\/comments?post=30859"}],"version-history":[{"count":3,"href":"https:\/\/topprixsarl.ch\/de\/wp-json\/wp\/v2\/product\/30859\/revisions"}],"predecessor-version":[{"id":33293,"href":"https:\/\/topprixsarl.ch\/de\/wp-json\/wp\/v2\/product\/30859\/revisions\/33293"}],"wp:featuredmedia":[{"embeddable":true,"href":"https:\/\/topprixsarl.ch\/de\/wp-json\/wp\/v2\/media\/30858"}],"wp:attachment":[{"href":"https:\/\/topprixsarl.ch\/de\/wp-json\/wp\/v2\/media?parent=30859"}],"wp:term":[{"taxonomy":"product_brand","embeddable":true,"href":"https:\/\/topprixsarl.ch\/de\/wp-json\/wp\/v2\/product_brand?post=30859"},{"taxonomy":"product_cat","embeddable":true,"href":"https:\/\/topprixsarl.ch\/de\/wp-json\/wp\/v2\/product_cat?post=30859"},{"taxonomy":"product_tag","embeddable":true,"href":"https:\/\/topprixsarl.ch\/de\/wp-json\/wp\/v2\/product_tag?post=30859"}],"curies":[{"name":"wp","href":"https:\/\/api.w.org\/{rel}","templated":true}]}}