{"id":30855,"date":"2026-01-09T14:23:41","date_gmt":"2026-01-09T14:23:41","guid":{"rendered":"https:\/\/topprixsarl.ch\/product\/vaporisateur-diversey-7510416-0-5-litre-vide\/"},"modified":"2026-01-14T14:20:07","modified_gmt":"2026-01-14T14:20:07","slug":"vaporisateur-diversey-7510416-0-5-litre-vide","status":"publish","type":"product","link":"https:\/\/topprixsarl.ch\/de\/product\/vaporisateur-diversey-7510416-0-5-litre-vide\/","title":{"rendered":"Vaporisateur Diversey 7510416, 0.5 litre, vide"},"content":{"rendered":"<p>Pour un excellent environnement de travail, Claudia a toujours aim\u00e9 les fleurs fra\u00eeches et est une jardini\u00e8re passionn\u00e9e. Elle pensait souvent \u00e0 quel point l&rsquo;environnement de bureau serait meilleur avec un peu de vie v\u00e9g\u00e9tale. Pendant les longues journ\u00e9es d&rsquo;hiver, le bureau avait vraiment besoin de quelque chose pour l&rsquo;\u00e9gayer. <\/p>\n<p>Un jour, son chef de service lui a donn\u00e9 un ficus, qui est superbe pr\u00e8s de son ordinateur. Il faut du temps pour bien prendre soin de la plante, mais cela en vaut la peine. <\/p>\n<p>Ce pulv\u00e9risateur \u00e0 main est une aide parfaite. <\/p>\n<p>+ Flacon pratique contenant un demi-litre de liquide. <\/p>\n<p>+ Taille compacte permettant de le ranger dans votre tiroir. <\/p>\n<p>+ Volume suffisant pour une journ\u00e9e enti\u00e8re. <\/p>\n<p>+ \u00c9quip\u00e9 d&rsquo;un pulv\u00e9risateur de qualit\u00e9 : en quelques clics, toutes les feuilles sont arros\u00e9es. <\/p>\n<p>Cependant, ce produit ne se limite pas \u00e0 l&rsquo;arrosage des plantes, le flacon polyvalent peut \u00eatre utilis\u00e9 pour nettoyer diff\u00e9rentes surfaces : vitres, tables, comptoirs, etc. <\/p>\n<p>+ Plastique durable pouvant \u00eatre rempli de divers produits de nettoyage. <\/p>\n<p>+ Forme confortable avec des rainures ergonomiques pour vos doigts, vous facilite la vie. <\/p>\n<p>Prenez soin des plantes au travail en douceur et efficacement!<\/p>\n<p>5 bouteilles \/ carton<\/p>\n<p>105 cartons \/ palette (=525 bouteilles \/ palette)<\/p>","protected":false},"excerpt":{"rendered":"<p>Pour un excellent environnement de travail Claudia a toujours aim\u00e9 les fleurs fra\u00eeches et est une jardini\u00e8re passionn\u00e9e. Elle pensait souvent \u00e0 quel point l&rsquo;environnement de bureau serait meilleur avec un peu de vie v\u00e9g\u00e9tale. Pendant les longues jour<\/p>","protected":false},"featured_media":30854,"comment_status":"open","ping_status":"closed","template":"","meta":[],"product_brand":[],"product_cat":[143],"product_tag":[],"class_list":{"0":"post-30855","1":"product","2":"type-product","3":"status-publish","4":"has-post-thumbnail","6":"product_cat-nettoyage","8":"first","9":"instock","10":"shipping-taxable","11":"purchasable","12":"product-type-simple"},"_links":{"self":[{"href":"https:\/\/topprixsarl.ch\/de\/wp-json\/wp\/v2\/product\/30855","targetHints":{"allow":["GET"]}}],"collection":[{"href":"https:\/\/topprixsarl.ch\/de\/wp-json\/wp\/v2\/product"}],"about":[{"href":"https:\/\/topprixsarl.ch\/de\/wp-json\/wp\/v2\/types\/product"}],"replies":[{"embeddable":true,"href":"https:\/\/topprixsarl.ch\/de\/wp-json\/wp\/v2\/comments?post=30855"}],"version-history":[{"count":2,"href":"https:\/\/topprixsarl.ch\/de\/wp-json\/wp\/v2\/product\/30855\/revisions"}],"predecessor-version":[{"id":32765,"href":"https:\/\/topprixsarl.ch\/de\/wp-json\/wp\/v2\/product\/30855\/revisions\/32765"}],"wp:featuredmedia":[{"embeddable":true,"href":"https:\/\/topprixsarl.ch\/de\/wp-json\/wp\/v2\/media\/30854"}],"wp:attachment":[{"href":"https:\/\/topprixsarl.ch\/de\/wp-json\/wp\/v2\/media?parent=30855"}],"wp:term":[{"taxonomy":"product_brand","embeddable":true,"href":"https:\/\/topprixsarl.ch\/de\/wp-json\/wp\/v2\/product_brand?post=30855"},{"taxonomy":"product_cat","embeddable":true,"href":"https:\/\/topprixsarl.ch\/de\/wp-json\/wp\/v2\/product_cat?post=30855"},{"taxonomy":"product_tag","embeddable":true,"href":"https:\/\/topprixsarl.ch\/de\/wp-json\/wp\/v2\/product_tag?post=30855"}],"curies":[{"name":"wp","href":"https:\/\/api.w.org\/{rel}","templated":true}]}}