{"id":30837,"date":"2026-01-09T14:21:25","date_gmt":"2026-01-09T14:21:25","guid":{"rendered":"https:\/\/topprixsarl.ch\/product\/cartouche-dencre-hp-302xl-f6u68ae-noire\/"},"modified":"2026-01-14T14:20:08","modified_gmt":"2026-01-14T14:20:08","slug":"cartouche-dencre-hp-302xl-f6u68ae-noire","status":"publish","type":"product","link":"https:\/\/topprixsarl.ch\/de\/product\/cartouche-dencre-hp-302xl-f6u68ae-noire\/","title":{"rendered":"Cartouche d&rsquo;encre HP 302XL- F6U68AE- noire"},"content":{"rendered":"<p>**Cartouche d&rsquo;encre HP : la solution id\u00e9ale pour votre imprimante**<\/p>\n<p>On n&rsquo;en a jamais assez : les cartouches d&rsquo;encre sont tout simplement indispensables dans l&rsquo;environnement bureautique d&rsquo;aujourd&rsquo;hui. Avec HP, vos besoins quotidiens seront satisfaits avec une qualit\u00e9 et une pr\u00e9cision optimales.<\/p>\n<p>+ Encre noire de qualit\u00e9 sup\u00e9rieure<br \/> + Technologie avanc\u00e9e d&rsquo;HP pour des tirages artistiques et des photographies en noir et blanc parfaits<br \/> + Produit de marque authentique et neuf, garantissant qualit\u00e9 et fiabilit\u00e9 <\/p>\n<p>**D\u00e9tails du produit :**<br \/>&#8211; Code fabricant : F6U68AE<br \/>&#8211; Nombre d&rsquo;unit\u00e9s emball\u00e9es : 1<br \/>&#8211; Couleur : noir<br \/>&#8211; Contenance : 8.5 ml <\/p>\n<p>Gardez votre budget sous contr\u00f4le et profitez d&rsquo;une tranquillit\u00e9 d&rsquo;esprit gr\u00e2ce \u00e0 notre service de r\u00e9approvisionnement automatique de vos consommables ! Toutes vos cartouches usag\u00e9es ont leur place dans le container (r\u00e9f\u00e9rence : 2.157.879).<\/p>\n<p>N&rsquo;h\u00e9sitez plus, commandez d\u00e8s maintenant !<\/p>\n<p>> Garantie 2 ans*<\/p>","protected":false},"excerpt":{"rendered":"<p>Cartouche d&rsquo;encre HP : la solution id\u00e9ale pour votre imprimante On n&rsquo;en a jamais assez : les cartouches d&rsquo;encre sont tout simplement indispensables dans l&rsquo;environnement bureautique d&rsquo;aujourd&rsquo;hui. Avec HP, vos besoins quotidiens seront satisfaits avec<\/p>","protected":false},"featured_media":30836,"comment_status":"open","ping_status":"closed","template":"","meta":[],"product_brand":[],"product_cat":[137],"product_tag":[],"class_list":{"0":"post-30837","1":"product","2":"type-product","3":"status-publish","4":"has-post-thumbnail","6":"product_cat-article-offic","8":"first","9":"instock","10":"shipping-taxable","11":"purchasable","12":"product-type-simple"},"_links":{"self":[{"href":"https:\/\/topprixsarl.ch\/de\/wp-json\/wp\/v2\/product\/30837","targetHints":{"allow":["GET"]}}],"collection":[{"href":"https:\/\/topprixsarl.ch\/de\/wp-json\/wp\/v2\/product"}],"about":[{"href":"https:\/\/topprixsarl.ch\/de\/wp-json\/wp\/v2\/types\/product"}],"replies":[{"embeddable":true,"href":"https:\/\/topprixsarl.ch\/de\/wp-json\/wp\/v2\/comments?post=30837"}],"version-history":[{"count":3,"href":"https:\/\/topprixsarl.ch\/de\/wp-json\/wp\/v2\/product\/30837\/revisions"}],"predecessor-version":[{"id":33294,"href":"https:\/\/topprixsarl.ch\/de\/wp-json\/wp\/v2\/product\/30837\/revisions\/33294"}],"wp:featuredmedia":[{"embeddable":true,"href":"https:\/\/topprixsarl.ch\/de\/wp-json\/wp\/v2\/media\/30836"}],"wp:attachment":[{"href":"https:\/\/topprixsarl.ch\/de\/wp-json\/wp\/v2\/media?parent=30837"}],"wp:term":[{"taxonomy":"product_brand","embeddable":true,"href":"https:\/\/topprixsarl.ch\/de\/wp-json\/wp\/v2\/product_brand?post=30837"},{"taxonomy":"product_cat","embeddable":true,"href":"https:\/\/topprixsarl.ch\/de\/wp-json\/wp\/v2\/product_cat?post=30837"},{"taxonomy":"product_tag","embeddable":true,"href":"https:\/\/topprixsarl.ch\/de\/wp-json\/wp\/v2\/product_tag?post=30837"}],"curies":[{"name":"wp","href":"https:\/\/api.w.org\/{rel}","templated":true}]}}