{"id":30831,"date":"2026-01-09T14:20:34","date_gmt":"2026-01-09T14:20:34","guid":{"rendered":"https:\/\/topprixsarl.ch\/product\/rouleau-de-drap-dexamen-hartmann-vala-59-cm-x-50-m-blanc\/"},"modified":"2026-01-14T14:20:08","modified_gmt":"2026-01-14T14:20:08","slug":"rouleau-de-drap-dexamen-hartmann-vala-59-cm-x-50-m-blanc","status":"publish","type":"product","link":"https:\/\/topprixsarl.ch\/de\/product\/rouleau-de-drap-dexamen-hartmann-vala-59-cm-x-50-m-blanc\/","title":{"rendered":"Rouleau de drap d&rsquo;examen Hartmann Vala, 59 cm\u00a0x\u00a050 m, blanc"},"content":{"rendered":"<p>Une couverture tr\u00e8s absorbante qui emp\u00eache tout d\u00e9versement d\u00e9sagr\u00e9able. <\/p>\n<p>Beaucoup de masseurs et de kin\u00e9sith\u00e9rapeutes rencontrent des probl\u00e8mes tels que l&rsquo;encrassement de la table avec des liquides. \u00c7a sonne mal, et quand votre table est g\u00e2ch\u00e9e par ce souci, c&rsquo;est vraiment emb\u00eatant. <\/p>\n<p>Le tissu Hartman Vala Broadcloth est con\u00e7u pour prot\u00e9ger votre table et \u00e9viter qu&rsquo;elle ne soit tach\u00e9e par diff\u00e9rents liquides. Gr\u00e2ce \u00e0 sa capacit\u00e9 d&rsquo;absorption \u00e9lev\u00e9e, la surface reste propre. Vous pouvez travailler en toute confiance et \u00eatre s\u00fbr de vos proc\u00e9dures. <\/p>\n<p>+ Tissu fin et agr\u00e9able au toucher pour le confort des clients. <\/p>\n<p>+ Se pr\u00e9sente en rouleau, pratique pour le rangement. <\/p>\n<p>+ Peu d&rsquo;espace requis pour le stockage du rouleau. <\/p>\n<p>+ Facilit\u00e9 d&rsquo;utilisation : d\u00e9chirez les pi\u00e8ces n\u00e9cessaires pour couvrir \u00e0 nouveau la table. <\/p>\n<p>+ Remplacez le tissu s\u2019il est sali. <\/p>\n<p>Travaillez dans des conditions propres et ne vous inqui\u00e9tez pas des taches sur les surfaces !<\/p>","protected":false},"excerpt":{"rendered":"<p>Une couverture tr\u00e8s absorbante qui emp\u00eache tout d\u00e9versement d\u00e9sagr\u00e9able Beaucoup de masseurs et de kin\u00e9sith\u00e9rapeutes rencontrent des probl\u00e8mes tels que l&rsquo;encrassement de la table avec des liquides. \u00c7a sonne mal, et quand votre table est g\u00e2ch\u00e9e par ce<\/p>","protected":false},"featured_media":30830,"comment_status":"open","ping_status":"closed","template":"","meta":[],"product_brand":[],"product_cat":[143],"product_tag":[],"class_list":{"0":"post-30831","1":"product","2":"type-product","3":"status-publish","4":"has-post-thumbnail","6":"product_cat-nettoyage","8":"first","9":"instock","10":"shipping-taxable","11":"purchasable","12":"product-type-simple"},"_links":{"self":[{"href":"https:\/\/topprixsarl.ch\/de\/wp-json\/wp\/v2\/product\/30831","targetHints":{"allow":["GET"]}}],"collection":[{"href":"https:\/\/topprixsarl.ch\/de\/wp-json\/wp\/v2\/product"}],"about":[{"href":"https:\/\/topprixsarl.ch\/de\/wp-json\/wp\/v2\/types\/product"}],"replies":[{"embeddable":true,"href":"https:\/\/topprixsarl.ch\/de\/wp-json\/wp\/v2\/comments?post=30831"}],"version-history":[{"count":2,"href":"https:\/\/topprixsarl.ch\/de\/wp-json\/wp\/v2\/product\/30831\/revisions"}],"predecessor-version":[{"id":32751,"href":"https:\/\/topprixsarl.ch\/de\/wp-json\/wp\/v2\/product\/30831\/revisions\/32751"}],"wp:featuredmedia":[{"embeddable":true,"href":"https:\/\/topprixsarl.ch\/de\/wp-json\/wp\/v2\/media\/30830"}],"wp:attachment":[{"href":"https:\/\/topprixsarl.ch\/de\/wp-json\/wp\/v2\/media?parent=30831"}],"wp:term":[{"taxonomy":"product_brand","embeddable":true,"href":"https:\/\/topprixsarl.ch\/de\/wp-json\/wp\/v2\/product_brand?post=30831"},{"taxonomy":"product_cat","embeddable":true,"href":"https:\/\/topprixsarl.ch\/de\/wp-json\/wp\/v2\/product_cat?post=30831"},{"taxonomy":"product_tag","embeddable":true,"href":"https:\/\/topprixsarl.ch\/de\/wp-json\/wp\/v2\/product_tag?post=30831"}],"curies":[{"name":"wp","href":"https:\/\/api.w.org\/{rel}","templated":true}]}}