{"id":30829,"date":"2026-01-09T14:20:18","date_gmt":"2026-01-09T14:20:18","guid":{"rendered":"https:\/\/topprixsarl.ch\/product\/etiqueteuse-brother-p-touch-d210vp-clavier-qwertz-noir\/"},"modified":"2026-01-14T14:20:08","modified_gmt":"2026-01-14T14:20:08","slug":"etiqueteuse-brother-p-touch-d210vp-clavier-qwertz-noir","status":"publish","type":"product","link":"https:\/\/topprixsarl.ch\/de\/product\/etiqueteuse-brother-p-touch-d210vp-clavier-qwertz-noir\/","title":{"rendered":"\u00c9tiqueteuse Brother P-touch D210VP, clavier QWERTZ, noir"},"content":{"rendered":"<p>Imprimer des \u00e9tiquettes de haute qualit\u00e9<\/p>\n<p>Les \u00e9tiquettes destin\u00e9es \u00e0 l\u2019usine ou \u00e0 l&rsquo;entrep\u00f4t d\u2019une grande entreprise sont indispensables. Elles aident \u00e0 trouver un dossier, une bo\u00eete, une \u00e9tag\u00e8re, etc. Souvent, des milliers d&rsquo;\u00e9tiquettes sont n\u00e9cessaires. Elles doivent \u00eatre faciles \u00e0 lire. Les textes \u00e9crits \u00e0 la main sur un autocollant sont inadapt\u00e9s.<\/p>\n<p>L\u2019\u00e9tiqueteuse Brother P-touch D210VP est une solution rapide pour imprimer des \u00e9tiquettes. Son mode d\u00e9co permet de personnaliser les \u00e9tiquettes. Avec l&rsquo;\u00e9tiqueteuse Brother, l&rsquo;impression devient plus confortable. Elle est id\u00e9ale pour l\u2019organisation du bureau et facile d\u2019utilisation.<\/p>\n<p>+ Aliment\u00e9e par des piles AAA<\/p>\n<p>+ \u00c9quip\u00e9e d&rsquo;un \u00e9cran LED pour visualiser l\u2019\u00e9tiquette avant impression<\/p>\n<p>+ Choix parmi 14 polices, 7 styles et 97 styles d\u2019encadr\u00e9<\/p>\n<p>+ Possibilit\u00e9 d\u2019\u00e9crire jusqu\u2019\u00e0 2 lignes de texte par \u00e9tiquette<\/p>\n<p>Imprimez des \u00e9tiquettes personnalis\u00e9es !<\/p>\n<p>> Garantie 2 ans<\/p>","protected":false},"excerpt":{"rendered":"<p>Imprimer des \u00e9tiquettes de haute qualit\u00e9Les \u00e9tiquettes destin\u00e9es \u00e0 l\u2019usine ou \u00e0 l&rsquo;entrep\u00f4t d\u2019une grande entreprise sont indispensables. Elles aident \u00e0 trouver un dossier, une bo\u00eete, une \u00e9tag\u00e8re, etc. Souvent, des milliers d&rsquo;\u00e9tiquettes sont n\u00e9cessaire<\/p>","protected":false},"featured_media":30828,"comment_status":"open","ping_status":"closed","template":"","meta":[],"product_brand":[],"product_cat":[137],"product_tag":[],"class_list":{"0":"post-30829","1":"product","2":"type-product","3":"status-publish","4":"has-post-thumbnail","6":"product_cat-article-offic","8":"first","9":"instock","10":"shipping-taxable","11":"purchasable","12":"product-type-simple"},"_links":{"self":[{"href":"https:\/\/topprixsarl.ch\/de\/wp-json\/wp\/v2\/product\/30829","targetHints":{"allow":["GET"]}}],"collection":[{"href":"https:\/\/topprixsarl.ch\/de\/wp-json\/wp\/v2\/product"}],"about":[{"href":"https:\/\/topprixsarl.ch\/de\/wp-json\/wp\/v2\/types\/product"}],"replies":[{"embeddable":true,"href":"https:\/\/topprixsarl.ch\/de\/wp-json\/wp\/v2\/comments?post=30829"}],"version-history":[{"count":2,"href":"https:\/\/topprixsarl.ch\/de\/wp-json\/wp\/v2\/product\/30829\/revisions"}],"predecessor-version":[{"id":32750,"href":"https:\/\/topprixsarl.ch\/de\/wp-json\/wp\/v2\/product\/30829\/revisions\/32750"}],"wp:featuredmedia":[{"embeddable":true,"href":"https:\/\/topprixsarl.ch\/de\/wp-json\/wp\/v2\/media\/30828"}],"wp:attachment":[{"href":"https:\/\/topprixsarl.ch\/de\/wp-json\/wp\/v2\/media?parent=30829"}],"wp:term":[{"taxonomy":"product_brand","embeddable":true,"href":"https:\/\/topprixsarl.ch\/de\/wp-json\/wp\/v2\/product_brand?post=30829"},{"taxonomy":"product_cat","embeddable":true,"href":"https:\/\/topprixsarl.ch\/de\/wp-json\/wp\/v2\/product_cat?post=30829"},{"taxonomy":"product_tag","embeddable":true,"href":"https:\/\/topprixsarl.ch\/de\/wp-json\/wp\/v2\/product_tag?post=30829"}],"curies":[{"name":"wp","href":"https:\/\/api.w.org\/{rel}","templated":true}]}}