{"id":30821,"date":"2026-01-09T14:19:20","date_gmt":"2026-01-09T14:19:20","guid":{"rendered":"https:\/\/topprixsarl.ch\/product\/cartouche-de-toner-brother-tn-3430-noire\/"},"modified":"2026-01-14T14:20:09","modified_gmt":"2026-01-14T14:20:09","slug":"cartouche-de-toner-brother-tn-3430-noire","status":"publish","type":"product","link":"https:\/\/topprixsarl.ch\/de\/product\/cartouche-de-toner-brother-tn-3430-noire\/","title":{"rendered":"Cartouche de toner Brother TN-3430 &#8211; noire"},"content":{"rendered":"<p>Obtenez des impressions de qualit\u00e9 avec Brother. <\/p>\n<p>Les cartouches de toner, v\u00e9ritables alli\u00e9es de l&rsquo;environnement de bureau d&rsquo;aujourd&rsquo;hui, sont un incontournable que l&rsquo;on ne saurait n\u00e9gliger. Avec Brother, vous faites de vos besoins quotidiens une \u0153uvre d&rsquo;art, o\u00f9 qualit\u00e9 et pr\u00e9cision sont au rendez-vous. <\/p>\n<p>Gr\u00e2ce \u00e0 l&rsquo;encre noire de qualit\u00e9 sup\u00e9rieure et \u00e0 la technologie avanc\u00e9e de Brother, vos tirages artistiques et vos photographies en noir et blanc seront parfaits. <\/p>\n<p>Il s&rsquo;agit d&rsquo;un produit de marque authentique, neuf, qui vous s\u00e9duira par sa grande qualit\u00e9. <\/p>\n<p>+ Code fabricant : TN-3430<br \/>\n+ Nombre d&rsquo;unit\u00e9s emball\u00e9es : 1<br \/>\n+ Couleur : noir<br \/>\n+ Contenance : 1086 g  <\/p>\n<p>Notre service de r\u00e9approvisionnement automatique de vos consommables vous permettra de mieux g\u00e9rer votre budget tout en vous assurant une plus grande tranquillit\u00e9 d&rsquo;esprit. <\/p>\n<p>Nous r\u00e9cup\u00e9rons et revalorisons les cartouches usag\u00e9es gr\u00e2ce \u00e0 notre container de r\u00e9cup\u00e9ration (r\u00e9f\u00e9rence : 2.157.879). <\/p>\n<p>Commandez d\u00e8s maintenant ! <\/p>\n<p>> Garantie 2 ans<\/p>","protected":false},"excerpt":{"rendered":"<p>Obtenez des impressions de qualit\u00e9 avec Brother Les cartouches de toner, v\u00e9ritables alli\u00e9es de l&rsquo;environnement de bureau d&rsquo;aujourd&rsquo;hui, sont un incontournable que l&rsquo;on ne saurait n\u00e9gliger. Avec Brother, vous faites de vos besoins quotidiens une \u0153uvre<\/p>","protected":false},"featured_media":30820,"comment_status":"open","ping_status":"closed","template":"","meta":[],"product_brand":[],"product_cat":[137],"product_tag":[],"class_list":{"0":"post-30821","1":"product","2":"type-product","3":"status-publish","4":"has-post-thumbnail","6":"product_cat-article-offic","8":"first","9":"instock","10":"shipping-taxable","11":"purchasable","12":"product-type-simple"},"_links":{"self":[{"href":"https:\/\/topprixsarl.ch\/de\/wp-json\/wp\/v2\/product\/30821","targetHints":{"allow":["GET"]}}],"collection":[{"href":"https:\/\/topprixsarl.ch\/de\/wp-json\/wp\/v2\/product"}],"about":[{"href":"https:\/\/topprixsarl.ch\/de\/wp-json\/wp\/v2\/types\/product"}],"replies":[{"embeddable":true,"href":"https:\/\/topprixsarl.ch\/de\/wp-json\/wp\/v2\/comments?post=30821"}],"version-history":[{"count":2,"href":"https:\/\/topprixsarl.ch\/de\/wp-json\/wp\/v2\/product\/30821\/revisions"}],"predecessor-version":[{"id":32746,"href":"https:\/\/topprixsarl.ch\/de\/wp-json\/wp\/v2\/product\/30821\/revisions\/32746"}],"wp:featuredmedia":[{"embeddable":true,"href":"https:\/\/topprixsarl.ch\/de\/wp-json\/wp\/v2\/media\/30820"}],"wp:attachment":[{"href":"https:\/\/topprixsarl.ch\/de\/wp-json\/wp\/v2\/media?parent=30821"}],"wp:term":[{"taxonomy":"product_brand","embeddable":true,"href":"https:\/\/topprixsarl.ch\/de\/wp-json\/wp\/v2\/product_brand?post=30821"},{"taxonomy":"product_cat","embeddable":true,"href":"https:\/\/topprixsarl.ch\/de\/wp-json\/wp\/v2\/product_cat?post=30821"},{"taxonomy":"product_tag","embeddable":true,"href":"https:\/\/topprixsarl.ch\/de\/wp-json\/wp\/v2\/product_tag?post=30821"}],"curies":[{"name":"wp","href":"https:\/\/api.w.org\/{rel}","templated":true}]}}