{"id":30819,"date":"2026-01-09T14:19:06","date_gmt":"2026-01-09T14:19:06","guid":{"rendered":"https:\/\/topprixsarl.ch\/product\/cartouche-de-toner-brother-tn-3480-noire\/"},"modified":"2026-01-14T14:20:09","modified_gmt":"2026-01-14T14:20:09","slug":"cartouche-de-toner-brother-tn-3480-noire","status":"publish","type":"product","link":"https:\/\/topprixsarl.ch\/de\/product\/cartouche-de-toner-brother-tn-3480-noire\/","title":{"rendered":"Cartouche de toner Brother TN-3480- noire"},"content":{"rendered":"<p>La cartouche de toner Brother est ce dont vous avez besoin pour votre bureau. <\/p>\n<p>Les cartouches de toner sont un \u00e9l\u00e9ment incontournable de l&rsquo;environnement bureautique d&rsquo;aujourd&rsquo;hui, on ne peut tout simplement pas s&rsquo;en passer. <\/p>\n<p>Optez pour Brother, et vous profiterez d&rsquo;une qualit\u00e9 et d&rsquo;une pr\u00e9cision optimales pour r\u00e9pondre \u00e0 vos besoins quotidiens. <\/p>\n<p>+ Couleur : noir<br \/> + Contenance : 1256 g<br \/> + Code fabricant : TN-3480<br \/> + Nombre d&rsquo;unit\u00e9s emball\u00e9es : 1 <\/p>\n<p>Il s&rsquo;agit d&rsquo;un produit de marque authentique, neuf, qui vous s\u00e9duira par sa grande qualit\u00e9. <\/p>\n<p>Gardez votre budget sous contr\u00f4le et profitez d&rsquo;une tranquillit\u00e9 d&rsquo;esprit gr\u00e2ce \u00e0 notre service de r\u00e9approvisionnement automatique de vos consommables ! <\/p>\n<p>Vos cartouches usag\u00e9es ne sont pas des d\u00e9chets ! D\u00e9posez-les dans le container (r\u00e9f\u00e9rence : 2.157.879). <\/p>\n<p>Ce produit va vous impressionner, commandez d\u00e8s aujourd&rsquo;hui ! <\/p>\n<p>> Garantie 2 ans*<\/p>","protected":false},"excerpt":{"rendered":"<p>La cartouche de toner Brother est ce dont vous avez besoin pour votre bureau Les cartouches de toner sont un \u00e9l\u00e9ment incontournable de l&rsquo;environnement bureautique d&rsquo;aujourd&rsquo;hui, on ne peut tout simplement pas s&rsquo;en passer. Optez pour Brother, et vous <\/p>","protected":false},"featured_media":30818,"comment_status":"open","ping_status":"closed","template":"","meta":[],"product_brand":[],"product_cat":[137],"product_tag":[],"class_list":{"0":"post-30819","1":"product","2":"type-product","3":"status-publish","4":"has-post-thumbnail","6":"product_cat-article-offic","8":"first","9":"instock","10":"shipping-taxable","11":"purchasable","12":"product-type-simple"},"_links":{"self":[{"href":"https:\/\/topprixsarl.ch\/de\/wp-json\/wp\/v2\/product\/30819","targetHints":{"allow":["GET"]}}],"collection":[{"href":"https:\/\/topprixsarl.ch\/de\/wp-json\/wp\/v2\/product"}],"about":[{"href":"https:\/\/topprixsarl.ch\/de\/wp-json\/wp\/v2\/types\/product"}],"replies":[{"embeddable":true,"href":"https:\/\/topprixsarl.ch\/de\/wp-json\/wp\/v2\/comments?post=30819"}],"version-history":[{"count":3,"href":"https:\/\/topprixsarl.ch\/de\/wp-json\/wp\/v2\/product\/30819\/revisions"}],"predecessor-version":[{"id":33296,"href":"https:\/\/topprixsarl.ch\/de\/wp-json\/wp\/v2\/product\/30819\/revisions\/33296"}],"wp:featuredmedia":[{"embeddable":true,"href":"https:\/\/topprixsarl.ch\/de\/wp-json\/wp\/v2\/media\/30818"}],"wp:attachment":[{"href":"https:\/\/topprixsarl.ch\/de\/wp-json\/wp\/v2\/media?parent=30819"}],"wp:term":[{"taxonomy":"product_brand","embeddable":true,"href":"https:\/\/topprixsarl.ch\/de\/wp-json\/wp\/v2\/product_brand?post=30819"},{"taxonomy":"product_cat","embeddable":true,"href":"https:\/\/topprixsarl.ch\/de\/wp-json\/wp\/v2\/product_cat?post=30819"},{"taxonomy":"product_tag","embeddable":true,"href":"https:\/\/topprixsarl.ch\/de\/wp-json\/wp\/v2\/product_tag?post=30819"}],"curies":[{"name":"wp","href":"https:\/\/api.w.org\/{rel}","templated":true}]}}