{"id":30815,"date":"2026-01-09T14:18:37","date_gmt":"2026-01-09T14:18:37","guid":{"rendered":"https:\/\/topprixsarl.ch\/product\/classeur-swiss-standard-a4-4-cm-vert-clair\/"},"modified":"2026-01-14T14:20:09","modified_gmt":"2026-01-14T14:20:09","slug":"classeur-swiss-standard-a4-4-cm-vert-clair","status":"publish","type":"product","link":"https:\/\/topprixsarl.ch\/de\/product\/classeur-swiss-standard-a4-4-cm-vert-clair\/","title":{"rendered":"Classeur  Swiss Standard A4, 4 cm, vert clair"},"content":{"rendered":"<p>Notre classeur le plus vendu disponible dans une palette de 15 coloris.<\/p>\n<p>+Couvercles ant\u00e9rieur et post\u00e9rieur recouverts de polyol\u00e9fine (m\u00e9lange PE\/PP) sans nuisance pour l&rsquo;environnement.<\/p>\n<p>+Avec porte-\u00e9tiquette transparent et \u00e9tiquette interchangeable.<\/p>\n<p>+Conditionnement original: 25 pi\u00e8ces.<\/p>\n<p>+Prix par pi\u00e8ce. <\/p>\n<p>*Fu\u00dfnoten.<\/p>","protected":false},"excerpt":{"rendered":"<p>Notre classeur le plus vendu disponible dans une palette de 15 coloris. Couvercles ant\u00e9rieur et post\u00e9rieur recouverts de polyol\u00e9fine (m\u00e9lange PE\/PP) sans nuisance pour l&rsquo;environnement. Avec porte-\u00e9tiquette transparent et \u00e9tiquette interchangeable. Co<\/p>","protected":false},"featured_media":30814,"comment_status":"open","ping_status":"closed","template":"","meta":[],"product_brand":[],"product_cat":[137],"product_tag":[],"class_list":{"0":"post-30815","1":"product","2":"type-product","3":"status-publish","4":"has-post-thumbnail","6":"product_cat-article-offic","8":"first","9":"instock","10":"shipping-taxable","11":"purchasable","12":"product-type-simple"},"_links":{"self":[{"href":"https:\/\/topprixsarl.ch\/de\/wp-json\/wp\/v2\/product\/30815","targetHints":{"allow":["GET"]}}],"collection":[{"href":"https:\/\/topprixsarl.ch\/de\/wp-json\/wp\/v2\/product"}],"about":[{"href":"https:\/\/topprixsarl.ch\/de\/wp-json\/wp\/v2\/types\/product"}],"replies":[{"embeddable":true,"href":"https:\/\/topprixsarl.ch\/de\/wp-json\/wp\/v2\/comments?post=30815"}],"version-history":[{"count":2,"href":"https:\/\/topprixsarl.ch\/de\/wp-json\/wp\/v2\/product\/30815\/revisions"}],"predecessor-version":[{"id":32743,"href":"https:\/\/topprixsarl.ch\/de\/wp-json\/wp\/v2\/product\/30815\/revisions\/32743"}],"wp:featuredmedia":[{"embeddable":true,"href":"https:\/\/topprixsarl.ch\/de\/wp-json\/wp\/v2\/media\/30814"}],"wp:attachment":[{"href":"https:\/\/topprixsarl.ch\/de\/wp-json\/wp\/v2\/media?parent=30815"}],"wp:term":[{"taxonomy":"product_brand","embeddable":true,"href":"https:\/\/topprixsarl.ch\/de\/wp-json\/wp\/v2\/product_brand?post=30815"},{"taxonomy":"product_cat","embeddable":true,"href":"https:\/\/topprixsarl.ch\/de\/wp-json\/wp\/v2\/product_cat?post=30815"},{"taxonomy":"product_tag","embeddable":true,"href":"https:\/\/topprixsarl.ch\/de\/wp-json\/wp\/v2\/product_tag?post=30815"}],"curies":[{"name":"wp","href":"https:\/\/api.w.org\/{rel}","templated":true}]}}