{"id":30807,"date":"2026-01-09T14:17:40","date_gmt":"2026-01-09T14:17:40","guid":{"rendered":"https:\/\/topprixsarl.ch\/product\/pile-alcaline-energizer-max-plus-aaa-lr03-pack-de-8\/"},"modified":"2026-01-14T14:20:09","modified_gmt":"2026-01-14T14:20:09","slug":"pile-alcaline-energizer-max-plus-aaa-lr03-pack-de-8","status":"publish","type":"product","link":"https:\/\/topprixsarl.ch\/de\/product\/pile-alcaline-energizer-max-plus-aaa-lr03-pack-de-8\/","title":{"rendered":"Pile alcaline Energizer Max Plus AAA\/LR03 &#8211; pack de 8"},"content":{"rendered":"<p>Une r\u00e9serve d&rsquo;\u00e9nergie pour chaque usage !<\/p>\n<p>Vos clients, vos sup\u00e9rieurs et vos employ\u00e9s attendent le meilleur de vous et de votre travail. Nous vous offrons les composantes id\u00e9ales pour cela : <\/p>\n<p>+ Piles high-tech de la marque Energizer fournissant de l&rsquo;\u00e9nergie permettant aux calculatrices, aux dictaphones, aux destructeurs de documents, etc. de fonctionner sans souci pendant longtemps.<\/p>\n<p>+ Piles alcalines repr\u00e9sentant le choix parfait pour tout appareil cens\u00e9 fonctionner pendant longtemps.<\/p>\n<p>+ La pile AAA\/LR03 couvre une tr\u00e8s large gamme d&rsquo;applications telles que des t\u00e9l\u00e9commandes, manettes de jeu et appareils sans fil.<\/p>\n<p>+ Tension de sortie de 1.5 V.<\/p>\n<p>+ Capacit\u00e9 de 1200 mAh.<\/p>\n<p>+ Huit pi\u00e8ces dans chaque paquet.<\/p>\n<p>La vie sans eux est possible \u2013 mais beaucoup plus compliqu\u00e9e : les appareils de haute technologie nous facilitent la vie au quotidien. <\/p>\n<p>Gr\u00e2ce aux piles high-tech de la marque Energizer, vous vous assurez que vos dispositifs de stockage d&rsquo;\u00e9nergie sont toujours bien charg\u00e9s et que vous pouvez vivre et travailler sans entrave.<\/p>\n<p>> Garantie 12 ans.<\/p>","protected":false},"excerpt":{"rendered":"<p>Une r\u00e9serve d&rsquo;\u00e9nergie pour chaque usage! Vos clients, vos sup\u00e9rieurs et vos employ\u00e9s attendent le meilleur de vous et de votre travail. Nous vous offrons les composantes id\u00e9ales pour cela: les piles high-tech de la marque Energizer fournissent de l&rsquo;\u00e9<\/p>","protected":false},"featured_media":30806,"comment_status":"open","ping_status":"closed","template":"","meta":[],"product_brand":[],"product_cat":[142],"product_tag":[],"class_list":{"0":"post-30807","1":"product","2":"type-product","3":"status-publish","4":"has-post-thumbnail","6":"product_cat-protection","8":"first","9":"instock","10":"shipping-taxable","11":"purchasable","12":"product-type-simple"},"_links":{"self":[{"href":"https:\/\/topprixsarl.ch\/de\/wp-json\/wp\/v2\/product\/30807","targetHints":{"allow":["GET"]}}],"collection":[{"href":"https:\/\/topprixsarl.ch\/de\/wp-json\/wp\/v2\/product"}],"about":[{"href":"https:\/\/topprixsarl.ch\/de\/wp-json\/wp\/v2\/types\/product"}],"replies":[{"embeddable":true,"href":"https:\/\/topprixsarl.ch\/de\/wp-json\/wp\/v2\/comments?post=30807"}],"version-history":[{"count":2,"href":"https:\/\/topprixsarl.ch\/de\/wp-json\/wp\/v2\/product\/30807\/revisions"}],"predecessor-version":[{"id":32739,"href":"https:\/\/topprixsarl.ch\/de\/wp-json\/wp\/v2\/product\/30807\/revisions\/32739"}],"wp:featuredmedia":[{"embeddable":true,"href":"https:\/\/topprixsarl.ch\/de\/wp-json\/wp\/v2\/media\/30806"}],"wp:attachment":[{"href":"https:\/\/topprixsarl.ch\/de\/wp-json\/wp\/v2\/media?parent=30807"}],"wp:term":[{"taxonomy":"product_brand","embeddable":true,"href":"https:\/\/topprixsarl.ch\/de\/wp-json\/wp\/v2\/product_brand?post=30807"},{"taxonomy":"product_cat","embeddable":true,"href":"https:\/\/topprixsarl.ch\/de\/wp-json\/wp\/v2\/product_cat?post=30807"},{"taxonomy":"product_tag","embeddable":true,"href":"https:\/\/topprixsarl.ch\/de\/wp-json\/wp\/v2\/product_tag?post=30807"}],"curies":[{"name":"wp","href":"https:\/\/api.w.org\/{rel}","templated":true}]}}