{"id":30803,"date":"2026-01-09T14:17:12","date_gmt":"2026-01-09T14:17:12","guid":{"rendered":"https:\/\/topprixsarl.ch\/product\/pile-alcaline-energizer-max-plus-aa-lr06-pack-de-20\/"},"modified":"2026-04-11T01:28:05","modified_gmt":"2026-04-11T01:28:05","slug":"pile-alcaline-energizer-max-plus-aa-lr06-pack-de-20","status":"publish","type":"product","link":"https:\/\/topprixsarl.ch\/de\/product\/pile-alcaline-energizer-max-plus-aa-lr06-pack-de-20\/","title":{"rendered":"Pile alcaline Energizer Max Plus AA\/LR06 &#8211; pack de 20"},"content":{"rendered":"<p>Piles AA \u00e9cologiques<\/p>\n<p>L&rsquo;\u00e9quipement nous aide \u00e0 \u00eatre plus productifs et \u00e0 r\u00e9soudre les t\u00e2ches plus rapidement et plus facilement. Normalement, nos outils fonctionnent sur piles, il est donc impossible de pr\u00e9dire quand elles seront us\u00e9es. Il serait dommage que cela se produise lorsque vous avez le plus besoin de votre appareil et que tous les magasins sont ferm\u00e9s. Vous devez donc toujours avoir des piles fiables et durables \u00e0 port\u00e9e de main.<\/p>\n<p>Ces piles Energizer eco advanced, id\u00e9ales pour les appareils \u00e9nergivores, sont les premi\u00e8res piles AA au monde qui sont compos\u00e9es de 4 % de mat\u00e9riaux recycl\u00e9s. Elles r\u00e9pondent \u00e0 vos besoins et respectent l&rsquo;environnement. <\/p>\n<p>+ Longue dur\u00e9e de vie : ces piles peuvent durer jusqu&rsquo;\u00e0 12 ans.<\/p>\n<p>+ Protection contre les fuites : am\u00e9liore leur long\u00e9vit\u00e9 et permet \u00e0 ces piles Energizer de durer jusqu&rsquo;\u00e0 80 % plus longtemps.<\/p>\n<p>Vous produisez ainsi moins de d\u00e9chets et \u00e9conomisez de l&rsquo;argent. Optez pour des piles de haute qualit\u00e9 et \u00e9cologiques !<\/p>\n<p>> Garantie 12 ans<\/p>","protected":false},"excerpt":{"rendered":"<p>Piles AA \u00e9cologiques L&rsquo;\u00e9quipement nous aide \u00e0 \u00eatre plus productifs et \u00e0 r\u00e9soudre les t\u00e2ches plus rapidement et plus facilement. Normalement, nos outils fonctionnent sur piles, il est donc impossible de pr\u00e9dire quand elles seront us\u00e9es. Il serait domm<\/p>","protected":false},"featured_media":30802,"comment_status":"open","ping_status":"closed","template":"","meta":[],"product_brand":[],"product_cat":[143],"product_tag":[],"class_list":{"0":"post-30803","1":"product","2":"type-product","3":"status-publish","4":"has-post-thumbnail","6":"product_cat-nettoyage","8":"first","9":"instock","10":"shipping-taxable","11":"purchasable","12":"product-type-simple"},"_links":{"self":[{"href":"https:\/\/topprixsarl.ch\/de\/wp-json\/wp\/v2\/product\/30803","targetHints":{"allow":["GET"]}}],"collection":[{"href":"https:\/\/topprixsarl.ch\/de\/wp-json\/wp\/v2\/product"}],"about":[{"href":"https:\/\/topprixsarl.ch\/de\/wp-json\/wp\/v2\/types\/product"}],"replies":[{"embeddable":true,"href":"https:\/\/topprixsarl.ch\/de\/wp-json\/wp\/v2\/comments?post=30803"}],"version-history":[{"count":2,"href":"https:\/\/topprixsarl.ch\/de\/wp-json\/wp\/v2\/product\/30803\/revisions"}],"predecessor-version":[{"id":32737,"href":"https:\/\/topprixsarl.ch\/de\/wp-json\/wp\/v2\/product\/30803\/revisions\/32737"}],"wp:featuredmedia":[{"embeddable":true,"href":"https:\/\/topprixsarl.ch\/de\/wp-json\/wp\/v2\/media\/30802"}],"wp:attachment":[{"href":"https:\/\/topprixsarl.ch\/de\/wp-json\/wp\/v2\/media?parent=30803"}],"wp:term":[{"taxonomy":"product_brand","embeddable":true,"href":"https:\/\/topprixsarl.ch\/de\/wp-json\/wp\/v2\/product_brand?post=30803"},{"taxonomy":"product_cat","embeddable":true,"href":"https:\/\/topprixsarl.ch\/de\/wp-json\/wp\/v2\/product_cat?post=30803"},{"taxonomy":"product_tag","embeddable":true,"href":"https:\/\/topprixsarl.ch\/de\/wp-json\/wp\/v2\/product_tag?post=30803"}],"curies":[{"name":"wp","href":"https:\/\/api.w.org\/{rel}","templated":true}]}}