{"id":30801,"date":"2026-01-09T14:16:58","date_gmt":"2026-01-09T14:16:58","guid":{"rendered":"https:\/\/topprixsarl.ch\/product\/pile-alcaline-energizer-max-plus-aa-lr06-pack-de-8\/"},"modified":"2026-01-14T14:20:09","modified_gmt":"2026-01-14T14:20:09","slug":"pile-alcaline-energizer-max-plus-aa-lr06-pack-de-8","status":"publish","type":"product","link":"https:\/\/topprixsarl.ch\/de\/product\/pile-alcaline-energizer-max-plus-aa-lr06-pack-de-8\/","title":{"rendered":"Pile alcaline Energizer Max Plus AA\/LR06 &#8211; pack de 8"},"content":{"rendered":"<p>Restez toujours sous tension ! <\/p>\n<p>La journ\u00e9e commence g\u00e9n\u00e9ralement par la sonnerie du r\u00e9veil. Plus tard dans la matin\u00e9e, la radio de la cuisine est au petit-d\u00e9jeuner ce que le lait est au muesli. Puis au travail, il est tout aussi normal de s&#8217;emparer de la calculatrice que de regarder l&rsquo;horloge qui fait tic-tac dans le coin cuisine. Toutes ces aides utiles font d\u00e9sormais partie int\u00e9grante de notre vie, tout comme leurs sources d&rsquo;\u00e9nergie : les piles. <\/p>\n<p>Gr\u00e2ce aux piles high-tech de la marque Energizer, vous pouvez \u00eatre s\u00fbrs de pouvoir travailler longtemps sans souci. <\/p>\n<p>+ Piles alcalines id\u00e9ales pour tout appareil cens\u00e9 fonctionner pendant longtemps. <\/p>\n<p>Vous pouvez particuli\u00e8rement utiliser la pile AA\/LR06 pour des t\u00e9l\u00e9commandes, manettes de jeu et appareils sans fil. <\/p>\n<p>+ Tension de sortie : 1.5 V. <\/p>\n<p>+ Capacit\u00e9 de la pile : 2800 mAh. <\/p>\n<p>+ 8 pi\u00e8ces dans chaque paquet. <\/p>\n<p>Elles sont le moteur du progr\u00e8s : avec les piles high-tech de la marque Energizer, assurez-vous que vos appareils \u00e9lectroniques soient toujours utilisables, pour que vous puissiez vous concentrer sur l&rsquo;essentiel. <\/p>\n<p>Fixez d\u00e8s aujourd&rsquo;hui les priorit\u00e9s et achetez autant de paquets que n\u00e9cessaires. <\/p>\n<p>> Garantie 12 ans.<\/p>","protected":false},"excerpt":{"rendered":"<p>Restez toujours sous tension! La journ\u00e9e commence g\u00e9n\u00e9ralement par la sonnerie du r\u00e9veil. Plus tard dans la matin\u00e9e, la radio de la cuisine est au petit-d\u00e9jeuner ce que le lait est au muesli. Puis au travail, il est tout aussi normal de s&#8217;emparer de <\/p>","protected":false},"featured_media":30800,"comment_status":"open","ping_status":"closed","template":"","meta":[],"product_brand":[],"product_cat":[142],"product_tag":[],"class_list":{"0":"post-30801","1":"product","2":"type-product","3":"status-publish","4":"has-post-thumbnail","6":"product_cat-protection","8":"first","9":"instock","10":"shipping-taxable","11":"purchasable","12":"product-type-simple"},"_links":{"self":[{"href":"https:\/\/topprixsarl.ch\/de\/wp-json\/wp\/v2\/product\/30801","targetHints":{"allow":["GET"]}}],"collection":[{"href":"https:\/\/topprixsarl.ch\/de\/wp-json\/wp\/v2\/product"}],"about":[{"href":"https:\/\/topprixsarl.ch\/de\/wp-json\/wp\/v2\/types\/product"}],"replies":[{"embeddable":true,"href":"https:\/\/topprixsarl.ch\/de\/wp-json\/wp\/v2\/comments?post=30801"}],"version-history":[{"count":2,"href":"https:\/\/topprixsarl.ch\/de\/wp-json\/wp\/v2\/product\/30801\/revisions"}],"predecessor-version":[{"id":32736,"href":"https:\/\/topprixsarl.ch\/de\/wp-json\/wp\/v2\/product\/30801\/revisions\/32736"}],"wp:featuredmedia":[{"embeddable":true,"href":"https:\/\/topprixsarl.ch\/de\/wp-json\/wp\/v2\/media\/30800"}],"wp:attachment":[{"href":"https:\/\/topprixsarl.ch\/de\/wp-json\/wp\/v2\/media?parent=30801"}],"wp:term":[{"taxonomy":"product_brand","embeddable":true,"href":"https:\/\/topprixsarl.ch\/de\/wp-json\/wp\/v2\/product_brand?post=30801"},{"taxonomy":"product_cat","embeddable":true,"href":"https:\/\/topprixsarl.ch\/de\/wp-json\/wp\/v2\/product_cat?post=30801"},{"taxonomy":"product_tag","embeddable":true,"href":"https:\/\/topprixsarl.ch\/de\/wp-json\/wp\/v2\/product_tag?post=30801"}],"curies":[{"name":"wp","href":"https:\/\/api.w.org\/{rel}","templated":true}]}}