{"id":30799,"date":"2026-01-09T14:16:44","date_gmt":"2026-01-09T14:16:44","guid":{"rendered":"https:\/\/topprixsarl.ch\/product\/pile-alcaline-energizer-max-plus-aa-lr06-pack-de-4\/"},"modified":"2026-04-11T01:28:07","modified_gmt":"2026-04-11T01:28:07","slug":"pile-alcaline-energizer-max-plus-aa-lr06-pack-de-4","status":"publish","type":"product","link":"https:\/\/topprixsarl.ch\/de\/product\/pile-alcaline-energizer-max-plus-aa-lr06-pack-de-4\/","title":{"rendered":"Pile alcaline Energizer Max Plus AA\/LR06 &#8211; pack de 4"},"content":{"rendered":"<p>Une r\u00e9serve d&rsquo;\u00e9nergie pour chaque usage ! <\/p>\n<p>C&rsquo;est au plus tard lorsque la lumi\u00e8re de votre lampe de poche clignote et que vous constatez avec effroi que vous allez vous retrouver dans le noir, que les choses deviennent claires : une r\u00e9serve de piles high-tech de la marque Energizer est un must, pour le m\u00e9nage comme pour le bureau. <\/p>\n<p>Le moment est venu de veiller \u00e0 ce que vos flux de travail se d\u00e9roulent sans heurt, sans panne ni interruption inutile, et donc de constituer une r\u00e9serve fiable. <\/p>\n<p>Ce n&rsquo;est pas pour rien que les piles alcalines sont les piles les plus courantes, car des avantages tels qu&rsquo;une densit\u00e9 d&rsquo;\u00e9nergie \u00e9lev\u00e9e et un bon rapport qualit\u00e9-prix les qualifient pour un large \u00e9ventail d&rsquo;applications. <\/p>\n<p>+ Pile AA\/LR06 couvrant une tr\u00e8s large gamme d&rsquo;applications telles que des t\u00e9l\u00e9commandes, manettes de jeu et appareils sans fil. <\/p>\n<p>+ Tension de sortie de 1.5 V. <\/p>\n<p>+ Capacit\u00e9 de 2800 mAh. <\/p>\n<p>Chaque paquet contient quatre piles. <\/p>\n<p>La vie sans eux est possible \u2013 mais beaucoup plus compliqu\u00e9e : les appareils de haute technologie nous facilitent la vie au quotidien. <\/p>\n<p>Gr\u00e2ce aux piles high-tech de la marque Energizer, vous vous assurez que vos dispositifs de stockage d&rsquo;\u00e9nergie sont toujours bien charg\u00e9s et que vous pouvez vivre et travailler sans souci. <\/p>\n<p>> Garantie 12 ans.<\/p>","protected":false},"excerpt":{"rendered":"<p>Une r\u00e9serve d&rsquo;\u00e9nergie pour chaque usage! C&rsquo;est au plus tard lorsque la lumi\u00e8re de votre lampe de poche clignote et que vous constatez avec effroi que vous allez vous retrouver dans le noir, que les choses deviennent clairs: une r\u00e9serve de piles high-<\/p>","protected":false},"featured_media":30798,"comment_status":"open","ping_status":"closed","template":"","meta":[],"product_brand":[],"product_cat":[143],"product_tag":[],"class_list":{"0":"post-30799","1":"product","2":"type-product","3":"status-publish","4":"has-post-thumbnail","6":"product_cat-nettoyage","8":"first","9":"instock","10":"shipping-taxable","11":"purchasable","12":"product-type-simple"},"_links":{"self":[{"href":"https:\/\/topprixsarl.ch\/de\/wp-json\/wp\/v2\/product\/30799","targetHints":{"allow":["GET"]}}],"collection":[{"href":"https:\/\/topprixsarl.ch\/de\/wp-json\/wp\/v2\/product"}],"about":[{"href":"https:\/\/topprixsarl.ch\/de\/wp-json\/wp\/v2\/types\/product"}],"replies":[{"embeddable":true,"href":"https:\/\/topprixsarl.ch\/de\/wp-json\/wp\/v2\/comments?post=30799"}],"version-history":[{"count":2,"href":"https:\/\/topprixsarl.ch\/de\/wp-json\/wp\/v2\/product\/30799\/revisions"}],"predecessor-version":[{"id":32735,"href":"https:\/\/topprixsarl.ch\/de\/wp-json\/wp\/v2\/product\/30799\/revisions\/32735"}],"wp:featuredmedia":[{"embeddable":true,"href":"https:\/\/topprixsarl.ch\/de\/wp-json\/wp\/v2\/media\/30798"}],"wp:attachment":[{"href":"https:\/\/topprixsarl.ch\/de\/wp-json\/wp\/v2\/media?parent=30799"}],"wp:term":[{"taxonomy":"product_brand","embeddable":true,"href":"https:\/\/topprixsarl.ch\/de\/wp-json\/wp\/v2\/product_brand?post=30799"},{"taxonomy":"product_cat","embeddable":true,"href":"https:\/\/topprixsarl.ch\/de\/wp-json\/wp\/v2\/product_cat?post=30799"},{"taxonomy":"product_tag","embeddable":true,"href":"https:\/\/topprixsarl.ch\/de\/wp-json\/wp\/v2\/product_tag?post=30799"}],"curies":[{"name":"wp","href":"https:\/\/api.w.org\/{rel}","templated":true}]}}