{"id":30795,"date":"2026-01-09T14:16:07","date_gmt":"2026-01-09T14:16:07","guid":{"rendered":"https:\/\/topprixsarl.ch\/product\/lucart-rouleau-de-draps-medicaux-econatural-70-59x37cmpaquet-de-6x190-feuilles\/"},"modified":"2026-04-11T01:28:31","modified_gmt":"2026-04-11T01:28:31","slug":"lucart-rouleau-de-draps-medicaux-econatural-70-59x37cmpaquet-de-6x190-feuilles","status":"publish","type":"product","link":"https:\/\/topprixsarl.ch\/de\/product\/lucart-rouleau-de-draps-medicaux-econatural-70-59x37cmpaquet-de-6x190-feuilles\/","title":{"rendered":"Lucart rouleau de draps m\u00e9dicaux Econatural 70, 59x37cm,paquet de 6&#215;190 feuilles"},"content":{"rendered":"<p>Bon \u2013 meilleur \u2013 recycl\u00e9<\/p>\n<p>Toujours plus de domaines de la vie sont approfondies de fa\u00e7on \u00e0 en r\u00e9duire l\u2019impact environnemental. Surtout en ce qui concerne le secteur m\u00e9dical ou de la sant\u00e9, il est sens\u00e9 de miser sur les plus hautes normes d\u2019hygi\u00e8ne. <\/p>\n<p>Or, il y a une solution qui revalorise de fa\u00e7on \u00e9vidente des deux secteurs. Lucart, un label connu par ses produits recycl\u00e9s, propose ce drap m\u00e9dical en rouleau dans sa gamme. <\/p>\n<p>Ne vous faites pas tromper par sa couleur brun\u00e2tre caract\u00e9ristique. Ce rouleau a \u00e9t\u00e9 pourvu d\u2019un syst\u00e8me bact\u00e9riostatique et a \u00e9t\u00e9 test\u00e9 dermatologiquement. Ainsi, vous pouvez faire confiance \u00e0 une chaise longue aussi hygi\u00e9nique que rev\u00eatue d\u2019un papier blanc. <\/p>\n<p>+ Papier \u00e0 deux couches distingu\u00e9 avec l\u2019Ecolabel de l\u2019UE<br \/>\n+ Certifi\u00e9 FSC<br \/>\n+ 190 feuilles, un total de 70 m\u00e8tres par rouleau, suffisant pour de nombreuses s\u00e9ances<br \/>\n+ Film de protection qui se laisse d\u00e9rouler facilement  <\/p>\n<p>Le film de protection se laisse \u00e9galement d\u00e9rouler facilement et renouvelle rapidement l\u2019hygi\u00e8ne qu\u2019on attend d\u2019un cabinet ou d\u2019un studio. Garantissez des circonstances hygi\u00e9niques!<\/p>","protected":false},"excerpt":{"rendered":"<p>Bon \u2013 meilleur \u2013 recycl\u00e9 Toujours plus de domaines de la vie sont approfondies de fa\u00e7on \u00e0 en r\u00e9duire l\u2019impact environnemental. Surtout en ce qui concerne le secteur m\u00e9dical ou de la sant\u00e9 il est sens\u00e9 de miser sur les plus hautes normes d\u2019hygi\u00e8ne. Or<\/p>","protected":false},"featured_media":30794,"comment_status":"open","ping_status":"closed","template":"","meta":[],"product_brand":[],"product_cat":[142],"product_tag":[],"class_list":{"0":"post-30795","1":"product","2":"type-product","3":"status-publish","4":"has-post-thumbnail","6":"product_cat-protection","8":"first","9":"instock","10":"shipping-taxable","11":"purchasable","12":"product-type-simple"},"_links":{"self":[{"href":"https:\/\/topprixsarl.ch\/de\/wp-json\/wp\/v2\/product\/30795","targetHints":{"allow":["GET"]}}],"collection":[{"href":"https:\/\/topprixsarl.ch\/de\/wp-json\/wp\/v2\/product"}],"about":[{"href":"https:\/\/topprixsarl.ch\/de\/wp-json\/wp\/v2\/types\/product"}],"replies":[{"embeddable":true,"href":"https:\/\/topprixsarl.ch\/de\/wp-json\/wp\/v2\/comments?post=30795"}],"version-history":[{"count":2,"href":"https:\/\/topprixsarl.ch\/de\/wp-json\/wp\/v2\/product\/30795\/revisions"}],"predecessor-version":[{"id":32732,"href":"https:\/\/topprixsarl.ch\/de\/wp-json\/wp\/v2\/product\/30795\/revisions\/32732"}],"wp:featuredmedia":[{"embeddable":true,"href":"https:\/\/topprixsarl.ch\/de\/wp-json\/wp\/v2\/media\/30794"}],"wp:attachment":[{"href":"https:\/\/topprixsarl.ch\/de\/wp-json\/wp\/v2\/media?parent=30795"}],"wp:term":[{"taxonomy":"product_brand","embeddable":true,"href":"https:\/\/topprixsarl.ch\/de\/wp-json\/wp\/v2\/product_brand?post=30795"},{"taxonomy":"product_cat","embeddable":true,"href":"https:\/\/topprixsarl.ch\/de\/wp-json\/wp\/v2\/product_cat?post=30795"},{"taxonomy":"product_tag","embeddable":true,"href":"https:\/\/topprixsarl.ch\/de\/wp-json\/wp\/v2\/product_tag?post=30795"}],"curies":[{"name":"wp","href":"https:\/\/api.w.org\/{rel}","templated":true}]}}