{"id":30793,"date":"2026-01-09T14:15:54","date_gmt":"2026-01-09T14:15:54","guid":{"rendered":"https:\/\/topprixsarl.ch\/product\/portemine-bic-criterium-2-0-mm-noir\/"},"modified":"2026-01-14T14:20:10","modified_gmt":"2026-01-14T14:20:10","slug":"portemine-bic-criterium-2-0-mm-noir","status":"publish","type":"product","link":"https:\/\/topprixsarl.ch\/de\/product\/portemine-bic-criterium-2-0-mm-noir\/","title":{"rendered":"Portemine BiC Criterium, 2.0 mm, noir"},"content":{"rendered":"<p>Une partie int\u00e9grante des fournitures de bureau, un crayon fait partie int\u00e9grante de votre trousse pour dessiner des esquisses ou prendre des notes. Bic est un leader international dans le domaine de la papeterie. <\/p>\n<p>Son porte-mine est une version am\u00e9lior\u00e9e d&rsquo;un mod\u00e8le standard, qui se distingue par son efficacit\u00e9 et sa facilit\u00e9 d&rsquo;utilisation. <\/p>\n<p>+ Gr\u00e2ce \u00e0 sa pointe, ce crayon \u00e9crit et dessine plus finement qu\u2019un crayon standard pour rendre vos notes parfaitement nettes. <\/p>\n<p>+ \u00c9quip\u00e9 d\u2019un grip rainur\u00e9 et antid\u00e9rapant, le crayon offre une excellente prise en main pour un dessin pr\u00e9cis sans d\u00e9formation. <\/p>\n<p>+ Gr\u00e2ce \u00e0 son ergonomie, il fournit un grand confort d&rsquo;utilisation, \u00e9vitant la fatigue des mains. Vous pouvez l\u2019utiliser pendant des heures. <\/p>\n<p>+ Une gomme et un taille-crayon sont int\u00e9gr\u00e9s. Vous n&rsquo;avez donc pas besoin de les acheter s\u00e9par\u00e9ment. <\/p>\n<p>Prenez des notes facilement avec ce crayon!<\/p>","protected":false},"excerpt":{"rendered":"<p>Une partie int\u00e9grante des fournitures de bureau Un crayon fait partie int\u00e9grante de votre trousse pour dessiner des esquisses ou prendre des notes. Bic est est un leader international dans le domaine de la papeterie. Son porte-mine est une version am<\/p>","protected":false},"featured_media":30792,"comment_status":"open","ping_status":"closed","template":"","meta":[],"product_brand":[],"product_cat":[137],"product_tag":[],"class_list":{"0":"post-30793","1":"product","2":"type-product","3":"status-publish","4":"has-post-thumbnail","6":"product_cat-article-offic","8":"first","9":"instock","10":"shipping-taxable","11":"purchasable","12":"product-type-simple"},"_links":{"self":[{"href":"https:\/\/topprixsarl.ch\/de\/wp-json\/wp\/v2\/product\/30793","targetHints":{"allow":["GET"]}}],"collection":[{"href":"https:\/\/topprixsarl.ch\/de\/wp-json\/wp\/v2\/product"}],"about":[{"href":"https:\/\/topprixsarl.ch\/de\/wp-json\/wp\/v2\/types\/product"}],"replies":[{"embeddable":true,"href":"https:\/\/topprixsarl.ch\/de\/wp-json\/wp\/v2\/comments?post=30793"}],"version-history":[{"count":2,"href":"https:\/\/topprixsarl.ch\/de\/wp-json\/wp\/v2\/product\/30793\/revisions"}],"predecessor-version":[{"id":32731,"href":"https:\/\/topprixsarl.ch\/de\/wp-json\/wp\/v2\/product\/30793\/revisions\/32731"}],"wp:featuredmedia":[{"embeddable":true,"href":"https:\/\/topprixsarl.ch\/de\/wp-json\/wp\/v2\/media\/30792"}],"wp:attachment":[{"href":"https:\/\/topprixsarl.ch\/de\/wp-json\/wp\/v2\/media?parent=30793"}],"wp:term":[{"taxonomy":"product_brand","embeddable":true,"href":"https:\/\/topprixsarl.ch\/de\/wp-json\/wp\/v2\/product_brand?post=30793"},{"taxonomy":"product_cat","embeddable":true,"href":"https:\/\/topprixsarl.ch\/de\/wp-json\/wp\/v2\/product_cat?post=30793"},{"taxonomy":"product_tag","embeddable":true,"href":"https:\/\/topprixsarl.ch\/de\/wp-json\/wp\/v2\/product_tag?post=30793"}],"curies":[{"name":"wp","href":"https:\/\/api.w.org\/{rel}","templated":true}]}}