{"id":30787,"date":"2026-01-09T14:15:08","date_gmt":"2026-01-09T14:15:08","guid":{"rendered":"https:\/\/topprixsarl.ch\/product\/liquide-pour-vaisselle-a-la-main-solo-professional-0-75-litres-parfum-citron\/"},"modified":"2026-01-14T14:20:10","modified_gmt":"2026-01-14T14:20:10","slug":"liquide-pour-vaisselle-a-la-main-solo-professional-0-75-litres-parfum-citron","status":"publish","type":"product","link":"https:\/\/topprixsarl.ch\/de\/product\/liquide-pour-vaisselle-a-la-main-solo-professional-0-75-litres-parfum-citron\/","title":{"rendered":"Liquide pour vaisselle \u00e0 la main Solo Professional, 0.75 litres, parfum citron"},"content":{"rendered":"<p>Liquide vaisselle professionnel pour toutes les situations<\/p>\n<p>Faire la vaisselle est une corv\u00e9e quotidienne. Elle est partout : dans les bureaux, les cantines, les restaurants et m\u00eame dans les \u00e9coles. Mais, peu de gens accordent de l&rsquo;attention au choix d&rsquo;un liquide vaisselle et subissent donc les cons\u00e9quences des produits de mauvaise qualit\u00e9 en consacrant beaucoup de temps et d&rsquo;efforts \u00e0 frotter les assiettes et cuill\u00e8res sales.<\/p>\n<p>Pour \u00e9viter les efforts inutiles et augmenter le temps consacr\u00e9 \u00e0 d&rsquo;autres choses utiles, le liquide vaisselle Solo Professional est exactement ce dont vous avez besoin pour un travail bien fait. Cet agent nettoyant est compos\u00e9 de structures chimiques complexes qui traquent la graisse et les r\u00e9sidus de nourriture sur les casseroles, po\u00eales, assiettes et couverts, les laissant nets et impeccables. <\/p>\n<p>+ Formule douce qui ne causera aucun dommage \u00e0 la peau. <\/p>\n<p>Il all\u00e8gera consid\u00e9rablement votre charge de travail et garantira des mains propres et douces. Sa forme pratique et ergonomique qui emp\u00eache le flacon de glisser des mains et de se renverser de fa\u00e7on incontr\u00f4l\u00e9e constitue une autre caract\u00e9ristique utile de ce produit. <\/p>\n<p>+ Enlevez facilement les salet\u00e9s coll\u00e9es avec cet excellent liquide !<\/p>\n<p>12 bouteilles \/ carton<br \/>\n70 cartons \/ palette (= 840 bouteilles \/ palette)  <\/p>\n<p>Ein gef\u00e4hrliches Produkt. Beachten Sie die Vorsichtsma\u00dfnahmen auf dem Sicherheitsdatenblatt.*.<\/p>","protected":false},"excerpt":{"rendered":"<p>Liquide vaisselle professionnel pour toutes les situations Faire la vaisselle est une corv\u00e9e quotidienne. Elle est partout: dans les bureaux, les cantines, les restaurants et m\u00eame dans les \u00e9coles. Mais, peu de gens accordent de l&rsquo;attention au choix d<\/p>","protected":false},"featured_media":30786,"comment_status":"open","ping_status":"closed","template":"","meta":[],"product_brand":[],"product_cat":[143],"product_tag":[],"class_list":{"0":"post-30787","1":"product","2":"type-product","3":"status-publish","4":"has-post-thumbnail","6":"product_cat-nettoyage","8":"first","9":"instock","10":"shipping-taxable","11":"purchasable","12":"product-type-simple"},"_links":{"self":[{"href":"https:\/\/topprixsarl.ch\/de\/wp-json\/wp\/v2\/product\/30787","targetHints":{"allow":["GET"]}}],"collection":[{"href":"https:\/\/topprixsarl.ch\/de\/wp-json\/wp\/v2\/product"}],"about":[{"href":"https:\/\/topprixsarl.ch\/de\/wp-json\/wp\/v2\/types\/product"}],"replies":[{"embeddable":true,"href":"https:\/\/topprixsarl.ch\/de\/wp-json\/wp\/v2\/comments?post=30787"}],"version-history":[{"count":2,"href":"https:\/\/topprixsarl.ch\/de\/wp-json\/wp\/v2\/product\/30787\/revisions"}],"predecessor-version":[{"id":32728,"href":"https:\/\/topprixsarl.ch\/de\/wp-json\/wp\/v2\/product\/30787\/revisions\/32728"}],"wp:featuredmedia":[{"embeddable":true,"href":"https:\/\/topprixsarl.ch\/de\/wp-json\/wp\/v2\/media\/30786"}],"wp:attachment":[{"href":"https:\/\/topprixsarl.ch\/de\/wp-json\/wp\/v2\/media?parent=30787"}],"wp:term":[{"taxonomy":"product_brand","embeddable":true,"href":"https:\/\/topprixsarl.ch\/de\/wp-json\/wp\/v2\/product_brand?post=30787"},{"taxonomy":"product_cat","embeddable":true,"href":"https:\/\/topprixsarl.ch\/de\/wp-json\/wp\/v2\/product_cat?post=30787"},{"taxonomy":"product_tag","embeddable":true,"href":"https:\/\/topprixsarl.ch\/de\/wp-json\/wp\/v2\/product_tag?post=30787"}],"curies":[{"name":"wp","href":"https:\/\/api.w.org\/{rel}","templated":true}]}}