{"id":30785,"date":"2026-01-09T14:14:53","date_gmt":"2026-01-09T14:14:53","guid":{"rendered":"https:\/\/topprixsarl.ch\/product\/porte-marqueurs-cep-gloss-pour-tableau-blanc-magnetique-blanc\/"},"modified":"2026-04-11T01:27:00","modified_gmt":"2026-04-11T01:27:00","slug":"porte-marqueurs-cep-gloss-pour-tableau-blanc-magnetique-blanc","status":"publish","type":"product","link":"https:\/\/topprixsarl.ch\/de\/product\/porte-marqueurs-cep-gloss-pour-tableau-blanc-magnetique-blanc\/","title":{"rendered":"Porte-marqueurs Cep Gloss pour tableau blanc &#8211; magn\u00e9tique &#8211; blanc"},"content":{"rendered":"<p>Astucieux, ce pot \u00e0 crayons magn\u00e9tique vous permettra d\u2019avoir toujours \u00e0 port\u00e9e de main feutres et petites fournitures.<\/p>\n<p>+ Capacit\u00e9 : 10 feutres pour tableau blanc.<\/p>\n<p>+ Mat\u00e9riau : En polystyr\u00e8ne anti-choc, tr\u00e8s brillant.<\/p>\n<p>+ Dimensions : L 7,8 x l. 7,4 x H 9,5 cm.<\/p>\n<p>+ Garantie : 5 ans*.<\/p>\n<p>*Note : Conditions de garantie disponibles sur demande.<\/p>","protected":false},"excerpt":{"rendered":"<p>Astucieux ce pot \u00e0 crayons magn\u00e9tique vous permettra d\u2019avoir toujours \u00e0 port\u00e9e de main feutres et petites fournitures. Capacit\u00e9 10 feutres pour tableau blanc.En polystyr\u00e8ne anti-choc, tr\u00e8s brillant.Dimensions : L 7,8 x l. 7,4 x H 9,5 cm. > Garantie 5<\/p>","protected":false},"featured_media":30784,"comment_status":"open","ping_status":"closed","template":"","meta":[],"product_brand":[],"product_cat":[143],"product_tag":[],"class_list":{"0":"post-30785","1":"product","2":"type-product","3":"status-publish","4":"has-post-thumbnail","6":"product_cat-nettoyage","8":"first","9":"instock","10":"shipping-taxable","11":"purchasable","12":"product-type-simple"},"_links":{"self":[{"href":"https:\/\/topprixsarl.ch\/de\/wp-json\/wp\/v2\/product\/30785","targetHints":{"allow":["GET"]}}],"collection":[{"href":"https:\/\/topprixsarl.ch\/de\/wp-json\/wp\/v2\/product"}],"about":[{"href":"https:\/\/topprixsarl.ch\/de\/wp-json\/wp\/v2\/types\/product"}],"replies":[{"embeddable":true,"href":"https:\/\/topprixsarl.ch\/de\/wp-json\/wp\/v2\/comments?post=30785"}],"version-history":[{"count":2,"href":"https:\/\/topprixsarl.ch\/de\/wp-json\/wp\/v2\/product\/30785\/revisions"}],"predecessor-version":[{"id":32727,"href":"https:\/\/topprixsarl.ch\/de\/wp-json\/wp\/v2\/product\/30785\/revisions\/32727"}],"wp:featuredmedia":[{"embeddable":true,"href":"https:\/\/topprixsarl.ch\/de\/wp-json\/wp\/v2\/media\/30784"}],"wp:attachment":[{"href":"https:\/\/topprixsarl.ch\/de\/wp-json\/wp\/v2\/media?parent=30785"}],"wp:term":[{"taxonomy":"product_brand","embeddable":true,"href":"https:\/\/topprixsarl.ch\/de\/wp-json\/wp\/v2\/product_brand?post=30785"},{"taxonomy":"product_cat","embeddable":true,"href":"https:\/\/topprixsarl.ch\/de\/wp-json\/wp\/v2\/product_cat?post=30785"},{"taxonomy":"product_tag","embeddable":true,"href":"https:\/\/topprixsarl.ch\/de\/wp-json\/wp\/v2\/product_tag?post=30785"}],"curies":[{"name":"wp","href":"https:\/\/api.w.org\/{rel}","templated":true}]}}