{"id":30773,"date":"2026-01-09T14:13:23","date_gmt":"2026-01-09T14:13:23","guid":{"rendered":"https:\/\/topprixsarl.ch\/product\/organisateur-de-tiroir-exacompta-modulable-3-a-9-compartiments-noir\/"},"modified":"2026-01-14T14:20:11","modified_gmt":"2026-01-14T14:20:11","slug":"organisateur-de-tiroir-exacompta-modulable-3-a-9-compartiments-noir","status":"publish","type":"product","link":"https:\/\/topprixsarl.ch\/de\/product\/organisateur-de-tiroir-exacompta-modulable-3-a-9-compartiments-noir\/","title":{"rendered":"Organisateur de tiroir Exacompta &#8211; modulable &#8211; 3 \u00e0 9 compartiments &#8211; noir"},"content":{"rendered":"<p>Un organiseur de tiroir r\u00e9glable am\u00e9liore la productivit\u00e9. <\/p>\n<p>Tout bureau comporte des tiroirs, mais ceux-ci ne sont pas toujours organis\u00e9s. Cela peut s&rsquo;av\u00e9rer \u00eatre un gros probl\u00e8me lors d&rsquo;un flux de travail important en raison du temps qu&rsquo;il peut vous falloir pour trouver ce dont vous avez besoin. Cet article convient parfaitement pour ce faire et aidera \u00e9galement vos employ\u00e9s de bureau. <\/p>\n<p>Cet organiseur de tiroir universel Biella pr\u00e9sente de nombreux avantages. <\/p>\n<p>+ Compatible avec la plupart des tiroirs gr\u00e2ce \u00e0 sa taille confortable et \u00e0 sa partie coulissante de largeur r\u00e9glable. <\/p>\n<p>Vous pouvez le changer en fonction de vos besoins et de sa capacit\u00e9, pour ranger et organiser les objets que vous utilisez tous les jours de la mani\u00e8re la plus pratique qui soit. <\/p>\n<p>+ Modulaire avec ses quatre ailes amovibles qui permettent de choisir entre trois grands compartiments ou jusqu&rsquo;\u00e0 neuf compartiments parfaitement adapt\u00e9s. <\/p>\n<p>Les tiroirs ont tendance \u00e0 \u00eatre toujours encombr\u00e9s, il est facile d&rsquo;y rem\u00e9dier avec un organiseur de tiroirs. <\/p>\n<p>Et le saviez-vous? Ce produit est fabriqu\u00e9 \u00e0 partir de bouteilles de jus de fruits recycl\u00e9es et poss\u00e8de le certificat Blue Angel qui le prouve. <\/p>\n<p>Cela facilite l&rsquo;organisation qui ne sera plus jamais un casse-t\u00eate. <\/p>\n<p>Gardez vos tiroirs en ordre! <\/p>\n<p>&gt; 5 Jahre Garantie<\/p>","protected":false},"excerpt":{"rendered":"<p>Un organiseur de tiroir r\u00e9glable am\u00e9liore la productivit\u00e9Tout bureau comporte des tiroirs, mais ceux-ci ne sont pas toujours organis\u00e9s. Cela peut s&rsquo;av\u00e9rer \u00eatre un gros probl\u00e8me lors d&rsquo;un flux de travail important en raison du temps qu&rsquo;il peut vous fa<\/p>","protected":false},"featured_media":30772,"comment_status":"open","ping_status":"closed","template":"","meta":[],"product_brand":[],"product_cat":[142],"product_tag":[],"class_list":{"0":"post-30773","1":"product","2":"type-product","3":"status-publish","4":"has-post-thumbnail","6":"product_cat-entretien","8":"first","9":"instock","10":"shipping-taxable","11":"purchasable","12":"product-type-simple"},"_links":{"self":[{"href":"https:\/\/topprixsarl.ch\/de\/wp-json\/wp\/v2\/product\/30773","targetHints":{"allow":["GET"]}}],"collection":[{"href":"https:\/\/topprixsarl.ch\/de\/wp-json\/wp\/v2\/product"}],"about":[{"href":"https:\/\/topprixsarl.ch\/de\/wp-json\/wp\/v2\/types\/product"}],"replies":[{"embeddable":true,"href":"https:\/\/topprixsarl.ch\/de\/wp-json\/wp\/v2\/comments?post=30773"}],"version-history":[{"count":2,"href":"https:\/\/topprixsarl.ch\/de\/wp-json\/wp\/v2\/product\/30773\/revisions"}],"predecessor-version":[{"id":32721,"href":"https:\/\/topprixsarl.ch\/de\/wp-json\/wp\/v2\/product\/30773\/revisions\/32721"}],"wp:featuredmedia":[{"embeddable":true,"href":"https:\/\/topprixsarl.ch\/de\/wp-json\/wp\/v2\/media\/30772"}],"wp:attachment":[{"href":"https:\/\/topprixsarl.ch\/de\/wp-json\/wp\/v2\/media?parent=30773"}],"wp:term":[{"taxonomy":"product_brand","embeddable":true,"href":"https:\/\/topprixsarl.ch\/de\/wp-json\/wp\/v2\/product_brand?post=30773"},{"taxonomy":"product_cat","embeddable":true,"href":"https:\/\/topprixsarl.ch\/de\/wp-json\/wp\/v2\/product_cat?post=30773"},{"taxonomy":"product_tag","embeddable":true,"href":"https:\/\/topprixsarl.ch\/de\/wp-json\/wp\/v2\/product_tag?post=30773"}],"curies":[{"name":"wp","href":"https:\/\/api.w.org\/{rel}","templated":true}]}}