{"id":30753,"date":"2026-01-09T14:10:36","date_gmt":"2026-01-09T14:10:36","guid":{"rendered":"https:\/\/topprixsarl.ch\/product\/stylo-bille-bic-atlantis-retractable-pointe-moyenne-noir-par-36\/"},"modified":"2026-01-14T14:20:12","modified_gmt":"2026-01-14T14:20:12","slug":"stylo-bille-bic-atlantis-retractable-pointe-moyenne-noir-par-36","status":"publish","type":"product","link":"https:\/\/topprixsarl.ch\/de\/product\/stylo-bille-bic-atlantis-retractable-pointe-moyenne-noir-par-36\/","title":{"rendered":"Stylo bille Bic Atlantis &#8211; r\u00e9tractable &#8211; pointe moyenne &#8211; noir &#8211; par 36"},"content":{"rendered":"<p>Pour une belle \u00e9criture<\/p>\n<p>Tous ceux qui \u00e9crivent beaucoup savent \u00e0 quel point le stylo \u00e0 bille de la marque Bic peut faciliter le travail au quotidien. Il est vraiment tr\u00e8s confortable \u00e0 utiliser et particuli\u00e8rement durable. Il vous permet ainsi d&rsquo;obtenir des caract\u00e8res r\u00e9guliers, m\u00eame pour des textes plus longs. <\/p>\n<p>+ Confort d&rsquo;utilisation : Tr\u00e8s confortable \u00e0 utiliser et durable.<\/p>\n<p>De plus, son design impressionnant donne de vous une image professionnelle jusque dans les moindres d\u00e9tails. <\/p>\n<p>+ Design professionnel : Un design qui refl\u00e8te une image soign\u00e9e.<\/p>\n<p>Ce produit utilise une encre p\u00e2teuse s\u00e9chant rapidement gr\u00e2ce \u00e0 laquelle votre \u00e9criture sera claire et nette. <\/p>\n<p>+ Encre de qualit\u00e9 : Encre p\u00e2teuse qui s\u00e8che rapidement pour une \u00e9criture claire.<\/p>\n<p>La pointe conique vous permet de dessiner de mani\u00e8re pr\u00e9cise m\u00eame les lignes les plus fines. <\/p>\n<p>+ Pr\u00e9cision : Pointe conique pour des lignes fines et pr\u00e9cises.<\/p>\n<p>La polyfonctionnalit\u00e9 est mise en avant par la couleur noire, qui est non seulement sobre, mais aussi classique. <\/p>\n<p>+ Couleur classique : Noir, sobre et polyvalent.<\/p>\n<p>Si vous souhaitez r\u00e9duire la consommation de plastique, l&rsquo;article est parfait. Comme il est facile \u00e0 recharger, il est tr\u00e8s bon pour l&rsquo;environnement et pour votre portefeuille. <\/p>\n<p>+ \u00c9cologique : Facile \u00e0 recharger, r\u00e9duit la consommation de plastique.<\/p>\n<p>Utilisez toujours cet accessoire lorsqu&rsquo;il faut faire preuve de vari\u00e9t\u00e9. Car le stylo \u00e0 bille de la marque Bic est fait pour la perfection. <\/p>\n<p>+ Polyvalence : Id\u00e9al pour diverses t\u00e2ches d&rsquo;\u00e9criture.<\/p>\n<p>Il permet d&rsquo;obtenir un r\u00e9sultat facilement visible et qui saura vous convaincre par sa longue dur\u00e9e de vie. <\/p>\n<p>+ Durabilit\u00e9 : Longue dur\u00e9e de vie pour un usage quotidien.<\/p>\n<p>En outre, son design est tel qu&rsquo;il peut \u00e9galement \u00eatre utilis\u00e9 pour diff\u00e9rentes t\u00e2ches. <\/p>\n<p>+ Utilisation vari\u00e9e : Convient pour de nombreuses applications.<\/p>\n<p>Laissez des traces qui inspirent gr\u00e2ce \u00e0 cet accessoire!*<\/p>","protected":false},"excerpt":{"rendered":"<p>Pour une belle \u00e9criture Tous ceux qui \u00e9crivent beaucoup savent \u00e0 quel point le stylo \u00e0 bille de la marque Bic peut faciliter le travail au quotidien. Il est vraiment tr\u00e8s confortable \u00e0 utiliser et particuli\u00e8rement durable. Il vous permet ainsi d&rsquo;obte<\/p>","protected":false},"featured_media":30752,"comment_status":"open","ping_status":"closed","template":"","meta":[],"product_brand":[],"product_cat":[137],"product_tag":[],"class_list":{"0":"post-30753","1":"product","2":"type-product","3":"status-publish","4":"has-post-thumbnail","6":"product_cat-article-offic","8":"first","9":"instock","10":"shipping-taxable","11":"purchasable","12":"product-type-simple"},"_links":{"self":[{"href":"https:\/\/topprixsarl.ch\/de\/wp-json\/wp\/v2\/product\/30753","targetHints":{"allow":["GET"]}}],"collection":[{"href":"https:\/\/topprixsarl.ch\/de\/wp-json\/wp\/v2\/product"}],"about":[{"href":"https:\/\/topprixsarl.ch\/de\/wp-json\/wp\/v2\/types\/product"}],"replies":[{"embeddable":true,"href":"https:\/\/topprixsarl.ch\/de\/wp-json\/wp\/v2\/comments?post=30753"}],"version-history":[{"count":2,"href":"https:\/\/topprixsarl.ch\/de\/wp-json\/wp\/v2\/product\/30753\/revisions"}],"predecessor-version":[{"id":32708,"href":"https:\/\/topprixsarl.ch\/de\/wp-json\/wp\/v2\/product\/30753\/revisions\/32708"}],"wp:featuredmedia":[{"embeddable":true,"href":"https:\/\/topprixsarl.ch\/de\/wp-json\/wp\/v2\/media\/30752"}],"wp:attachment":[{"href":"https:\/\/topprixsarl.ch\/de\/wp-json\/wp\/v2\/media?parent=30753"}],"wp:term":[{"taxonomy":"product_brand","embeddable":true,"href":"https:\/\/topprixsarl.ch\/de\/wp-json\/wp\/v2\/product_brand?post=30753"},{"taxonomy":"product_cat","embeddable":true,"href":"https:\/\/topprixsarl.ch\/de\/wp-json\/wp\/v2\/product_cat?post=30753"},{"taxonomy":"product_tag","embeddable":true,"href":"https:\/\/topprixsarl.ch\/de\/wp-json\/wp\/v2\/product_tag?post=30753"}],"curies":[{"name":"wp","href":"https:\/\/api.w.org\/{rel}","templated":true}]}}