{"id":30747,"date":"2026-01-09T14:09:53","date_gmt":"2026-01-09T14:09:53","guid":{"rendered":"https:\/\/topprixsarl.ch\/product\/papier-menage-triple-epaisseur-emballage-de-32-rouleaux\/"},"modified":"2026-01-14T14:20:12","modified_gmt":"2026-01-14T14:20:12","slug":"papier-menage-triple-epaisseur-emballage-de-32-rouleaux","status":"publish","type":"product","link":"https:\/\/topprixsarl.ch\/de\/product\/papier-menage-triple-epaisseur-emballage-de-32-rouleaux\/","title":{"rendered":"Papier m\u00e9nage, triple \u00e9paisseur, emballage de 32 rouleaux"},"content":{"rendered":"<p>Papier m\u00e9nage pour vos besoins quotidiens<\/p>\n<p>Au bureau ou lors d&rsquo;un \u00e9v\u00e9nement, il est impossible de tout contr\u00f4ler. Les petits accidents sont la norme : quelqu&rsquo;un renverse du caf\u00e9 sur la table, quelqu&rsquo;un fait tomber le g\u00e2teau, quelqu&rsquo;un d&rsquo;autre t\u00e2che le sol. Pour cette raison, le papier m\u00e9nage devrait toujours \u00eatre \u00e0 port\u00e9e de main.<\/p>\n<p>+ Compos\u00e9 de trois couches, ce papier m\u00e9nage est parfait pour g\u00e9rer votre hygi\u00e8ne quotidienne au bureau. <\/p>\n<p>+ Il est super r\u00e9sistant et disponible en grandes quantit\u00e9s, id\u00e9al pour s\u00e9cher tout type de liquide ou nettoyer de petites surfaces. <\/p>\n<p>+ Pas besoin de lingettes ou de torchons sp\u00e9ciaux.<\/p>\n<p>Gardez votre papier m\u00e9nage \u00e0 port\u00e9e de main!<\/p>","protected":false},"excerpt":{"rendered":"<p>Papier m\u00e9nage pour vos besoins quotidiens Au bureau ou lors d&rsquo;un \u00e9v\u00e9nement, il est impossible de tout contr\u00f4ler. Les petits accidents sont la norme: quelqu&rsquo;un renverse du caf\u00e9 sur la table, quelqu&rsquo;un fait tomber le g\u00e2teau, quelqu&rsquo;un d&rsquo;autre t\u00e2che le <\/p>","protected":false},"featured_media":30746,"comment_status":"open","ping_status":"closed","template":"","meta":[],"product_brand":[],"product_cat":[137],"product_tag":[],"class_list":{"0":"post-30747","1":"product","2":"type-product","3":"status-publish","4":"has-post-thumbnail","6":"product_cat-article-offic","8":"first","9":"instock","10":"shipping-taxable","11":"purchasable","12":"product-type-simple"},"_links":{"self":[{"href":"https:\/\/topprixsarl.ch\/de\/wp-json\/wp\/v2\/product\/30747","targetHints":{"allow":["GET"]}}],"collection":[{"href":"https:\/\/topprixsarl.ch\/de\/wp-json\/wp\/v2\/product"}],"about":[{"href":"https:\/\/topprixsarl.ch\/de\/wp-json\/wp\/v2\/types\/product"}],"replies":[{"embeddable":true,"href":"https:\/\/topprixsarl.ch\/de\/wp-json\/wp\/v2\/comments?post=30747"}],"version-history":[{"count":2,"href":"https:\/\/topprixsarl.ch\/de\/wp-json\/wp\/v2\/product\/30747\/revisions"}],"predecessor-version":[{"id":32705,"href":"https:\/\/topprixsarl.ch\/de\/wp-json\/wp\/v2\/product\/30747\/revisions\/32705"}],"wp:featuredmedia":[{"embeddable":true,"href":"https:\/\/topprixsarl.ch\/de\/wp-json\/wp\/v2\/media\/30746"}],"wp:attachment":[{"href":"https:\/\/topprixsarl.ch\/de\/wp-json\/wp\/v2\/media?parent=30747"}],"wp:term":[{"taxonomy":"product_brand","embeddable":true,"href":"https:\/\/topprixsarl.ch\/de\/wp-json\/wp\/v2\/product_brand?post=30747"},{"taxonomy":"product_cat","embeddable":true,"href":"https:\/\/topprixsarl.ch\/de\/wp-json\/wp\/v2\/product_cat?post=30747"},{"taxonomy":"product_tag","embeddable":true,"href":"https:\/\/topprixsarl.ch\/de\/wp-json\/wp\/v2\/product_tag?post=30747"}],"curies":[{"name":"wp","href":"https:\/\/api.w.org\/{rel}","templated":true}]}}