{"id":30739,"date":"2026-01-09T14:08:53","date_gmt":"2026-01-09T14:08:53","guid":{"rendered":"https:\/\/topprixsarl.ch\/product\/cartouche-de-toner-hp-130a-cf351a-cyan\/"},"modified":"2026-01-14T14:20:12","modified_gmt":"2026-01-14T14:20:12","slug":"cartouche-de-toner-hp-130a-cf351a-cyan","status":"publish","type":"product","link":"https:\/\/topprixsarl.ch\/de\/product\/cartouche-de-toner-hp-130a-cf351a-cyan\/","title":{"rendered":"Cartouche de toner HP 130A- CF351A- cyan"},"content":{"rendered":"<p>Mettez vos impressions en valeur avec HP. <\/p>\n<p>Les cartouches de toner sont un \u00e9l\u00e9ment essentiel dans le monde professionnel. Avec HP, vous b\u00e9n\u00e9ficiez d&rsquo;une qualit\u00e9 et d&rsquo;une pr\u00e9cision optimales pour r\u00e9pondre \u00e0 tous vos besoins quotidiens. <\/p>\n<p>Cette cartouche de couleur cyan est parfaite pour toutes vos impressions en couleur. Il s&rsquo;agit d&rsquo;un produit de marque authentique, neuf, qui vous conviendra par sa grande qualit\u00e9. <\/p>\n<p>+ Code fabricant : HP 130A<br \/> + Nombre d&rsquo;unit\u00e9s emball\u00e9es : 1<br \/> + Couleur : cyan <\/p>\n<p>Gardez votre budget sous contr\u00f4le et profitez d&rsquo;une tranquillit\u00e9 d&rsquo;esprit gr\u00e2ce \u00e0 notre service de r\u00e9approvisionnement automatique de vos consommables ! <\/p>\n<p>Toutes vos cartouches usag\u00e9es ont leur place dans le container (r\u00e9f\u00e9rence : 2.157.879). <\/p>\n<p>Ce produit va vous impressionner, commandez d\u00e8s maintenant ! <\/p>\n<p>> Garantie 2 ans*<\/p>","protected":false},"excerpt":{"rendered":"<p>Mettez vos impressions en valeur avec HP Les cartouches de toner, sont un \u00e9l\u00e9ment essentiel dans le monde professionnel. Avec HP, vous b\u00e9n\u00e9ficiez d&rsquo;une qualit\u00e9 et d&rsquo;une pr\u00e9cision optimales pour r\u00e9pondre \u00e0 tous vos besoins quotidiens. Cette cartouche <\/p>","protected":false},"featured_media":30738,"comment_status":"open","ping_status":"closed","template":"","meta":[],"product_brand":[],"product_cat":[137],"product_tag":[],"class_list":{"0":"post-30739","1":"product","2":"type-product","3":"status-publish","4":"has-post-thumbnail","6":"product_cat-article-offic","8":"first","9":"instock","10":"shipping-taxable","11":"purchasable","12":"product-type-simple"},"_links":{"self":[{"href":"https:\/\/topprixsarl.ch\/de\/wp-json\/wp\/v2\/product\/30739","targetHints":{"allow":["GET"]}}],"collection":[{"href":"https:\/\/topprixsarl.ch\/de\/wp-json\/wp\/v2\/product"}],"about":[{"href":"https:\/\/topprixsarl.ch\/de\/wp-json\/wp\/v2\/types\/product"}],"replies":[{"embeddable":true,"href":"https:\/\/topprixsarl.ch\/de\/wp-json\/wp\/v2\/comments?post=30739"}],"version-history":[{"count":3,"href":"https:\/\/topprixsarl.ch\/de\/wp-json\/wp\/v2\/product\/30739\/revisions"}],"predecessor-version":[{"id":33300,"href":"https:\/\/topprixsarl.ch\/de\/wp-json\/wp\/v2\/product\/30739\/revisions\/33300"}],"wp:featuredmedia":[{"embeddable":true,"href":"https:\/\/topprixsarl.ch\/de\/wp-json\/wp\/v2\/media\/30738"}],"wp:attachment":[{"href":"https:\/\/topprixsarl.ch\/de\/wp-json\/wp\/v2\/media?parent=30739"}],"wp:term":[{"taxonomy":"product_brand","embeddable":true,"href":"https:\/\/topprixsarl.ch\/de\/wp-json\/wp\/v2\/product_brand?post=30739"},{"taxonomy":"product_cat","embeddable":true,"href":"https:\/\/topprixsarl.ch\/de\/wp-json\/wp\/v2\/product_cat?post=30739"},{"taxonomy":"product_tag","embeddable":true,"href":"https:\/\/topprixsarl.ch\/de\/wp-json\/wp\/v2\/product_tag?post=30739"}],"curies":[{"name":"wp","href":"https:\/\/api.w.org\/{rel}","templated":true}]}}