{"id":30733,"date":"2026-01-09T14:08:09","date_gmt":"2026-01-09T14:08:09","guid":{"rendered":"https:\/\/topprixsarl.ch\/product\/pile-bouton-lithium-energizer-cr2032-pack-de-4\/"},"modified":"2026-01-14T14:20:12","modified_gmt":"2026-01-14T14:20:12","slug":"pile-bouton-lithium-energizer-cr2032-pack-de-4","status":"publish","type":"product","link":"https:\/\/topprixsarl.ch\/de\/product\/pile-bouton-lithium-energizer-cr2032-pack-de-4\/","title":{"rendered":"Pile bouton lithium Energizer CR2032 &#8211; pack de 4"},"content":{"rendered":"<p>Faites confiance \u00e0 la qualit\u00e9 d&rsquo;une marque pleine d&rsquo;\u00e9nergie g\u00e9r\u00e9e par des professionnels ! <\/p>\n<p>Qu&rsquo;il s&rsquo;agisse d&rsquo;un p\u00e8se-lettre, d&rsquo;une montre-bracelet, d&rsquo;une calculatrice de bureau ou d&rsquo;un appareil photo, ils ont tous une petite pile qui leur permet de fonctionner. <\/p>\n<p>Les piles bouton de la marque Energizer ont une capacit\u00e9 de stockage particuli\u00e8rement efficace et font en sorte que vos appareils high-tech fassent exactement ce qu&rsquo;ils sont cens\u00e9s faire. <\/p>\n<p>Ce n&rsquo;est pas pour rien que les piles au lithium sont consid\u00e9r\u00e9es comme les plus durables. Elles poss\u00e8dent \u00e9galement la plus haute densit\u00e9 d&rsquo;\u00e9nergie de tous les types de piles, ce qui en fait une bonne option pour des applications diverses. <\/p>\n<p>Les piles CR2032 couvrent un tr\u00e8s large \u00e9ventail d&rsquo;applications. <\/p>\n<p>+ Tension de sortie : 3 V <\/p>\n<p>+ Capacit\u00e9 de la pile : 240 mAh <\/p>\n<p>+ Emballage : contient quatre pi\u00e8ces au total <\/p>\n<p>La vie sans eux est possible \u2013 mais beaucoup plus compliqu\u00e9e : les appareils de haute technologie nous facilitent la vie au quotidien. <\/p>\n<p>Gr\u00e2ce aux piles bouton de la marque Energizer, vous vous assurez que vos dispositifs de stockage d&rsquo;\u00e9nergie sont toujours bien charg\u00e9s et que vous pouvez vivre et travailler sans probl\u00e8me. <\/p>\n<p>+ Garantie : 8 ans*<\/p>","protected":false},"excerpt":{"rendered":"<p>Faites confiance \u00e0 la qualit\u00e9 d&rsquo;une marque pleine d&rsquo;\u00e9nergie g\u00e9r\u00e9e par des professionnels! Qu&rsquo;il s&rsquo;agisse d&rsquo;un p\u00e8se-lettre, d&rsquo;une montre-bracelet, d&rsquo;une calculatrice de bureau ou d&rsquo;un appareil photo, ils ont tous une petite pile qui leur permet de fon<\/p>","protected":false},"featured_media":30732,"comment_status":"open","ping_status":"closed","template":"","meta":[],"product_brand":[],"product_cat":[142],"product_tag":[],"class_list":{"0":"post-30733","1":"product","2":"type-product","3":"status-publish","4":"has-post-thumbnail","6":"product_cat-protection","8":"first","9":"instock","10":"shipping-taxable","11":"purchasable","12":"product-type-simple"},"_links":{"self":[{"href":"https:\/\/topprixsarl.ch\/de\/wp-json\/wp\/v2\/product\/30733","targetHints":{"allow":["GET"]}}],"collection":[{"href":"https:\/\/topprixsarl.ch\/de\/wp-json\/wp\/v2\/product"}],"about":[{"href":"https:\/\/topprixsarl.ch\/de\/wp-json\/wp\/v2\/types\/product"}],"replies":[{"embeddable":true,"href":"https:\/\/topprixsarl.ch\/de\/wp-json\/wp\/v2\/comments?post=30733"}],"version-history":[{"count":2,"href":"https:\/\/topprixsarl.ch\/de\/wp-json\/wp\/v2\/product\/30733\/revisions"}],"predecessor-version":[{"id":32698,"href":"https:\/\/topprixsarl.ch\/de\/wp-json\/wp\/v2\/product\/30733\/revisions\/32698"}],"wp:featuredmedia":[{"embeddable":true,"href":"https:\/\/topprixsarl.ch\/de\/wp-json\/wp\/v2\/media\/30732"}],"wp:attachment":[{"href":"https:\/\/topprixsarl.ch\/de\/wp-json\/wp\/v2\/media?parent=30733"}],"wp:term":[{"taxonomy":"product_brand","embeddable":true,"href":"https:\/\/topprixsarl.ch\/de\/wp-json\/wp\/v2\/product_brand?post=30733"},{"taxonomy":"product_cat","embeddable":true,"href":"https:\/\/topprixsarl.ch\/de\/wp-json\/wp\/v2\/product_cat?post=30733"},{"taxonomy":"product_tag","embeddable":true,"href":"https:\/\/topprixsarl.ch\/de\/wp-json\/wp\/v2\/product_tag?post=30733"}],"curies":[{"name":"wp","href":"https:\/\/api.w.org\/{rel}","templated":true}]}}