{"id":30713,"date":"2026-01-09T14:05:33","date_gmt":"2026-01-09T14:05:33","guid":{"rendered":"https:\/\/topprixsarl.ch\/product\/cartouche-de-toner-brother-tn-245y-jaune\/"},"modified":"2026-01-14T14:20:13","modified_gmt":"2026-01-14T14:20:13","slug":"cartouche-de-toner-brother-tn-245y-jaune","status":"publish","type":"product","link":"https:\/\/topprixsarl.ch\/de\/product\/cartouche-de-toner-brother-tn-245y-jaune\/","title":{"rendered":"Cartouche de toner Brother TN-245Y- jaune"},"content":{"rendered":"<p>Des r\u00e9sultats pr\u00e9cis et des couleurs riches : cette cartouche de toner Brother va vous inspirer !<\/p>\n<p>Les cartouches de toner, v\u00e9ritables alli\u00e9es de l&rsquo;environnement de bureau d&rsquo;aujourd&rsquo;hui, sont un incontournable que l&rsquo;on ne saurait n\u00e9gliger. Avec Brother, vous faites de vos besoins quotidiens une \u0153uvre d&rsquo;art, o\u00f9 qualit\u00e9 et pr\u00e9cision sont au rendez-vous.<\/p>\n<p>+ Couleur : jaune<br \/> + Contenance : 664 g<br \/> + Code fabricant : TN-245Y<br \/> + Nombre d&rsquo;unit\u00e9s emball\u00e9es : 1 <\/p>\n<p>Cette cartouche est un choix id\u00e9al pour toutes vos impressions couleur. En choisissant ce produit de marque authentique et neuf, vous optez pour la qualit\u00e9 et la fiabilit\u00e9.<\/p>\n<p>Notre service de r\u00e9approvisionnement automatique de vos consommables est la solution parfaite pour ma\u00eetriser votre budget et vous assurer une tranquillit\u00e9 d&rsquo;esprit.<\/p>\n<p>En fin de vie, vos cartouches ont encore une utilit\u00e9 : d\u00e9posez-les dans le container (r\u00e9f\u00e9rence : 2.157.879). <\/p>\n<p>Soyez fier de partager vos impressions !<\/p>\n<p>> Garantie 2 ans*<\/p>","protected":false},"excerpt":{"rendered":"<p>Des r\u00e9sultats pr\u00e9cis et des couleurs riches : cette cartouche de toner Brother va vous inspirer ! Les cartouches de toner, v\u00e9ritables alli\u00e9es de l&rsquo;environnement de bureau d&rsquo;aujourd&rsquo;hui, sont un incontournable que l&rsquo;on ne saurait n\u00e9gliger. Avec Brothe<\/p>","protected":false},"featured_media":30712,"comment_status":"open","ping_status":"closed","template":"","meta":[],"product_brand":[],"product_cat":[137],"product_tag":[],"class_list":{"0":"post-30713","1":"product","2":"type-product","3":"status-publish","4":"has-post-thumbnail","6":"product_cat-article-offic","8":"first","9":"instock","10":"shipping-taxable","11":"purchasable","12":"product-type-simple"},"_links":{"self":[{"href":"https:\/\/topprixsarl.ch\/de\/wp-json\/wp\/v2\/product\/30713","targetHints":{"allow":["GET"]}}],"collection":[{"href":"https:\/\/topprixsarl.ch\/de\/wp-json\/wp\/v2\/product"}],"about":[{"href":"https:\/\/topprixsarl.ch\/de\/wp-json\/wp\/v2\/types\/product"}],"replies":[{"embeddable":true,"href":"https:\/\/topprixsarl.ch\/de\/wp-json\/wp\/v2\/comments?post=30713"}],"version-history":[{"count":3,"href":"https:\/\/topprixsarl.ch\/de\/wp-json\/wp\/v2\/product\/30713\/revisions"}],"predecessor-version":[{"id":33305,"href":"https:\/\/topprixsarl.ch\/de\/wp-json\/wp\/v2\/product\/30713\/revisions\/33305"}],"wp:featuredmedia":[{"embeddable":true,"href":"https:\/\/topprixsarl.ch\/de\/wp-json\/wp\/v2\/media\/30712"}],"wp:attachment":[{"href":"https:\/\/topprixsarl.ch\/de\/wp-json\/wp\/v2\/media?parent=30713"}],"wp:term":[{"taxonomy":"product_brand","embeddable":true,"href":"https:\/\/topprixsarl.ch\/de\/wp-json\/wp\/v2\/product_brand?post=30713"},{"taxonomy":"product_cat","embeddable":true,"href":"https:\/\/topprixsarl.ch\/de\/wp-json\/wp\/v2\/product_cat?post=30713"},{"taxonomy":"product_tag","embeddable":true,"href":"https:\/\/topprixsarl.ch\/de\/wp-json\/wp\/v2\/product_tag?post=30713"}],"curies":[{"name":"wp","href":"https:\/\/api.w.org\/{rel}","templated":true}]}}