{"id":30689,"date":"2026-01-09T14:02:37","date_gmt":"2026-01-09T14:02:37","guid":{"rendered":"https:\/\/topprixsarl.ch\/product\/gel-nettoyant-wc-flacon-de-750-ml\/"},"modified":"2026-01-14T14:20:14","modified_gmt":"2026-01-14T14:20:14","slug":"gel-nettoyant-wc-flacon-de-750-ml","status":"publish","type":"product","link":"https:\/\/topprixsarl.ch\/de\/product\/gel-nettoyant-wc-flacon-de-750-ml\/","title":{"rendered":"WC-Reinigungsgel - 750 ml Flasche"},"content":{"rendered":"<p>**For\u00eats de pins dans vos toilettes**<\/p>\n<p>L&rsquo;odeur du pin frais combat les odeurs d\u00e9sagr\u00e9ables, laissant une atmosph\u00e8re agr\u00e9able pour se d\u00e9tendre.<\/p>\n<p>+ Flacon ergonomique avec bec verseur incurv\u00e9 pour une application facile sous le rebord de la cuvette.<\/p>\n<p>+ Formule dure qui nettoie m\u00eame le WC, en \u00e9liminant toute trace de calcaire et le rendant comme neuf.<\/p>\n<p>+ Efficace : une petite cuiller\u00e9e suffit pour enlever les taches de salet\u00e9 s\u00e9rieuses &#8211; ce flacon de 750 ml en vaut la peine.<\/p>\n<p>+ Composition 100% d&rsquo;ingr\u00e9dients d&rsquo;origine v\u00e9g\u00e9tale, totalement respectueux de l&rsquo;environnement.<\/p>\n<p>+ Soutenu par un label \u00e9cologique de l&rsquo;UE !<\/p>\n<p>Assurez-vous que vos toilettes sont propres !<\/p>\n<p>* 12 bouteilles\/carton<br \/>\n* 65 cartons\/palette (=780 bouteilles\/palette) <\/p>\n<p>Produit dangereux. Respecter les pr\u00e9cautions d\u2019emploi indiqu\u00e9es sur la fiche de donn\u00e9es de s\u00e9curit\u00e9.<\/p>","protected":false},"excerpt":{"rendered":"<p>For\u00eats de pins dans vos toilettes L&rsquo;odeur du pin frais combat les odeurs d\u00e9sagr\u00e9ables, laissant une atmosph\u00e8re agr\u00e9able pour se d\u00e9tendre. Le flacon ergonomique de ce produit poss\u00e8de un bec verseur incurv\u00e9 qui permet d&rsquo;appliquer le liquide directement<\/p>","protected":false},"featured_media":30688,"comment_status":"open","ping_status":"closed","template":"","meta":[],"product_brand":[],"product_cat":[142],"product_tag":[],"class_list":{"0":"post-30689","1":"product","2":"type-product","3":"status-publish","4":"has-post-thumbnail","6":"product_cat-entretien","8":"first","9":"instock","10":"shipping-taxable","11":"purchasable","12":"product-type-simple"},"_links":{"self":[{"href":"https:\/\/topprixsarl.ch\/de\/wp-json\/wp\/v2\/product\/30689","targetHints":{"allow":["GET"]}}],"collection":[{"href":"https:\/\/topprixsarl.ch\/de\/wp-json\/wp\/v2\/product"}],"about":[{"href":"https:\/\/topprixsarl.ch\/de\/wp-json\/wp\/v2\/types\/product"}],"replies":[{"embeddable":true,"href":"https:\/\/topprixsarl.ch\/de\/wp-json\/wp\/v2\/comments?post=30689"}],"version-history":[{"count":2,"href":"https:\/\/topprixsarl.ch\/de\/wp-json\/wp\/v2\/product\/30689\/revisions"}],"predecessor-version":[{"id":32676,"href":"https:\/\/topprixsarl.ch\/de\/wp-json\/wp\/v2\/product\/30689\/revisions\/32676"}],"wp:featuredmedia":[{"embeddable":true,"href":"https:\/\/topprixsarl.ch\/de\/wp-json\/wp\/v2\/media\/30688"}],"wp:attachment":[{"href":"https:\/\/topprixsarl.ch\/de\/wp-json\/wp\/v2\/media?parent=30689"}],"wp:term":[{"taxonomy":"product_brand","embeddable":true,"href":"https:\/\/topprixsarl.ch\/de\/wp-json\/wp\/v2\/product_brand?post=30689"},{"taxonomy":"product_cat","embeddable":true,"href":"https:\/\/topprixsarl.ch\/de\/wp-json\/wp\/v2\/product_cat?post=30689"},{"taxonomy":"product_tag","embeddable":true,"href":"https:\/\/topprixsarl.ch\/de\/wp-json\/wp\/v2\/product_tag?post=30689"}],"curies":[{"name":"wp","href":"https:\/\/api.w.org\/{rel}","templated":true}]}}