{"id":30685,"date":"2026-01-09T14:01:50","date_gmt":"2026-01-09T14:01:50","guid":{"rendered":"https:\/\/topprixsarl.ch\/product\/stylo-bille-papermate-inkjoy-100-rt-retractable-pointe-moyenne-bleu-par-100\/"},"modified":"2026-01-14T14:20:15","modified_gmt":"2026-01-14T14:20:15","slug":"stylo-bille-papermate-inkjoy-100-rt-retractable-pointe-moyenne-bleu-par-100","status":"publish","type":"product","link":"https:\/\/topprixsarl.ch\/de\/product\/stylo-bille-papermate-inkjoy-100-rt-retractable-pointe-moyenne-bleu-par-100\/","title":{"rendered":"Stylo bille Papermate Inkjoy 100 RT r\u00e9tractable pointe moyenne &#8211; bleu &#8211; par 100"},"content":{"rendered":"<p>Un must pour le bureau<\/p>\n<p>Le stylo \u00e0 bille est l\u2019instrument indispensable de tout employ\u00e9 de bureau. R\u00e9diger un rapport, remplir un agenda ou signer un contrat &#8211; tout cela est impossible sans un stylo \u00e0 bille. <\/p>\n<p>Paper Mate propose un set de stylos \u00e0 bille id\u00e9al pour ceux qui l\u2019utilisent quotidiennement. <\/p>\n<p>+ Encre de nouvelle g\u00e9n\u00e9ration pour une \u00e9criture fluide et pr\u00e9cise. <\/p>\n<p>+ Encre p\u00e2teuse qui le distingue des autres stylos \u00e0 bille. <\/p>\n<p>+ Texture ultra-douce pour un texte clair et net. <\/p>\n<p>+ S\u00e9chage instantan\u00e9 pour \u00e9viter toute trace. <\/p>\n<p>+ Fini les fuites, vous \u00eates prot\u00e9g\u00e9 des taches disgracieuses. <\/p>\n<p>+ Corps translucide teint\u00e9, ergonomique et adapt\u00e9 aux droitiers comme aux gauchers. <\/p>\n<p>Choisissez les meilleurs instruments pour votre bureau!<\/p>","protected":false},"excerpt":{"rendered":"<p>Un must pour le bureau Le stylo \u00e0 bille est l\u2019instrument indispensable de tout employ\u00e9 de bureau. R\u00e9diger un rapport, remplir un agenda ou signer un contact &#8211; tout cela est impossible sans un stylo \u00e0 bille. Paper Mate propose un set de stylos \u00e0 bille<\/p>","protected":false},"featured_media":30684,"comment_status":"open","ping_status":"closed","template":"","meta":[],"product_brand":[],"product_cat":[137],"product_tag":[],"class_list":{"0":"post-30685","1":"product","2":"type-product","3":"status-publish","4":"has-post-thumbnail","6":"product_cat-papier","8":"first","9":"instock","10":"shipping-taxable","11":"purchasable","12":"product-type-simple"},"_links":{"self":[{"href":"https:\/\/topprixsarl.ch\/de\/wp-json\/wp\/v2\/product\/30685","targetHints":{"allow":["GET"]}}],"collection":[{"href":"https:\/\/topprixsarl.ch\/de\/wp-json\/wp\/v2\/product"}],"about":[{"href":"https:\/\/topprixsarl.ch\/de\/wp-json\/wp\/v2\/types\/product"}],"replies":[{"embeddable":true,"href":"https:\/\/topprixsarl.ch\/de\/wp-json\/wp\/v2\/comments?post=30685"}],"version-history":[{"count":2,"href":"https:\/\/topprixsarl.ch\/de\/wp-json\/wp\/v2\/product\/30685\/revisions"}],"predecessor-version":[{"id":32672,"href":"https:\/\/topprixsarl.ch\/de\/wp-json\/wp\/v2\/product\/30685\/revisions\/32672"}],"wp:featuredmedia":[{"embeddable":true,"href":"https:\/\/topprixsarl.ch\/de\/wp-json\/wp\/v2\/media\/30684"}],"wp:attachment":[{"href":"https:\/\/topprixsarl.ch\/de\/wp-json\/wp\/v2\/media?parent=30685"}],"wp:term":[{"taxonomy":"product_brand","embeddable":true,"href":"https:\/\/topprixsarl.ch\/de\/wp-json\/wp\/v2\/product_brand?post=30685"},{"taxonomy":"product_cat","embeddable":true,"href":"https:\/\/topprixsarl.ch\/de\/wp-json\/wp\/v2\/product_cat?post=30685"},{"taxonomy":"product_tag","embeddable":true,"href":"https:\/\/topprixsarl.ch\/de\/wp-json\/wp\/v2\/product_tag?post=30685"}],"curies":[{"name":"wp","href":"https:\/\/api.w.org\/{rel}","templated":true}]}}