{"id":30681,"date":"2026-01-09T14:01:20","date_gmt":"2026-01-09T14:01:20","guid":{"rendered":"https:\/\/topprixsarl.ch\/product\/corbeille-a-courrier-exacompta-combo-maxi-format-noire\/"},"modified":"2026-01-14T14:20:15","modified_gmt":"2026-01-14T14:20:15","slug":"corbeille-a-courrier-exacompta-combo-maxi-format-noire","status":"publish","type":"product","link":"https:\/\/topprixsarl.ch\/de\/product\/corbeille-a-courrier-exacompta-combo-maxi-format-noire\/","title":{"rendered":"Corbeille \u00e0 courrier Exacompta Combo &#8211; maxi format &#8211; noire"},"content":{"rendered":"<p>Une corbeille \u00e0 courrier efficace pour les professionnels<\/p>\n<p>Certaines professions n\u00e9cessitent de traiter quotidiennement des tonnes de documents. Ainsi, il est toujours possible d&rsquo;\u00eatre submerg\u00e9 par le d\u00e9sordre et de perdre quelque chose d&rsquo;important. L&rsquo;organisation et le tri sont cruciaux car ils vous aident \u00e0 \u00e9viter un tel probl\u00e8me.<\/p>\n<p>La corbeille \u00e0 courrier Biella sera extr\u00eamement utile dans un bureau au rythme tr\u00e9pidant. Elle contient du papier jusqu&rsquo;au format A4, de sorte que m\u00eame les gros documents ne posent plus de probl\u00e8me de stockage.<\/p>\n<p>+ Certificat Blue Angel obtenu gr\u00e2ce \u00e0 sa fabrication \u00e0 partir de bouteilles de jus de fruits 100% recycl\u00e9es. <\/p>\n<p>En achetant ce produit, vous contribuez de mani\u00e8re significative \u00e0 une production respectueuse de l&rsquo;environnement, ce qui aide \u00e0 r\u00e9duire la pollution.<\/p>\n<p>+ Robuste et stable <\/p>\n<p>+ Design moderne et \u00e9l\u00e9gant <\/p>\n<p>Cette corbeille \u00e0 courrier compl\u00e8te ainsi parfaitement n&rsquo;importe quelle armoire avec la possibilit\u00e9 d&rsquo;ajouter d&rsquo;autres \u00e9l\u00e9ments pour plus de stockage : vous pouvez l&rsquo;associer et l&rsquo;assortir \u00e0 d&rsquo;autres tailles et couleurs pour cr\u00e9er votre syst\u00e8me de classement id\u00e9al. <\/p>\n<p>+ Empilable verticalement ou en quinconce <\/p>\n<p>Prenez le contr\u00f4le de tous vos papiers et documents !<\/p>\n<p>> Garantie 25 ans<\/p>","protected":false},"excerpt":{"rendered":"<p>Une corbeille \u00e0 courrier efficace pour les professionnels Certaines professions n\u00e9cessitent de traiter quotidiennement des tonnes de documents. Ainsi, il est toujours possible d&rsquo;\u00eatre submerg\u00e9 par le d\u00e9sordre et de perdre quelque chose d&rsquo;important. L&rsquo;<\/p>","protected":false},"featured_media":30680,"comment_status":"open","ping_status":"closed","template":"","meta":[],"product_brand":[],"product_cat":[137],"product_tag":[],"class_list":{"0":"post-30681","1":"product","2":"type-product","3":"status-publish","4":"has-post-thumbnail","6":"product_cat-article-offic","8":"first","9":"instock","10":"shipping-taxable","11":"purchasable","12":"product-type-simple"},"_links":{"self":[{"href":"https:\/\/topprixsarl.ch\/de\/wp-json\/wp\/v2\/product\/30681","targetHints":{"allow":["GET"]}}],"collection":[{"href":"https:\/\/topprixsarl.ch\/de\/wp-json\/wp\/v2\/product"}],"about":[{"href":"https:\/\/topprixsarl.ch\/de\/wp-json\/wp\/v2\/types\/product"}],"replies":[{"embeddable":true,"href":"https:\/\/topprixsarl.ch\/de\/wp-json\/wp\/v2\/comments?post=30681"}],"version-history":[{"count":2,"href":"https:\/\/topprixsarl.ch\/de\/wp-json\/wp\/v2\/product\/30681\/revisions"}],"predecessor-version":[{"id":32670,"href":"https:\/\/topprixsarl.ch\/de\/wp-json\/wp\/v2\/product\/30681\/revisions\/32670"}],"wp:featuredmedia":[{"embeddable":true,"href":"https:\/\/topprixsarl.ch\/de\/wp-json\/wp\/v2\/media\/30680"}],"wp:attachment":[{"href":"https:\/\/topprixsarl.ch\/de\/wp-json\/wp\/v2\/media?parent=30681"}],"wp:term":[{"taxonomy":"product_brand","embeddable":true,"href":"https:\/\/topprixsarl.ch\/de\/wp-json\/wp\/v2\/product_brand?post=30681"},{"taxonomy":"product_cat","embeddable":true,"href":"https:\/\/topprixsarl.ch\/de\/wp-json\/wp\/v2\/product_cat?post=30681"},{"taxonomy":"product_tag","embeddable":true,"href":"https:\/\/topprixsarl.ch\/de\/wp-json\/wp\/v2\/product_tag?post=30681"}],"curies":[{"name":"wp","href":"https:\/\/api.w.org\/{rel}","templated":true}]}}