{"id":30675,"date":"2026-01-09T14:00:36","date_gmt":"2026-01-09T14:00:36","guid":{"rendered":"https:\/\/topprixsarl.ch\/product\/marqueur-tableau-blanc-bic-velleda-pocket-pointe-ogive-moyenne-4-coloris\/"},"modified":"2026-01-14T14:20:15","modified_gmt":"2026-01-14T14:20:15","slug":"marqueur-tableau-blanc-bic-velleda-pocket-pointe-ogive-moyenne-4-coloris","status":"publish","type":"product","link":"https:\/\/topprixsarl.ch\/de\/product\/marqueur-tableau-blanc-bic-velleda-pocket-pointe-ogive-moyenne-4-coloris\/","title":{"rendered":"Marqueur tableau blanc Bic Velleda Pocket &#8211; pointe ogive moyenne &#8211; 4 coloris"},"content":{"rendered":"<p>Pour conf\u00e9rer une certaine classe \u00e0 votre \u00e9criture manuscrite, lors d&rsquo;un brainstorming avec des coll\u00e8gues, il n&rsquo;est pas rare que quelqu&rsquo;un ait une id\u00e9e subite ou une \u00e9tincelle. Il est alors temps de les noter avec le marqueur pour tableaux de la marque Bic. <\/p>\n<p>+ Couleurs intenses qui \u00e9pousent bien la forme de la main<br \/>\n+ \u00c9criture magnifiquement captur\u00e9e et toujours lisible<br \/>\n+ Pointe ogive, un v\u00e9ritable classique  <\/p>\n<p>Avec ces marqueurs pour tableaux, vous avez le choix entre les couleurs noir, bleu, rouge et vert. Il est recommand\u00e9 d&rsquo;utiliser cet article sur le tableau blanc. <\/p>\n<p>Qu&rsquo;en est-il de votre instrument d&rsquo;\u00e9criture? Glisse-t-il correctement ou bien gratte-t-il d\u00e9j\u00e0? <\/p>\n<p>+ Glisse sur la surface comme par magie<br \/>\n+ R\u00e9sultat intense et durable en termes de couleurs  <\/p>\n<p>Cet accessoire polyvalent s&rsquo;adapte parfaitement \u00e0 la forme de votre main. Vous pouvez ainsi travailler sur les d\u00e9tails avec doigt\u00e9. <\/p>\n<p>+ Couleur uniform\u00e9ment r\u00e9partie et intensit\u00e9 convaincante<br \/>\n+ Lignes expressives en s\u00e9rie  <\/p>\n<p>Commandez cet ustensile d\u00e8s aujourd&rsquo;hui!<\/p>","protected":false},"excerpt":{"rendered":"<p>Pour conf\u00e9rer une certaine classe \u00e0 votre \u00e9criture manuscrite Lors d&rsquo;un brainstorming avec des coll\u00e8gues, il n&rsquo;est pas rare que quelqu&rsquo;un ait une id\u00e9e subite ou une \u00e9tincelle. Il est alors temps de les noter avec le marqueur pour tableaux de la marqu<\/p>","protected":false},"featured_media":30674,"comment_status":"open","ping_status":"closed","template":"","meta":[],"product_brand":[],"product_cat":[137],"product_tag":[],"class_list":{"0":"post-30675","1":"product","2":"type-product","3":"status-publish","4":"has-post-thumbnail","6":"product_cat-article-offic","8":"first","9":"instock","10":"shipping-taxable","11":"purchasable","12":"product-type-simple"},"_links":{"self":[{"href":"https:\/\/topprixsarl.ch\/de\/wp-json\/wp\/v2\/product\/30675","targetHints":{"allow":["GET"]}}],"collection":[{"href":"https:\/\/topprixsarl.ch\/de\/wp-json\/wp\/v2\/product"}],"about":[{"href":"https:\/\/topprixsarl.ch\/de\/wp-json\/wp\/v2\/types\/product"}],"replies":[{"embeddable":true,"href":"https:\/\/topprixsarl.ch\/de\/wp-json\/wp\/v2\/comments?post=30675"}],"version-history":[{"count":2,"href":"https:\/\/topprixsarl.ch\/de\/wp-json\/wp\/v2\/product\/30675\/revisions"}],"predecessor-version":[{"id":32667,"href":"https:\/\/topprixsarl.ch\/de\/wp-json\/wp\/v2\/product\/30675\/revisions\/32667"}],"wp:featuredmedia":[{"embeddable":true,"href":"https:\/\/topprixsarl.ch\/de\/wp-json\/wp\/v2\/media\/30674"}],"wp:attachment":[{"href":"https:\/\/topprixsarl.ch\/de\/wp-json\/wp\/v2\/media?parent=30675"}],"wp:term":[{"taxonomy":"product_brand","embeddable":true,"href":"https:\/\/topprixsarl.ch\/de\/wp-json\/wp\/v2\/product_brand?post=30675"},{"taxonomy":"product_cat","embeddable":true,"href":"https:\/\/topprixsarl.ch\/de\/wp-json\/wp\/v2\/product_cat?post=30675"},{"taxonomy":"product_tag","embeddable":true,"href":"https:\/\/topprixsarl.ch\/de\/wp-json\/wp\/v2\/product_tag?post=30675"}],"curies":[{"name":"wp","href":"https:\/\/api.w.org\/{rel}","templated":true}]}}